{"id":31181,"date":"2022-02-09T10:10:52","date_gmt":"2022-02-09T10:10:52","guid":{"rendered":"https:\/\/gastplatsgranna.se\/food-and-drink\/"},"modified":"2025-05-28T13:28:53","modified_gmt":"2025-05-28T13:28:53","slug":"food-and-drink","status":"publish","type":"page","link":"https:\/\/gastplatsgranna.se\/en\/food-and-drink\/","title":{"rendered":"Food and drink"},"content":{"rendered":"<p>[et_pb_section fb_built=&#8221;1&#8243; _builder_version=&#8221;4.16&#8243; _module_preset=&#8221;default&#8221; use_background_color_gradient=&#8221;on&#8221; background_color_gradient_direction=&#8221;90deg&#8221; background_color_gradient_stops=&#8221;rgba(255,255,255,0) 50%|#ffffff 50%&#8221; background_color_gradient_overlays_image=&#8221;on&#8221; background_color_gradient_start=&#8221;rgba(255,255,255,0)&#8221; background_color_gradient_start_position=&#8221;50%&#8221; background_color_gradient_end=&#8221;#ffffff&#8221; background_color_gradient_end_position=&#8221;50%&#8221; background_image=&#8221;https:\/\/gastplatsgranna.se\/wp-content\/uploads\/2022\/03\/Hannas-Kok-01.jpg&#8221; custom_margin=&#8221;0px||||false|false&#8221; custom_padding=&#8221;0px||75px||false|false&#8221; background_last_edited=&#8221;on|desktop&#8221; use_background_color_gradient_tablet=&#8221;on&#8221; background_color_gradient_stops_tablet=&#8221;#d8dfe9 50%|#ffffff 50%&#8221; background_color_gradient_start_tablet=&#8221;#d8dfe9&#8243; background_enable_image_tablet=&#8221;off&#8221; background_enable_image_phone=&#8221;off&#8221; global_colors_info=&#8221;{}&#8221;][et_pb_row use_custom_gutter=&#8221;on&#8221; gutter_width=&#8221;2&#8243; admin_label=&#8221;Blurb section #1&#8243; _builder_version=&#8221;4.16&#8243; _module_preset=&#8221;default&#8221; background_color=&#8221;#FFFFFF&#8221; global_colors_info=&#8221;{}&#8221;][et_pb_column type=&#8221;4_4&#8243; _builder_version=&#8221;4.16&#8243; _module_preset=&#8221;default&#8221; global_colors_info=&#8221;{}&#8221;][et_pb_text _builder_version=&#8221;4.16&#8243; _module_preset=&#8221;default&#8221; header_2_text_color=&#8221;#FFFFFF&#8221; header_2_font_size=&#8221;32px&#8221; background_color=&#8221;#022831&#8243; max_width=&#8221;35%&#8221; max_width_tablet=&#8221;85%&#8221; max_width_phone=&#8221;100%&#8221; max_width_last_edited=&#8221;on|phone&#8221; module_alignment=&#8221;center&#8221; custom_padding=&#8221;10px||||false|false&#8221; box_shadow_style=&#8221;preset4&#8243; global_colors_info=&#8221;{}&#8221;]<\/p>\n<h2 style=\"text-align: center;\">Food and drink<\/h2>\n<p>[\/et_pb_text][et_pb_text _builder_version=&#8221;4.16&#8243; _module_preset=&#8221;default&#8221; custom_padding=&#8221;20px|20px|20px|20px|false|true&#8221; locked=&#8221;off&#8221; global_colors_info=&#8221;{}&#8221;]<\/p>\n<p style=\"text-align: center;\"><span style=\"font-size: large;\">Here are our recommendations for great lunches, dinners and snacks.<\/span><\/p>\n<p style=\"text-align: center;\"><em><span style=\"font-size: large;\">Click on the images to go to the website of each restaurant.<\/span><\/em><\/p>\n<p>[\/et_pb_text][\/et_pb_column][\/et_pb_row][et_pb_row column_structure=&#8221;1_3,1_3,1_3&#8243; use_custom_gutter=&#8221;on&#8221; gutter_width=&#8221;2&#8243; admin_label=&#8221;Row&#8221; _builder_version=&#8221;4.16&#8243; _module_preset=&#8221;default&#8221; global_colors_info=&#8221;{}&#8221;][et_pb_column type=&#8221;1_3&#8243; _builder_version=&#8221;4.16&#8243; _module_preset=&#8221;default&#8221; global_colors_info=&#8221;{}&#8221;][et_pb_blurb title=&#8221;Port of Gr\u00e4nna&#8221; image=&#8221;https:\/\/gastplatsgranna.se\/wp-content\/uploads\/2022\/03\/photo4jpg.jpg&#8221; image_icon_width=&#8221;100%&#8221; admin_label=&#8221;Section #1 Blurb #1&#8243; _builder_version=&#8221;4.16&#8243; _module_preset=&#8221;default&#8221; header_level=&#8221;h5&#8243; header_font=&#8221;|600|||||||&#8221; header_text_color=&#8221;#022831&#8243; header_font_size=&#8221;26px&#8221; body_text_color=&#8221;#04566E&#8221; body_font_size=&#8221;18px&#8221; background_color=&#8221;#FFFFFF&#8221; image_icon_custom_margin=&#8221;||||true|true&#8221; image_icon_custom_padding=&#8221;||||true|true&#8221; text_orientation=&#8221;center&#8221; custom_padding=&#8221;15px|15px|15px|15px|true|true&#8221; link_option_url=&#8221;https:\/\/www.grennahamnkrog.se\/&#8221; link_option_url_new_window=&#8221;on&#8221; box_shadow_style=&#8221;preset1&#8243; global_colors_info=&#8221;{}&#8221;]<\/p>\n<p><strong>The harbor tavern<\/strong><\/p>\n<p>Hamnkrogen is nicely located in Gr\u00e4nna Harbor with a view of V\u00e4ttern, Visings\u00f6 and the ferry port. We serve delicious and well-prepared food in a relaxed and friendly environment.<\/p>\n<p>[\/et_pb_blurb][\/et_pb_column][et_pb_column type=&#8221;1_3&#8243; _builder_version=&#8221;4.16&#8243; _module_preset=&#8221;default&#8221; global_colors_info=&#8221;{}&#8221;][et_pb_blurb title=&#8221;Smokehouse&#8221; image=&#8221;https:\/\/gastplatsgranna.se\/wp-content\/uploads\/2022\/03\/IMG_1969_JPEG.jpeg&#8221; image_icon_width=&#8221;100%&#8221; admin_label=&#8221;Section #1 Blurb #2&#8243; _builder_version=&#8221;4.24.2&#8243; _module_preset=&#8221;default&#8221; header_level=&#8221;h5&#8243; header_font=&#8221;|600|||||||&#8221; header_text_color=&#8221;#022831&#8243; header_font_size=&#8221;26px&#8221; body_text_color=&#8221;#04566E&#8221; body_font_size=&#8221;18px&#8221; background_color=&#8221;#FFFFFF&#8221; image_icon_custom_margin=&#8221;||||true|true&#8221; image_icon_custom_padding=&#8221;||||true|true&#8221; text_orientation=&#8221;center&#8221; custom_padding=&#8221;15px|15px|15px|15px|true|true&#8221; link_option_url=&#8221;https:\/\/www.hamnrokeriet.se\/&#8221; link_option_url_new_window=&#8221;on&#8221; hover_enabled=&#8221;0&#8243; box_shadow_style=&#8221;preset1&#8243; global_colors_info=&#8221;{}&#8221; sticky_enabled=&#8221;0&#8243;]<\/p>\n<p><strong>Grain distillery<\/strong><\/p>\n<p><span>We are located next to Hamnkrogen in Gr\u00e4nna and offer smoked fish, batters, sauces, baguettes and plates during the summer season.<\/span><\/p>\n<p>[\/et_pb_blurb][\/et_pb_column][et_pb_column type=&#8221;1_3&#8243; _builder_version=&#8221;4.16&#8243; _module_preset=&#8221;default&#8221; global_colors_info=&#8221;{}&#8221;][et_pb_blurb title=&#8221;Basement vault&#8221; image=&#8221;https:\/\/gastplatsgranna.se\/wp-content\/uploads\/2022\/03\/banner.jpg&#8221; image_icon_width=&#8221;100%&#8221; admin_label=&#8221;Section #1 Blurb #3&#8243; _builder_version=&#8221;4.24.2&#8243; _module_preset=&#8221;default&#8221; header_level=&#8221;h5&#8243; header_font=&#8221;|600|||||||&#8221; header_text_color=&#8221;#022831&#8243; header_font_size=&#8221;26px&#8221; body_text_color=&#8221;#04566E&#8221; body_font_size=&#8221;18px&#8221; background_color=&#8221;#FFFFFF&#8221; image_icon_custom_margin=&#8221;||||true|true&#8221; image_icon_custom_padding=&#8221;||||true|true&#8221; text_orientation=&#8221;center&#8221; custom_padding=&#8221;15px|15px|15px|15px|true|true&#8221; link_option_url=&#8221;https:\/\/www.restaurangvalvet.se\/&#8221; link_option_url_new_window=&#8221;on&#8221; hover_enabled=&#8221;0&#8243; box_shadow_style=&#8221;preset1&#8243; global_colors_info=&#8221;{}&#8221; sticky_enabled=&#8221;0&#8243;]<\/p>\n<p><strong>Restaurant Valvet<\/strong><\/p>\n<p><span>Located in the heart of Gr\u00e4nna in a basement vault dating back to the late 17th century. We wanted to create a place where our guests feel welcome, seen and can enjoy a good, well-prepared dinner.<\/span><\/p>\n<p>[\/et_pb_blurb][\/et_pb_column][\/et_pb_row][et_pb_row column_structure=&#8221;1_3,1_3,1_3&#8243; use_custom_gutter=&#8221;on&#8221; gutter_width=&#8221;2&#8243; admin_label=&#8221;Row&#8221; _builder_version=&#8221;4.16&#8243; _module_preset=&#8221;default&#8221; global_colors_info=&#8221;{}&#8221;][et_pb_column type=&#8221;1_3&#8243; _builder_version=&#8221;4.16&#8243; _module_preset=&#8221;default&#8221; global_colors_info=&#8221;{}&#8221;][et_pb_blurb title=&#8221;Traditional Restaurant&#8221; image=&#8221;https:\/\/gastplatsgranna.se\/wp-content\/uploads\/2022\/03\/gylleneuttern2016_janajulian1440.jpg&#8221; image_icon_width=&#8221;100%&#8221; admin_label=&#8221;Section #1 Blurb #4&#8243; _builder_version=&#8221;4.16&#8243; _module_preset=&#8221;default&#8221; header_level=&#8221;h5&#8243; header_font=&#8221;|600|||||||&#8221; header_text_color=&#8221;#022831&#8243; header_font_size=&#8221;26px&#8221; body_text_color=&#8221;#04566E&#8221; body_font_size=&#8221;18px&#8221; background_color=&#8221;#FFFFFF&#8221; image_icon_custom_margin=&#8221;||||true|true&#8221; image_icon_custom_padding=&#8221;||||true|true&#8221; text_orientation=&#8221;center&#8221; custom_padding=&#8221;15px|15px|15px|15px|true|true&#8221; link_option_url=&#8221;https:\/\/gylleneuttern.se\/&#8221; link_option_url_new_window=&#8221;on&#8221; box_shadow_style=&#8221;preset1&#8243; global_colors_info=&#8221;{}&#8221;]<\/p>\n<p><strong>Golden Otter<\/strong><\/p>\n<p><span>  From the rustic castle to magnificent paintings, sparkling chandeliers, and classic knightly gear. Here you will find a high-quality restaurant and genuine hospitality.<\/span><\/p>\n<p>[\/et_pb_blurb][\/et_pb_column][et_pb_column type=&#8221;1_3&#8243; _builder_version=&#8221;4.16&#8243; _module_preset=&#8221;default&#8221; global_colors_info=&#8221;{}&#8221;][et_pb_blurb title=&#8221;Pizzeria&#8221; image=&#8221;https:\/\/gastplatsgranna.se\/wp-content\/uploads\/2022\/03\/utsidan-mot-gatan.jpg&#8221; image_icon_width=&#8221;100%&#8221; admin_label=&#8221;Section #1 Blurb #5&#8243; _builder_version=&#8221;4.16&#8243; _module_preset=&#8221;default&#8221; header_level=&#8221;h5&#8243; header_font=&#8221;|600|||||||&#8221; header_text_color=&#8221;#022831&#8243; header_font_size=&#8221;26px&#8221; body_text_color=&#8221;#04566E&#8221; body_font_size=&#8221;18px&#8221; background_color=&#8221;#FFFFFF&#8221; image_icon_custom_margin=&#8221;||||true|true&#8221; image_icon_custom_padding=&#8221;||||true|true&#8221; text_orientation=&#8221;center&#8221; custom_padding=&#8221;15px|15px|15px|15px|true|true&#8221; link_option_url=&#8221;https:\/\/macandreecom.wordpress.com\/&#8221; link_option_url_new_window=&#8221;on&#8221; box_shadow_style=&#8221;preset1&#8243; global_colors_info=&#8221;{}&#8221;]<\/p>\n<p><strong>Mac Andr\u00e9e<\/strong><span><\/span><\/p>\n<p><span style=\"font-family: inherit;\">Since 2010, Grennabaren Mac Andr\u00e9e has delivered pizza, home cooking and hamburgers.<\/span><br \/><span style=\"font-family: inherit;\">Choose to take your food with you, or why not sit down in the backyard where we open the outdoor seating during the summer.<\/span><\/p>\n<p>[\/et_pb_blurb][\/et_pb_column][et_pb_column type=&#8221;1_3&#8243; _builder_version=&#8221;4.16&#8243; _module_preset=&#8221;default&#8221; global_colors_info=&#8221;{}&#8221;][et_pb_blurb title=&#8221;Port of Gr\u00e4nna&#8221; image=&#8221;https:\/\/gastplatsgranna.se\/wp-content\/uploads\/2022\/03\/image-asset2.jpeg&#8221; image_icon_width=&#8221;100%&#8221; admin_label=&#8221;Section #1 Blurb #6&#8243; _builder_version=&#8221;4.16&#8243; _module_preset=&#8221;default&#8221; header_level=&#8221;h5&#8243; header_font=&#8221;|600|||||||&#8221; header_text_color=&#8221;#022831&#8243; header_font_size=&#8221;26px&#8221; body_text_color=&#8221;#04566E&#8221; body_font_size=&#8221;18px&#8221; background_color=&#8221;#FFFFFF&#8221; image_icon_custom_margin=&#8221;||||true|true&#8221; image_icon_custom_padding=&#8221;||||true|true&#8221; text_orientation=&#8221;center&#8221; custom_padding=&#8221;15px|15px|15px|15px|true|true&#8221; link_option_url=&#8221;https:\/\/www.pirkro.se\/&#8221; link_option_url_new_window=&#8221;on&#8221; box_shadow_style=&#8221;preset1&#8243; global_colors_info=&#8221;{}&#8221;]<\/p>\n<p><strong>Pir Kro<\/strong><\/p>\n<p>Pir Kro is beautifully situated on the waterfront in the port of Gr\u00e4nna. We serve tasty and well-prepared food and there is a lot to choose from. We serve everything from fish from the clear waters of Lake V\u00e4ttern to crispy pizzas.<strong><\/strong><\/p>\n<p><strong><\/strong><\/p>\n<p>[\/et_pb_blurb][\/et_pb_column][\/et_pb_row][et_pb_row column_structure=&#8221;1_3,1_3,1_3&#8243; use_custom_gutter=&#8221;on&#8221; gutter_width=&#8221;2&#8243; admin_label=&#8221;Row&#8221; _builder_version=&#8221;4.16&#8243; _module_preset=&#8221;default&#8221; global_colors_info=&#8221;{}&#8221;][et_pb_column type=&#8221;1_3&#8243; _builder_version=&#8221;4.16&#8243; _module_preset=&#8221;default&#8221; global_colors_info=&#8221;{}&#8221;][et_pb_blurb title=&#8221;50s fika&#8221; image=&#8221;https:\/\/gastplatsgranna.se\/wp-content\/uploads\/2022\/03\/Fiket-Granna.jpg&#8221; image_icon_width=&#8221;100%&#8221; admin_label=&#8221;Section #1 Blurb #4&#8243; _builder_version=&#8221;4.16&#8243; _module_preset=&#8221;default&#8221; header_level=&#8221;h5&#8243; header_font=&#8221;|600|||||||&#8221; header_text_color=&#8221;#022831&#8243; header_font_size=&#8221;26px&#8221; body_text_color=&#8221;#04566E&#8221; body_font_size=&#8221;18px&#8221; background_color=&#8221;#FFFFFF&#8221; image_icon_custom_margin=&#8221;||||true|true&#8221; image_icon_custom_padding=&#8221;||||true|true&#8221; text_orientation=&#8221;center&#8221; custom_padding=&#8221;15px|15px|15px|15px|true|true&#8221; link_option_url=&#8221;https:\/\/fiket.se\/&#8221; link_option_url_new_window=&#8221;on&#8221; box_shadow_style=&#8221;preset1&#8243; global_colors_info=&#8221;{}&#8221;]<\/p>\n<p><span style=\"font-size: 18px;\"><b>Fiket<\/b><\/span><\/p>\n<p><span>With a unique environment &amp; atmosphere, you can experience nostalgia at a high level. In our own bakery we bake classics such as pastry, radio cake and vacuum cleaners, but we also like to try out new trends.<\/span><br \/><span style=\"font-size: 18px;\"><\/span><\/p>\n<p><span style=\"font-size: 18px;\"><\/span><\/p>\n<p>[\/et_pb_blurb][\/et_pb_column][et_pb_column type=&#8221;1_3&#8243; _builder_version=&#8221;4.16&#8243; _module_preset=&#8221;default&#8221; global_colors_info=&#8221;{}&#8221;][et_pb_blurb title=&#8221;More than a roadside restaurant&#8221; image=&#8221;https:\/\/gastplatsgranna.se\/wp-content\/uploads\/2022\/03\/startsida-scaled-1.jpg&#8221; image_icon_width=&#8221;100%&#8221; admin_label=&#8221;Section #1 Blurb #5&#8243; _builder_version=&#8221;4.16&#8243; _module_preset=&#8221;default&#8221; header_level=&#8221;h5&#8243; header_font=&#8221;|600|||||||&#8221; header_text_color=&#8221;#022831&#8243; header_font_size=&#8221;26px&#8221; body_text_color=&#8221;#04566E&#8221; body_font_size=&#8221;18px&#8221; background_color=&#8221;#FFFFFF&#8221; image_icon_custom_margin=&#8221;||||true|true&#8221; image_icon_custom_padding=&#8221;||||true|true&#8221; text_orientation=&#8221;center&#8221; custom_padding=&#8221;15px|15px|15px|15px|true|true&#8221; link_option_url=&#8221;https:\/\/www.brahehus.com\/&#8221; link_option_url_new_window=&#8221;on&#8221; box_shadow_style=&#8221;preset1&#8243; global_colors_info=&#8221;{}&#8221;]<\/p>\n<p><strong>Restaurant Brahehus<\/strong><span><\/span><\/p>\n<p>Restaurant Brahehus is a roadside restaurant that stands out.<br \/>With us you can enjoy good food and drink, and in combination with the fantastic view of Lake V\u00e4ttern, the experience with us will be something very special.<\/p>\n<p>[\/et_pb_blurb][\/et_pb_column][et_pb_column type=&#8221;1_3&#8243; _builder_version=&#8221;4.16&#8243; _module_preset=&#8221;default&#8221; global_colors_info=&#8221;{}&#8221;][et_pb_blurb title=&#8221;Gr\u00e4nna Square&#8221; image=&#8221;https:\/\/gastplatsgranna.se\/wp-content\/uploads\/2022\/03\/194601-scaled-e1611237885637.jpeg&#8221; image_icon_width=&#8221;100%&#8221; admin_label=&#8221;Section #1 Blurb #6&#8243; _builder_version=&#8221;4.16&#8243; _module_preset=&#8221;default&#8221; header_level=&#8221;h5&#8243; header_font=&#8221;|600|||||||&#8221; header_text_color=&#8221;#022831&#8243; header_font_size=&#8221;26px&#8221; body_text_color=&#8221;#04566E&#8221; body_font_size=&#8221;18px&#8221; background_color=&#8221;#FFFFFF&#8221; image_icon_custom_margin=&#8221;||||true|true&#8221; image_icon_custom_padding=&#8221;||||true|true&#8221; text_orientation=&#8221;center&#8221; custom_padding=&#8221;15px|15px|15px|15px|true|true&#8221; link_option_url=&#8221;https:\/\/amalias.se\/&#8221; link_option_url_new_window=&#8221;on&#8221; box_shadow_style=&#8221;preset1&#8243; global_colors_info=&#8221;{}&#8221;]<\/p>\n<p><span style=\"font-size: 18px;\"><b>Amalia&#8217;s<\/b><\/span><\/p>\n<p><span>  Here you sit in a beautiful setting and are looked after by friends. If you have something to celebrate or just want to enjoy the day, pick favorites from our \u00e0 la carte menu.<br \/>For lunch, our housekeeper is always available.<\/span><\/p>\n<p><strong><\/strong><\/p>\n<p>[\/et_pb_blurb][\/et_pb_column][\/et_pb_row][\/et_pb_section][et_pb_section fb_built=&#8221;1&#8243; _builder_version=&#8221;4.16&#8243; _module_preset=&#8221;default&#8221; global_colors_info=&#8221;{}&#8221;][\/et_pb_section]<\/p>\n","protected":false},"excerpt":{"rendered":"<p>Food and drinkHere are our recommendations for great lunches, dinners and snacks. Click on the images to go to the website of each restaurant.The harbor tavern Hamnkrogen is nicely located in Gr\u00e4nna Harbor with a view of V\u00e4ttern, Visings\u00f6 and the ferry port. We serve delicious and well-prepared food in a relaxed and friendly environment.Grain [&hellip;]<\/p>\n","protected":false},"author":13,"featured_media":0,"parent":0,"menu_order":0,"comment_status":"closed","ping_status":"closed","template":"","meta":{"_acf_changed":false,"_et_pb_use_builder":"on","_et_pb_old_content":"","_et_gb_content_width":"","footnotes":""},"class_list":["post-31181","page","type-page","status-publish","hentry"],"acf":[],"publishpress_future_action":{"enabled":false,"date":"2026-04-23 07:54:42","action":"change-status","newStatus":"draft","terms":[],"taxonomy":"translation_priority","extraData":[]},"publishpress_future_workflow_manual_trigger":{"enabledWorkflows":[]},"_links":{"self":[{"href":"https:\/\/gastplatsgranna.se\/en\/wp-json\/wp\/v2\/pages\/31181","targetHints":{"allow":["GET"]}}],"collection":[{"href":"https:\/\/gastplatsgranna.se\/en\/wp-json\/wp\/v2\/pages"}],"about":[{"href":"https:\/\/gastplatsgranna.se\/en\/wp-json\/wp\/v2\/types\/page"}],"author":[{"embeddable":true,"href":"https:\/\/gastplatsgranna.se\/en\/wp-json\/wp\/v2\/users\/13"}],"replies":[{"embeddable":true,"href":"https:\/\/gastplatsgranna.se\/en\/wp-json\/wp\/v2\/comments?post=31181"}],"version-history":[{"count":9,"href":"https:\/\/gastplatsgranna.se\/en\/wp-json\/wp\/v2\/pages\/31181\/revisions"}],"predecessor-version":[{"id":44783,"href":"https:\/\/gastplatsgranna.se\/en\/wp-json\/wp\/v2\/pages\/31181\/revisions\/44783"}],"wp:attachment":[{"href":"https:\/\/gastplatsgranna.se\/en\/wp-json\/wp\/v2\/media?parent=31181"}],"curies":[{"name":"wp","href":"https:\/\/api.w.org\/{rel}","templated":true}]}}