{"id":31166,"date":"2022-02-24T08:02:53","date_gmt":"2022-02-24T08:02:53","guid":{"rendered":"https:\/\/gastplatsgranna.se\/activities\/"},"modified":"2025-05-28T13:27:35","modified_gmt":"2025-05-28T13:27:35","slug":"activities","status":"publish","type":"page","link":"https:\/\/gastplatsgranna.se\/en\/activities\/","title":{"rendered":"Activities"},"content":{"rendered":"<p>[et_pb_section fb_built=&#8221;1&#8243; admin_label=&#8221;Blurb section #2&#8243; _builder_version=&#8221;4.16&#8243; _module_preset=&#8221;default&#8221; background_enable_color=&#8221;off&#8221; use_background_color_gradient=&#8221;on&#8221; background_color_gradient_direction=&#8221;90deg&#8221; background_color_gradient_stops=&#8221;#ffffff 50%|rgba(255,255,255,0) 50%&#8221; background_color_gradient_overlays_image=&#8221;on&#8221; background_color_gradient_start=&#8221;#ffffff&#8221; background_color_gradient_start_position=&#8221;50%&#8221; background_color_gradient_end=&#8221;rgba(255,255,255,0)&#8221; background_color_gradient_end_position=&#8221;50%&#8221; background_image=&#8221;https:\/\/gastplatsgranna.se\/wp-content\/uploads\/2022\/02\/pexels-lluis-aragones-4536850-scaled.jpg&#8221; custom_margin=&#8221;0px||0px||true|false&#8221; custom_padding=&#8221;0px||75px||false|false&#8221; background_last_edited=&#8221;on|phone&#8221; use_background_color_gradient_tablet=&#8221;on&#8221; background_color_gradient_stops_tablet=&#8221;#ffffff 50%|#d8dfe9 50%&#8221; background_color_gradient_end_tablet=&#8221;#d8dfe9&#8243; background_enable_image_tablet=&#8221;off&#8221; global_colors_info=&#8221;{}&#8221;][et_pb_row use_custom_gutter=&#8221;on&#8221; gutter_width=&#8221;2&#8243; admin_label=&#8221;Row&#8221; _builder_version=&#8221;4.16&#8243; _module_preset=&#8221;default&#8221; background_color=&#8221;#FFFFFF&#8221; global_colors_info=&#8221;{}&#8221;][et_pb_column type=&#8221;4_4&#8243; _builder_version=&#8221;4.16&#8243; _module_preset=&#8221;default&#8221; global_colors_info=&#8221;{}&#8221;][et_pb_text _builder_version=&#8221;4.16&#8243; _module_preset=&#8221;default&#8221; text_text_color=&#8221;#022831&#8243; header_text_color=&#8221;#000000&#8243; header_2_text_color=&#8221;#FFFFFF&#8221; header_2_font_size=&#8221;32px&#8221; background_color=&#8221;#B4D330&#8243; max_width=&#8221;35%&#8221; max_width_tablet=&#8221;85%&#8221; max_width_phone=&#8221;100%&#8221; max_width_last_edited=&#8221;on|phone&#8221; module_alignment=&#8221;center&#8221; custom_padding=&#8221;10px||||false|false&#8221; box_shadow_style=&#8221;preset4&#8243; global_colors_info=&#8221;{}&#8221;]<\/p>\n<h2 style=\"text-align: center;\"><span style=\"color: #000000;\">Activities<\/span><\/h2>\n<p>[\/et_pb_text][et_pb_text _builder_version=&#8221;4.16&#8243; _module_preset=&#8221;default&#8221; text_font_size=&#8221;18px&#8221; custom_padding=&#8221;20px|20px|20px|20px|false|true&#8221; locked=&#8221;off&#8221; global_colors_info=&#8221;{}&#8221;]<\/p>\n<p style=\"text-align: center;\"><span>During your stay here in wonderful Gr\u00e4nna, it is a must to try out the activities that are available. There is something for everyone regardless of age or disability. Here is a sample of what you can do when you visit us at <span style=\"text-decoration: underline;\"><br \/>\n  <a href=\"www.gastplatsgranna.se\">www.gastplatsgranna.se<\/a><br \/>\n<\/span><\/span><\/p>\n<p style=\"text-align: center;\"><span style=\"font-size: large;\"><em>Click on the images to go to each activity&#8217;s website.<\/em><\/span><span style=\"font-size: large;\"><\/span><\/p>\n<p style=\"text-align: center;\"><span style=\"font-size: large;\"><\/span><\/p>\n<p>[\/et_pb_text][\/et_pb_column][\/et_pb_row][et_pb_row column_structure=&#8221;1_3,1_3,1_3&#8243; use_custom_gutter=&#8221;on&#8221; gutter_width=&#8221;2&#8243; admin_label=&#8221;Row&#8221; _builder_version=&#8221;4.16&#8243; _module_preset=&#8221;default&#8221; global_colors_info=&#8221;{}&#8221;][et_pb_column type=&#8221;1_3&#8243; _builder_version=&#8221;4.16&#8243; _module_preset=&#8221;default&#8221; global_colors_info=&#8221;{}&#8221;][et_pb_blurb title=&#8221;Gr\u00e4nna Padel&#8221; image=&#8221;https:\/\/gastplatsgranna.se\/wp-content\/uploads\/2022\/02\/Padel-Granna-scaled.jpg&#8221; image_icon_width=&#8221;100%&#8221; admin_label=&#8221;Section #2 Blurb #1&#8243; _builder_version=&#8221;4.16&#8243; _module_preset=&#8221;default&#8221; header_level=&#8221;h5&#8243; header_font=&#8221;|600|||||||&#8221; header_text_color=&#8221;#022831&#8243; header_font_size=&#8221;26px&#8221; body_text_color=&#8221;#04566E&#8221; body_font_size=&#8221;18px&#8221; background_color=&#8221;#FFFFFF&#8221; image_icon_custom_margin=&#8221;||||true|true&#8221; image_icon_custom_padding=&#8221;||||true|true&#8221; text_orientation=&#8221;center&#8221; custom_padding=&#8221;15px|15px|15px|15px|true|true&#8221; link_option_url=&#8221;www.grannapadel.nu&#8221; link_option_url_new_window=&#8221;on&#8221; box_shadow_style=&#8221;preset1&#8243; global_colors_info=&#8221;{}&#8221;]<\/p>\n<p><strong>Padel<\/strong><\/p>\n<p><span>In our facility next to G\u00e4stplats Gr\u00e4nna<br \/><\/span><span>we have four state-of-the-art padel courts. <\/span> <\/p>\n<p><span>Click here to see the different ways to easily book your appointment!<br \/><\/span><span><\/span><\/p>\n<p>&nbsp;<\/p>\n<p>[\/et_pb_blurb][\/et_pb_column][et_pb_column type=&#8221;1_3&#8243; _builder_version=&#8221;4.16&#8243; _module_preset=&#8221;default&#8221; global_colors_info=&#8221;{}&#8221;][et_pb_blurb title=&#8221;Hunting &amp; Fishing&#8221; image=&#8221;https:\/\/gastplatsgranna.se\/wp-content\/uploads\/2022\/03\/pexels-lumn-190294-scaled.jpg&#8221; image_icon_width=&#8221;100%&#8221; admin_label=&#8221;Section #2 Blurb #5&#8243; _builder_version=&#8221;4.24.2&#8243; _dynamic_attributes=&#8221;link_option_url,url&#8221; _module_preset=&#8221;default&#8221; header_level=&#8221;h5&#8243; header_font=&#8221;|600|||||||&#8221; header_text_color=&#8221;#022831&#8243; header_font_size=&#8221;26px&#8221; body_text_color=&#8221;#04566E&#8221; body_font_size=&#8221;18px&#8221; background_color=&#8221;#FFFFFF&#8221; image_icon_custom_margin=&#8221;||||true|true&#8221; image_icon_custom_padding=&#8221;||||true|true&#8221; text_orientation=&#8221;center&#8221; custom_padding=&#8221;15px|15px|15px|15px|true|true&#8221; link_option_url=&#8221;@ET-DC@eyJkeW5hbWljIjp0cnVlLCJjb250ZW50IjoicG9zdF9saW5rX3VybF9wYWdlIiwic2V0dGluZ3MiOnsicG9zdF9pZCI6IjEzNjEiLCJlbmFibGVfaHRtbCI6Im9mZiJ9fQ==@&#8221; hover_enabled=&#8221;0&#8243; box_shadow_style=&#8221;preset1&#8243; global_colors_info=&#8221;{}&#8221; url=&#8221;@ET-DC@eyJkeW5hbWljIjp0cnVlLCJjb250ZW50IjoicG9zdF9saW5rX3VybF9wYWdlIiwic2V0dGluZ3MiOnsicG9zdF9pZCI6IjEzNjEiLCJlbmFibGVfaHRtbCI6Im9mZiJ9fQ==@&#8221; sticky_enabled=&#8221;0&#8243;]<\/p>\n<p><strong>  Water and forests<\/strong><\/p>\n<p><span>If you long to get out in the woods or maybe a moment on one of all the lakes in Gr\u00e4nna&#8217;s vicinity.<br \/>We have collected some tips here.<\/span><span><\/span><\/p>\n<p><span><\/span><\/p>\n<p>[\/et_pb_blurb][\/et_pb_column][et_pb_column type=&#8221;1_3&#8243; _builder_version=&#8221;4.16&#8243; _module_preset=&#8221;default&#8221; global_colors_info=&#8221;{}&#8221;][et_pb_blurb title=&#8221;Guesthouse Gr\u00e4nna&#8221; image=&#8221;https:\/\/gastplatsgranna.se\/wp-content\/uploads\/2022\/03\/pexels-photo-10071075.jpeg&#8221; image_icon_width=&#8221;100%&#8221; admin_label=&#8221;Section #2 Blurb #6&#8243; _builder_version=&#8221;4.24.2&#8243; _module_preset=&#8221;default&#8221; header_level=&#8221;h5&#8243; header_font=&#8221;|600|||||||&#8221; header_text_color=&#8221;#022831&#8243; header_font_size=&#8221;26px&#8221; body_text_color=&#8221;#04566E&#8221; body_font_size=&#8221;18px&#8221; background_color=&#8221;#FFFFFF&#8221; image_icon_custom_margin=&#8221;||||true|true&#8221; image_icon_custom_padding=&#8221;||||true|true&#8221; text_orientation=&#8221;center&#8221; custom_padding=&#8221;15px|15px|15px|15px|true|true&#8221; link_option_url_new_window=&#8221;on&#8221; box_shadow_style=&#8221;preset1&#8243; global_colors_info=&#8221;{}&#8221;]<\/p>\n<p><strong>Boul\u00e9<\/strong><\/p>\n<p><span>There is a boules court for our guests at the guest site, located next to the padel courts.<\/span><\/p>\n<p>[\/et_pb_blurb][\/et_pb_column][\/et_pb_row][et_pb_row column_structure=&#8221;1_3,1_3,1_3&#8243; use_custom_gutter=&#8221;on&#8221; gutter_width=&#8221;2&#8243; admin_label=&#8221;Row&#8221; _builder_version=&#8221;4.16&#8243; _module_preset=&#8221;default&#8221; global_colors_info=&#8221;{}&#8221;][et_pb_column type=&#8221;1_3&#8243; _builder_version=&#8221;4.16&#8243; _module_preset=&#8221;default&#8221; global_colors_info=&#8221;{}&#8221;][et_pb_blurb title=&#8221;Golf&#8221; image=&#8221;https:\/\/gastplatsgranna.se\/wp-content\/uploads\/2022\/03\/pexels-photo-6572957.jpeg&#8221; image_icon_width=&#8221;100%&#8221; admin_label=&#8221;Section #2 Blurb #4&#8243; _builder_version=&#8221;4.24.2&#8243; _module_preset=&#8221;default&#8221; header_level=&#8221;h5&#8243; header_font=&#8221;|600|||||||&#8221; header_text_color=&#8221;#022831&#8243; header_font_size=&#8221;26px&#8221; body_text_color=&#8221;#04566E&#8221; body_font_size=&#8221;18px&#8221; background_color=&#8221;#FFFFFF&#8221; image_icon_custom_margin=&#8221;||||true|true&#8221; image_icon_custom_padding=&#8221;||||true|true&#8221; text_orientation=&#8221;center&#8221; custom_padding=&#8221;15px|15px|15px|15px|true|true&#8221; link_option_url=&#8221;@ET-DC@eyJkeW5hbWljIjp0cnVlLCJjb250ZW50IjoicG9zdF9saW5rX3VybF9wYWdlIiwic2V0dGluZ3MiOnsicG9zdF9pZCI6IjEzNzMiLCJlbmFibGVfaHRtbCI6Im9mZiJ9fQ==@&#8221; hover_enabled=&#8221;0&#8243; box_shadow_style=&#8221;preset1&#8243; global_colors_info=&#8221;{}&#8221; url=&#8221;@ET-DC@eyJkeW5hbWljIjp0cnVlLCJjb250ZW50IjoicG9zdF9saW5rX3VybF9wYWdlIiwic2V0dGluZ3MiOnsicG9zdF9pZCI6IjEzNzMiLCJlbmFibGVfaHRtbCI6Im9mZiJ9fQ==@&#8221; _dynamic_attributes=&#8221;url,link_option_url&#8221; sticky_enabled=&#8221;0&#8243;]<\/p>\n<p><strong>Golf courses<\/strong><\/p>\n<p><span>If you are looking for new golf experiences, we have several golf courses near Gr\u00e4nna. Here are some of our favorites.  <\/span><\/p>\n<p>[\/et_pb_blurb][\/et_pb_column][et_pb_column type=&#8221;1_3&#8243; _builder_version=&#8221;4.16&#8243; _module_preset=&#8221;default&#8221; global_colors_info=&#8221;{}&#8221;][et_pb_blurb title=&#8221;Skate park&#8221; image=&#8221;https:\/\/gastplatsgranna.se\/wp-content\/uploads\/2022\/03\/granna-skatepark-camping.jpg&#8221; image_icon_width=&#8221;100%&#8221; admin_label=&#8221;Section #2 Blurb #6&#8243; _builder_version=&#8221;4.16&#8243; _module_preset=&#8221;default&#8221; header_level=&#8221;h5&#8243; header_font=&#8221;|600|||||||&#8221; header_text_color=&#8221;#022831&#8243; header_font_size=&#8221;26px&#8221; body_text_color=&#8221;#04566E&#8221; body_font_size=&#8221;18px&#8221; background_color=&#8221;#FFFFFF&#8221; image_icon_custom_margin=&#8221;||||true|true&#8221; image_icon_custom_padding=&#8221;||||true|true&#8221; text_orientation=&#8221;center&#8221; custom_padding=&#8221;15px|15px|15px|15px|true|true&#8221; link_option_url=&#8221;https:\/\/skatespot.nu\/granna-skatepark&#8221; link_option_url_new_window=&#8221;on&#8221; box_shadow_style=&#8221;preset1&#8243; global_colors_info=&#8221;{}&#8221;]<\/p>\n<p><strong>Skate\/Multiarena<\/strong><\/p>\n<p><span>In connection with the football pitches above the campsite, there is a multi-arena for basketball\/football\/house band etc. and a modern skate park.<\/span><\/p>\n<p>[\/et_pb_blurb][\/et_pb_column][et_pb_column type=&#8221;1_3&#8243; _builder_version=&#8221;4.16&#8243; _module_preset=&#8221;default&#8221; global_colors_info=&#8221;{}&#8221;][et_pb_blurb title=&#8221;Gr\u00e4nnaberget&#8221; image=&#8221;https:\/\/gastplatsgranna.se\/wp-content\/uploads\/2022\/03\/pictureg.jpg&#8221; image_icon_width=&#8221;100%&#8221; admin_label=&#8221;Section #2 Blurb #3&#8243; _builder_version=&#8221;4.24.2&#8243; _module_preset=&#8221;default&#8221; header_level=&#8221;h5&#8243; header_font=&#8221;|600|||||||&#8221; header_text_color=&#8221;#022831&#8243; header_font_size=&#8221;26px&#8221; body_text_color=&#8221;#04566E&#8221; body_font_size=&#8221;18px&#8221; background_color=&#8221;#FFFFFF&#8221; image_icon_custom_margin=&#8221;||||true|true&#8221; image_icon_custom_padding=&#8221;||||true|true&#8221; text_orientation=&#8221;center&#8221; custom_padding=&#8221;15px|15px|15px|15px|true|true&#8221; link_option_url=&#8221;https:\/\/www.grannabygdensok.se\/&#8221; link_option_url_new_window=&#8221;on&#8221; box_shadow_style=&#8221;preset1&#8243; global_colors_info=&#8221;{}&#8221;]<\/p>\n<p><strong>Fitness trails &amp; mountain biking<\/strong><\/p>\n<p><span>On the wonderful Gr\u00e4nnaberget there is one of Sweden&#8217;s finest mountain bike facilities. There are also several exercise trails for a run or forest walk.<\/span><\/p>\n<p>[\/et_pb_blurb][\/et_pb_column][\/et_pb_row][et_pb_row column_structure=&#8221;1_3,1_3,1_3&#8243; use_custom_gutter=&#8221;on&#8221; gutter_width=&#8221;2&#8243; admin_label=&#8221;Row&#8221; _builder_version=&#8221;4.16&#8243; _module_preset=&#8221;default&#8221; global_colors_info=&#8221;{}&#8221;][et_pb_column type=&#8221;1_3&#8243; _builder_version=&#8221;4.16&#8243; _module_preset=&#8221;default&#8221; global_colors_info=&#8221;{}&#8221;][et_pb_blurb title=&#8221;Remmalagen visings\u00f6&#8221; image=&#8221;https:\/\/gastplatsgranna.se\/wp-content\/uploads\/2022\/03\/Remmalag-i-skogen.jpg&#8221; image_icon_width=&#8221;100%&#8221; admin_label=&#8221;Section #2 Blurb #4&#8243; _builder_version=&#8221;4.16&#8243; _module_preset=&#8221;default&#8221; header_level=&#8221;h5&#8243; header_font=&#8221;|600|||||||&#8221; header_text_color=&#8221;#022831&#8243; header_font_size=&#8221;26px&#8221; body_text_color=&#8221;#04566E&#8221; body_font_size=&#8221;18px&#8221; background_color=&#8221;#FFFFFF&#8221; image_icon_custom_margin=&#8221;||||true|true&#8221; image_icon_custom_padding=&#8221;||||true|true&#8221; text_orientation=&#8221;center&#8221; custom_padding=&#8221;15px|15px|15px|15px|true|true&#8221; link_option_url=&#8221;https:\/\/www.visingsoremmalag.se\/&#8221; link_option_url_new_window=&#8221;on&#8221; box_shadow_style=&#8221;preset1&#8243; global_colors_info=&#8221;{}&#8221;]<\/p>\n<p><strong>Braking system<\/strong><\/p>\n<p><span>Go to the V\u00e4ttern&#8217;s pearl Visings\u00f6 and feel how time stops for a moment, feel the wings of history with a guided tour by horse and carriage.<\/span><\/p>\n<p>[\/et_pb_blurb][\/et_pb_column][et_pb_column type=&#8221;1_3&#8243; _builder_version=&#8221;4.16&#8243; _module_preset=&#8221;default&#8221; global_colors_info=&#8221;{}&#8221;][et_pb_blurb title=&#8221;Visings\u00f6 Bike Rental&#8221; image=&#8221;https:\/\/gastplatsgranna.se\/wp-content\/uploads\/2022\/03\/pexels-photo-100582.jpeg&#8221; image_icon_width=&#8221;100%&#8221; admin_label=&#8221;Section #2 Blurb #5&#8243; _builder_version=&#8221;4.16&#8243; _module_preset=&#8221;default&#8221; header_level=&#8221;h5&#8243; header_font=&#8221;|600|||||||&#8221; header_text_color=&#8221;#022831&#8243; header_font_size=&#8221;26px&#8221; body_text_color=&#8221;#04566E&#8221; body_font_size=&#8221;18px&#8221; background_color=&#8221;#FFFFFF&#8221; image_icon_custom_margin=&#8221;||||true|true&#8221; image_icon_custom_padding=&#8221;||||true|true&#8221; text_orientation=&#8221;center&#8221; custom_padding=&#8221;15px|15px|15px|15px|true|true&#8221; link_option_url=&#8221;https:\/\/www.visingsocykeluthyrning.se\/&#8221; link_option_url_new_window=&#8221;on&#8221; box_shadow_style=&#8221;preset1&#8243; global_colors_info=&#8221;{}&#8221;]<\/p>\n<p><strong>Bicycle<\/strong><\/p>\n<p><span>One way to really experience and discover all the nooks and crannies of wonderful Visings\u00f6 is to get around by bike. Bicycles are available for rent.<\/span><\/p>\n<p>[\/et_pb_blurb][\/et_pb_column][et_pb_column type=&#8221;1_3&#8243; _builder_version=&#8221;4.16&#8243; _module_preset=&#8221;default&#8221; global_colors_info=&#8221;{}&#8221;][et_pb_blurb title=&#8221;Grenna Balloon &amp; Experience&#8221; image=&#8221;https:\/\/gastplatsgranna.se\/wp-content\/uploads\/2022\/02\/Ballong-01-1-scaled.jpg&#8221; image_icon_width=&#8221;100%&#8221; admin_label=&#8221;Section #2 Blurb #6&#8243; _builder_version=&#8221;4.16&#8243; _module_preset=&#8221;default&#8221; header_level=&#8221;h5&#8243; header_font=&#8221;|600|||||||&#8221; header_text_color=&#8221;#022831&#8243; header_font_size=&#8221;26px&#8221; body_text_color=&#8221;#04566E&#8221; body_font_size=&#8221;18px&#8221; background_color=&#8221;#FFFFFF&#8221; image_icon_custom_margin=&#8221;||||true|true&#8221; image_icon_custom_padding=&#8221;||||true|true&#8221; text_orientation=&#8221;center&#8221; custom_padding=&#8221;15px|15px|15px|15px|true|true&#8221; link_option_url=&#8221;https:\/\/flyg-ballong.nu\/&#8221; link_option_url_new_window=&#8221;on&#8221; box_shadow_style=&#8221;preset1&#8243; global_colors_info=&#8221;{}&#8221;]<\/p>\n<p><strong>Hot air balloon ride<\/strong><\/p>\n<p><span>As a grand finale, it is perhaps time to experience Gr\u00e4nna and the surrounding area as Gr\u00e4nna&#8217;s son the hot air balloonist S.A Andr\u00e9en once did.<\/span><\/p>\n<p>[\/et_pb_blurb][\/et_pb_column][\/et_pb_row][et_pb_row column_structure=&#8221;1_3,1_3,1_3&#8243; use_custom_gutter=&#8221;on&#8221; gutter_width=&#8221;2&#8243; admin_label=&#8221;Row&#8221; _builder_version=&#8221;4.16&#8243; _module_preset=&#8221;default&#8221; global_colors_info=&#8221;{}&#8221;][et_pb_column type=&#8221;1_3&#8243; _builder_version=&#8221;4.16&#8243; _module_preset=&#8221;default&#8221; global_colors_info=&#8221;{}&#8221;][et_pb_blurb title=&#8221;Magical boat trips&#8221; image=&#8221;https:\/\/gastplatsgranna.se\/wp-content\/uploads\/2022\/02\/Trolska-Batturer-3.jpg&#8221; image_icon_width=&#8221;100%&#8221; admin_label=&#8221;Section #2 Blurb #4&#8243; _builder_version=&#8221;4.16&#8243; _module_preset=&#8221;default&#8221; header_level=&#8221;h5&#8243; header_font=&#8221;|600|||||||&#8221; header_text_color=&#8221;#022831&#8243; header_font_size=&#8221;26px&#8221; body_text_color=&#8221;#04566E&#8221; body_font_size=&#8221;18px&#8221; background_color=&#8221;#FFFFFF&#8221; image_icon_custom_margin=&#8221;||||true|true&#8221; image_icon_custom_padding=&#8221;||||true|true&#8221; text_orientation=&#8221;center&#8221; custom_padding=&#8221;15px|15px|15px|15px|true|true&#8221; link_option_url=&#8221;https:\/\/trolska.se\/&#8221; link_option_url_new_window=&#8221;on&#8221; box_shadow_style=&#8221;preset1&#8243; global_colors_info=&#8221;{}&#8221;]<\/p>\n<p><strong>Boat trips, food and activities in magical forests.<\/strong><\/p>\n<p>Experience the inspirational environment of John Bauer and the lily-filled canals that connect the Bunn, \u00d6ren and Kvarns lakes.<\/p>\n<p>Take a trip to Gr\u00e4nna!<\/p>\n<p>[\/et_pb_blurb][\/et_pb_column][et_pb_column type=&#8221;1_3&#8243; _builder_version=&#8221;4.16&#8243; _module_preset=&#8221;default&#8221; global_colors_info=&#8221;{}&#8221;][et_pb_blurb title=&#8221;Grenna Museum&#8221; url=&#8221;https:\/\/www.grennamuseum.se\/&#8221; url_new_window=&#8221;on&#8221; image=&#8221;https:\/\/gastplatsgranna.se\/wp-content\/uploads\/2022\/03\/Ballongen-lyfter-e1557471090361-1392&#215;369-1.jpg&#8221; image_icon_width=&#8221;100%&#8221; admin_label=&#8221;Section #2 Blurb #5&#8243; _builder_version=&#8221;4.24.2&#8243; _module_preset=&#8221;default&#8221; header_level=&#8221;h5&#8243; header_font=&#8221;|600|||||||&#8221; header_text_color=&#8221;#022831&#8243; header_font_size=&#8221;26px&#8221; body_text_color=&#8221;#04566E&#8221; body_font_size=&#8221;18px&#8221; background_color=&#8221;#FFFFFF&#8221; image_icon_custom_margin=&#8221;||||true|true&#8221; image_icon_custom_padding=&#8221;||||true|true&#8221; text_orientation=&#8221;center&#8221; custom_padding=&#8221;15px|15px|15px|15px|true|true&#8221; link_option_url=&#8221;https:\/\/www.grennamuseum.se\/&#8221; link_option_url_new_window=&#8221;on&#8221; box_shadow_style=&#8221;preset1&#8243; global_colors_info=&#8221;{}&#8221;]<\/p>\n<p><strong>The Andr\u00e9e expedition<\/strong><\/p>\n<p>Welcome to learn more about the Andr\u00e9e expedition and the history of Gr\u00e4nna.<\/p>\n<p>[\/et_pb_blurb][\/et_pb_column][et_pb_column type=&#8221;1_3&#8243; _builder_version=&#8221;4.16&#8243; _module_preset=&#8221;default&#8221; global_colors_info=&#8221;{}&#8221;][et_pb_blurb title=&#8221;Polka dots baking&#8221; image=&#8221;https:\/\/gastplatsgranna.se\/wp-content\/uploads\/2022\/02\/polkagrisen.jpg&#8221; image_icon_width=&#8221;100%&#8221; admin_label=&#8221;Section #2 Blurb #2&#8243; _builder_version=&#8221;4.24.2&#8243; _dynamic_attributes=&#8221;link_option_url&#8221; _module_preset=&#8221;default&#8221; header_level=&#8221;h5&#8243; header_font=&#8221;|600|||||||&#8221; header_text_color=&#8221;#022831&#8243; header_font_size=&#8221;26px&#8221; body_text_color=&#8221;#04566E&#8221; body_font_size=&#8221;18px&#8221; background_color=&#8221;#FFFFFF&#8221; image_icon_custom_margin=&#8221;||||true|true&#8221; image_icon_custom_padding=&#8221;||||true|true&#8221; text_orientation=&#8221;center&#8221; custom_padding=&#8221;15px|15px|15px|15px|true|true&#8221; link_option_url=&#8221;@ET-DC@eyJkeW5hbWljIjp0cnVlLCJjb250ZW50IjoicG9zdF9saW5rX3VybF9wYWdlIiwic2V0dGluZ3MiOnsicG9zdF9pZCI6IjEzMzYiLCJlbmFibGVfaHRtbCI6Im9mZiJ9fQ==@&#8221; box_shadow_style=&#8221;preset1&#8243; global_colors_info=&#8221;{}&#8221;]<\/p>\n<p><strong>Make your own candy cane<\/strong><\/p>\n<p><span>If you&#8217;re looking for something memorable and fun to do, candy cane baking is the perfect activity to try.<\/span><\/p>\n<p>[\/et_pb_blurb][\/et_pb_column][\/et_pb_row][\/et_pb_section][et_pb_section fb_built=&#8221;1&#8243; _builder_version=&#8221;4.16&#8243; _module_preset=&#8221;default&#8221; global_colors_info=&#8221;{}&#8221;][\/et_pb_section]<\/p>\n","protected":false},"excerpt":{"rendered":"<p>ActivitiesDuring your stay here in wonderful Gr\u00e4nna, it is a must to try out the activities that are available. There is something for everyone regardless of age or disability. Here is a sample of what you can do when you visit us at www.gastplatsgranna.se Click on the images to go to each activity&#8217;s website. Padel [&hellip;]<\/p>\n","protected":false},"author":13,"featured_media":0,"parent":0,"menu_order":0,"comment_status":"closed","ping_status":"closed","template":"","meta":{"_acf_changed":false,"_et_pb_use_builder":"on","_et_pb_old_content":"","_et_gb_content_width":"","footnotes":""},"class_list":["post-31166","page","type-page","status-publish","hentry"],"acf":[],"publishpress_future_action":{"enabled":false,"date":"2026-04-26 07:56:05","action":"change-status","newStatus":"draft","terms":[],"taxonomy":"translation_priority","extraData":[]},"publishpress_future_workflow_manual_trigger":{"enabledWorkflows":[]},"_links":{"self":[{"href":"https:\/\/gastplatsgranna.se\/en\/wp-json\/wp\/v2\/pages\/31166","targetHints":{"allow":["GET"]}}],"collection":[{"href":"https:\/\/gastplatsgranna.se\/en\/wp-json\/wp\/v2\/pages"}],"about":[{"href":"https:\/\/gastplatsgranna.se\/en\/wp-json\/wp\/v2\/types\/page"}],"author":[{"embeddable":true,"href":"https:\/\/gastplatsgranna.se\/en\/wp-json\/wp\/v2\/users\/13"}],"replies":[{"embeddable":true,"href":"https:\/\/gastplatsgranna.se\/en\/wp-json\/wp\/v2\/comments?post=31166"}],"version-history":[{"count":3,"href":"https:\/\/gastplatsgranna.se\/en\/wp-json\/wp\/v2\/pages\/31166\/revisions"}],"predecessor-version":[{"id":44636,"href":"https:\/\/gastplatsgranna.se\/en\/wp-json\/wp\/v2\/pages\/31166\/revisions\/44636"}],"wp:attachment":[{"href":"https:\/\/gastplatsgranna.se\/en\/wp-json\/wp\/v2\/media?parent=31166"}],"curies":[{"name":"wp","href":"https:\/\/api.w.org\/{rel}","templated":true}]}}