{"id":30705,"date":"2022-03-24T08:39:48","date_gmt":"2022-03-24T08:39:48","guid":{"rendered":"https:\/\/gastplatsgranna.se\/conditions-of-purchase\/"},"modified":"2023-05-22T10:59:16","modified_gmt":"2023-05-22T10:59:16","slug":"conditions-of-purchase","status":"publish","type":"page","link":"https:\/\/gastplatsgranna.se\/en\/conditions-of-purchase\/","title":{"rendered":"Conditions of purchase"},"content":{"rendered":"<p>[et_pb_section fb_built=&#8221;1&#8243; _builder_version=&#8221;4.16&#8243; _module_preset=&#8221;default&#8221; global_colors_info=&#8221;{}&#8221;][et_pb_row _builder_version=&#8221;4.16&#8243; _module_preset=&#8221;default&#8221; custom_margin=&#8221;50px||50px||true|false&#8221; border_width_top=&#8221;2px&#8221; border_color_top=&#8221;#689368&#8243; border_width_bottom=&#8221;2px&#8221; border_color_bottom=&#8221;#689368&#8243; global_colors_info=&#8221;{}&#8221;][et_pb_column type=&#8221;4_4&#8243; _builder_version=&#8221;4.16&#8243; _module_preset=&#8221;default&#8221; global_colors_info=&#8221;{}&#8221;][et_pb_text _builder_version=&#8221;4.17.3&#8243; _module_preset=&#8221;default&#8221; global_colors_info=&#8221;{}&#8221;]<\/p>\n<h2 style=\"text-align: center;\">Terms of purchase<\/h2>\n<p>[\/et_pb_text][et_pb_text _builder_version=&#8221;4.16&#8243; _module_preset=&#8221;default&#8221; text_font_size=&#8221;16px&#8221; global_colors_info=&#8221;{}&#8221;]<\/p>\n<p><b><span data-contrast=\"auto\">Terms and conditions for booking and paying for a motorhome pitch at Gr\u00e4nna Guest House.<\/span><\/b><span data-ccp-props=\"{\"134233117\":true,\"134233118\":true,\"201341983\":0,\"335559739\":160,\"335559740\":240}\"> <\/span><\/p>\n<p><span data-contrast=\"auto\">These terms and conditions apply between Gr\u00e4nna Hamnkrog Park AB and the person who himself or through another person books \/ pays for a parking space at the Gr\u00e4nna guesthouse.<\/span><span data-ccp-props=\"{\"134233117\":true,\"134233118\":true,\"201341983\":0,\"335559739\":160,\"335559740\":240}\"> <\/span><\/p>\n<p><span data-contrast=\"auto\">The buyer\/payer is referred to as &#8220;Customer&#8221; in the Terms and Conditions. The supplier is identified as &#8220;Gr\u00e4nna Hamnkrog Park AB&#8221;, &#8220;We&#8221; or &#8220;Gr\u00e4nna G\u00e4stplats&#8221;.  <\/span><span data-ccp-props=\"{\"134233117\":true,\"134233118\":true,\"201341983\":0,\"335559739\":160,\"335559740\":240}\"> <\/span><\/p>\n<p><span data-contrast=\"auto\">The reservation\/payment is for the rental of a pitch at Gr\u00e4nna G\u00e4stplats. Customers\/guests at Gr\u00e4nna G\u00e4stplats are required to follow the &#8220;Rules of Order&#8221; that apply to the guest\/site, this document is available in its entirety at https:\/\/grannagastplats.se\/information<\/span><span data-ccp-props=\"{\"134233117\":true,\"134233118\":true,\"201341983\":0,\"335559739\":160,\"335559740\":240}\"> <\/span><\/p>\n<p><span data-contrast=\"auto\">Customers \/ guests who do not follow these regulations, Gr\u00e4nna G\u00e4stplats staff have the right to expel from the area.<\/span><span data-ccp-props=\"{\"134233117\":true,\"134233118\":true,\"201341983\":0,\"335559739\":160,\"335559740\":240}\"> <\/span><\/p>\n<p><b><span data-contrast=\"auto\">Booking and payment for individuals<\/span><\/b><span data-ccp-props=\"{\"134233117\":true,\"134233118\":true,\"201341983\":0,\"335559739\":160,\"335559740\":240}\"> <\/span><\/p>\n<p><span data-contrast=\"auto\">To book &amp; pay for a parking space on the website &#8221; https:\/\/grannagastplats.se&#8221;, the customer must be at least 18 years old. The payment of the fee requires a bank card (VISA or Mastercard) or (BankId and Swish).<\/span><span data-ccp-props=\"{\"134233117\":true,\"134233118\":true,\"201341983\":0,\"335559739\":160,\"335559740\":240}\"> <\/span><\/p>\n<p><b><span data-contrast=\"auto\">Booking a seat<\/span><\/b><span data-ccp-props=\"{\"134233117\":true,\"134233118\":true,\"201341983\":0,\"335559739\":160,\"335559740\":240}\"> <\/span><\/p>\n<p><span data-contrast=\"auto\">The price includes the rental of the site, the booking fee, the connection (including consumption) of electricity (16A) and the use of the service facility.<\/span><span data-ccp-props=\"{\"134233117\":true,\"134233118\":true,\"201341983\":0,\"335559739\":160,\"335559740\":240}\"> <\/span><\/p>\n<p><b><span data-contrast=\"auto\">All seats are booked from 13:00 to 12:00.<\/span><\/b><span data-ccp-props=\"{\"134233117\":true,\"134233118\":true,\"201341983\":0,\"335559739\":160,\"335559740\":240}\"> <\/span><\/p>\n<p><b><span data-contrast=\"auto\">Payment\/Booking confirmation<\/span><\/b><span data-ccp-props=\"{\"134233117\":true,\"134233118\":true,\"201341983\":0,\"335559739\":160,\"335559740\":240}\"> <\/span><\/p>\n<p><span data-contrast=\"auto\">Payment is made directly at the time of booking.<\/span><span data-ccp-props=\"{\"134233117\":true,\"134233118\":true,\"201341983\":0,\"335559739\":160,\"335559740\":240}\"> <\/span><\/p>\n<p><span data-contrast=\"auto\">On receipt of the booking confirmation, it must be checked to ensure that all the information is correct. It is the responsibility of the customer\/purchaser to ensure that the information on the booking confirmation is correct. The booking confirmation is sent by email. In case of error, Gr\u00e4nna Hamnkrog Park AB should be contacted within 7 days of receipt of the confirmation, but no later than 24 hours before arrival.<\/span><span data-ccp-props=\"{\"134233117\":true,\"134233118\":true,\"201341983\":0,\"335559739\":160,\"335559740\":240}\"> <\/span><\/p>\n<p><b><span data-contrast=\"auto\">Cancellation of a booked place<\/span><\/b><span data-ccp-props=\"{\"134233117\":true,\"134233118\":true,\"201341983\":0,\"335559739\":160,\"335559740\":240}\"> <\/span><\/p>\n<p><span data-contrast=\"auto\">Cancellation can only be made by e-mail to info@gastplatsgranna.se. Cancellation must be made at least 48 hours before the start of the reservation. In case of later cancellation, the fee is not refunded.<\/span><span data-ccp-props=\"{\"134233117\":true,\"134233118\":true,\"201341983\":0,\"335559739\":160,\"335559740\":240}\"> <\/span><\/p>\n<p><b><span data-contrast=\"auto\">Liability for property\/damage<\/span><\/b><span data-ccp-props=\"{\"134233117\":true,\"134233118\":true,\"201341983\":0,\"335559739\":160,\"335559740\":240}\"> <\/span><\/p>\n<p><span data-contrast=\"auto\">Gr\u00e4nna Hamnkrog Park AB Pub &amp; Restaurang AB is not responsible for forgotten items.<\/span><span data-ccp-props=\"{\"134233117\":true,\"134233118\":true,\"201341983\":0,\"335559739\":160,\"335559740\":240}\"> <\/span><\/p>\n<p><span data-contrast=\"auto\">Gr\u00e4nna Hamnkrog Park AB is not responsible for damage caused by third parties.<\/span><span data-ccp-props=\"{\"134233117\":true,\"134233118\":true,\"201341983\":0,\"335559739\":160,\"335559740\":240}\"> <\/span><\/p>\n<p><span data-contrast=\"auto\">Other obligations and rules of conduct<\/span><span data-ccp-props=\"{\"134233117\":true,\"134233118\":true,\"201341983\":0,\"335559739\":160,\"335559740\":240}\"> <\/span><\/p>\n<p><span data-contrast=\"auto\">The customer\/guest must take good care of the site and the facilities and comply with the rules, instructions and regulations in force.<\/span><span data-ccp-props=\"{\"134233117\":true,\"134233118\":true,\"201341983\":0,\"335559739\":160,\"335559740\":240}\"> <\/span><\/p>\n<p><span data-contrast=\"auto\">Between 22:00 and 08:00, customers\/guests must be considerate and quiet towards other guests.<\/span><span data-ccp-props=\"{\"134233117\":true,\"134233118\":true,\"201341983\":0,\"335559739\":160,\"335559740\":240}\"> <\/span><\/p>\n<p><span data-contrast=\"auto\">Only barbecues may be used. Consider the risk of fire, check your extinguishing equipment.<\/span><span data-ccp-props=\"{\"134233117\":true,\"134233118\":true,\"201341983\":0,\"335559739\":160,\"335559740\":240}\"> <\/span><\/p>\n<p><span data-contrast=\"auto\">Each electrical outlet is 16 amps, which basically means power for charging only. Overdrafts risk knocking out all or part of our electricity network. In case of obvious misuse, we reserve the right to invoice the repair costs. One socket per car.<\/span><span data-ccp-props=\"{\"134233117\":true,\"134233118\":true,\"201341983\":0,\"335559739\":160,\"335559740\":240}\"> <\/span><\/p>\n<p><span data-contrast=\"auto\">Pets should be kept on a leash or in a cage.<\/span><span data-ccp-props=\"{\"134233117\":true,\"134233118\":true,\"201341983\":0,\"335559739\":160,\"335559740\":240}\"> <\/span><\/p>\n<p><span data-contrast=\"auto\">Environmental waste must be deposited in an environmental station. Rubbish must be placed in the designated bins. Other waste should not be flushed or thrown in the area.<\/span><span data-ccp-props=\"{\"134233117\":true,\"134233118\":true,\"201341983\":0,\"335559739\":160,\"335559740\":240}\"> <\/span><\/p>\n<p><span data-contrast=\"auto\">Payment of the fee is done online.<\/span><span data-ccp-props=\"{\"134233117\":true,\"134233118\":true,\"201341983\":0,\"335559739\":160,\"335559740\":240}\"> <\/span><\/p>\n<p><span data-contrast=\"auto\">The drinking water must not be used for washing vehicles.<\/span><span data-ccp-props=\"{\"134233117\":true,\"134233118\":true,\"201341983\":0,\"335559739\":160,\"335559740\":240}\"> <\/span><\/p>\n<p><b><span data-contrast=\"auto\">The use of personal data  <\/span><\/b><span data-ccp-props=\"{\"134233117\":true,\"134233118\":true,\"201341983\":0,\"335559739\":160,\"335559740\":240}\"> <\/span><\/p>\n<p><span data-contrast=\"auto\">By using this website, you also agree to Gr\u00e4nna Hamnkrog Park AB&#8217;s data policy.<\/span><span data-ccp-props=\"{\"134233117\":true,\"134233118\":true,\"201341983\":0,\"335559739\":160,\"335559740\":240}\"> <\/span><\/p>\n<p><b><span data-contrast=\"auto\">Breach of contract<\/span><\/b><span data-ccp-props=\"{\"134233117\":true,\"134233118\":true,\"201341983\":0,\"335559739\":160,\"335559740\":240}\"> <\/span><\/p>\n<p><span data-contrast=\"auto\">This is an agreement between the customer (client) and Gr\u00e4nna Hamnkrog Park AB. The agreement will be terminated with immediate effect if:<\/span><span data-ccp-props=\"{\"134233117\":true,\"134233118\":true,\"201341983\":0,\"335559739\":160,\"335559740\":240}\"> <\/span><\/p>\n<ul>\n<li data-leveltext=\"\uf0b7\" data-font=\"Symbol\" data-listid=\"1\" aria-setsize=\"-1\" data-aria-posinset=\"1\" data-aria-level=\"1\"><span data-contrast=\"auto\">The conditions of this document are not met.<\/span><span data-ccp-props=\"{\"134233117\":true,\"134233118\":true,\"201341983\":0,\"335559739\":160,\"335559740\":240}\"> <\/span><\/li>\n<li data-leveltext=\"\uf0b7\" data-font=\"Symbol\" data-listid=\"1\" aria-setsize=\"-1\" data-aria-posinset=\"2\" data-aria-level=\"1\"><span data-contrast=\"auto\">The customer\/guests in the party are disruptive in the area.<\/span><span data-ccp-props=\"{\"134233117\":true,\"134233118\":true,\"201341983\":0,\"335559739\":160,\"335559740\":240}\"> <\/span><\/li>\n<li data-leveltext=\"\uf0b7\" data-font=\"Symbol\" data-listid=\"1\" aria-setsize=\"-1\" data-aria-posinset=\"3\" data-aria-level=\"1\"><span data-contrast=\"auto\">The customer\/guests in the party commit vandalism in the area.<\/span><span data-ccp-props=\"{\"134233117\":true,\"134233118\":true,\"201341983\":0,\"335559739\":160,\"335559740\":240}\"> <\/span><\/li>\n<\/ul>\n<p><span data-contrast=\"auto\">If a breach of contract occurs, the customer\/guests in the party must leave the area immediately. In case of destruction or disruptive behavior, damages may be claimed from the supplier.<\/span><span data-ccp-props=\"{\"134233117\":true,\"134233118\":true,\"201341983\":0,\"335559739\":160,\"335559740\":240}\"> <\/span><\/p>\n<p><b><span data-contrast=\"auto\">Force majeure<\/span><\/b><span data-ccp-props=\"{\"134233117\":true,\"134233118\":true,\"201341983\":0,\"335559739\":160,\"335559740\":240}\"> <\/span><\/p>\n<p><span data-contrast=\"auto\">In the event of war, natural disasters, strikes, pandemics and other events that are considered force majeure, Gr\u00e4nna Hamnkrog Park AB can cancel the agreement, whereby the customer and guests must be notified as soon as possible. In such cases, Gr\u00e4nna Hamnkrog Park AB is obliged to repay the amount paid, with the exception of the benefit derived from the site.<\/span><span data-ccp-props=\"{\"134233117\":true,\"134233118\":true,\"201341983\":0,\"335559739\":160,\"335559740\":240}\"> <\/span><\/p>\n<p><span data-ccp-props=\"{\"201341983\":0,\"335559739\":160,\"335559740\":240}\"> <\/span><\/p>\n<p><span data-contrast=\"auto\">Gr\u00e4nna Hamnkrog Park AB. Org.nr: 556356-8913<\/span><\/p>\n<p>E-mail: info@gastplatsgranna.se<span data-ccp-props=\"{\"134233117\":true,\"134233118\":true,\"201341983\":0,\"335559739\":160,\"335559740\":240}\"><\/span><\/p>\n<p><span data-ccp-props=\"{\"134233117\":true,\"134233118\":true,\"201341983\":0,\"335559739\":160,\"335559740\":240}\">Brahegatan 35 B<br \/>563 32 Gr\u00e4nna  <\/span><\/p>\n<p>[\/et_pb_text][\/et_pb_column][\/et_pb_row][\/et_pb_section]<\/p>\n","protected":false},"excerpt":{"rendered":"<p>Terms of purchaseTerms and conditions for booking and paying for a motorhome pitch at Gr\u00e4nna Guest House. These terms and conditions apply between Gr\u00e4nna Hamnkrog Park AB and the person who himself or through another person books \/ pays for a parking space at the Gr\u00e4nna guesthouse. The buyer\/payer is referred to as &#8220;Customer&#8221; in [&hellip;]<\/p>\n","protected":false},"author":13,"featured_media":0,"parent":0,"menu_order":0,"comment_status":"closed","ping_status":"closed","template":"","meta":{"_acf_changed":false,"_et_pb_use_builder":"on","_et_pb_old_content":"","_et_gb_content_width":"","footnotes":""},"class_list":["post-30705","page","type-page","status-publish","hentry"],"acf":[],"publishpress_future_action":{"enabled":false,"date":"2026-04-26 07:51:59","action":"change-status","newStatus":"draft","terms":[],"taxonomy":"translation_priority","extraData":[]},"publishpress_future_workflow_manual_trigger":{"enabledWorkflows":[]},"_links":{"self":[{"href":"https:\/\/gastplatsgranna.se\/en\/wp-json\/wp\/v2\/pages\/30705","targetHints":{"allow":["GET"]}}],"collection":[{"href":"https:\/\/gastplatsgranna.se\/en\/wp-json\/wp\/v2\/pages"}],"about":[{"href":"https:\/\/gastplatsgranna.se\/en\/wp-json\/wp\/v2\/types\/page"}],"author":[{"embeddable":true,"href":"https:\/\/gastplatsgranna.se\/en\/wp-json\/wp\/v2\/users\/13"}],"replies":[{"embeddable":true,"href":"https:\/\/gastplatsgranna.se\/en\/wp-json\/wp\/v2\/comments?post=30705"}],"version-history":[{"count":0,"href":"https:\/\/gastplatsgranna.se\/en\/wp-json\/wp\/v2\/pages\/30705\/revisions"}],"wp:attachment":[{"href":"https:\/\/gastplatsgranna.se\/en\/wp-json\/wp\/v2\/media?parent=30705"}],"curies":[{"name":"wp","href":"https:\/\/api.w.org\/{rel}","templated":true}]}}