{"id":31095,"date":"2022-03-11T07:36:38","date_gmt":"2022-03-11T07:36:38","guid":{"rendered":"https:\/\/gastplatsgranna.se\/buchen-sie\/"},"modified":"2025-08-12T10:56:44","modified_gmt":"2025-08-12T10:56:44","slug":"buchen-sie","status":"publish","type":"page","link":"https:\/\/gastplatsgranna.se\/de\/buchen-sie\/","title":{"rendered":"Buchen Sie"},"content":{"rendered":"<p>[et_pb_section fb_built=&#8221;1&#8243; _builder_version=&#8221;4.16&#8243; _module_preset=&#8221;default&#8221; global_colors_info=&#8221;{}&#8221;][et_pb_row _builder_version=&#8221;4.16&#8243; _module_preset=&#8221;default&#8221; global_colors_info=&#8221;{}&#8221;][et_pb_column type=&#8221;4_4&#8243; _builder_version=&#8221;4.16&#8243; _module_preset=&#8221;default&#8221; global_colors_info=&#8221;{}&#8221;][et_pb_text _builder_version=&#8221;4.16&#8243; _module_preset=&#8221;default&#8221; header_text_color=&#8221;#FFFFFF&#8221; header_font_size=&#8221;36px&#8221; background_color=&#8221;#04566E&#8221; background_color_gradient_start=&#8221;#d8dfe9&#8243; background_color_gradient_end=&#8221;rgba(255,255,255,0)&#8221; max_width=&#8221;35%&#8221; max_width_tablet=&#8221;85%&#8221; max_width_phone=&#8221;100%&#8221; max_width_last_edited=&#8221;on|desktop&#8221; module_alignment=&#8221;center&#8221; custom_padding=&#8221;10px||||false|false&#8221; box_shadow_style=&#8221;preset4&#8243; locked=&#8221;off&#8221; global_colors_info=&#8221;{}&#8221;]<\/p>\n<h1 style=\"text-align: center;\">Einen Sitzplatz buchen<\/h1>\n<p>[\/et_pb_text][\/et_pb_column][\/et_pb_row][et_pb_row _builder_version=&#8221;4.16&#8243; _module_preset=&#8221;default&#8221; global_colors_info=&#8221;{}&#8221;][et_pb_column type=&#8221;4_4&#8243; _builder_version=&#8221;4.16&#8243; _module_preset=&#8221;default&#8221; global_colors_info=&#8221;{}&#8221;][et_pb_text _builder_version=&#8221;4.21.0&#8243; _module_preset=&#8221;default&#8221; text_font_size=&#8221;16px&#8221; global_colors_info=&#8221;{}&#8221;]<\/p>\n<p style=\"text-align: center;\">W\u00e4hlen Sie unten Ihre bevorzugten Daten aus und klicken Sie dann auf die Schaltfl\u00e4che \u201eBuchen\u201c unter dem gew\u00fcnschten Sitzplatz.<br \/>Bitte verwenden Sie die Karte unten, um zu sehen, wie die Sitzpl\u00e4tze in der Gegend liegen.<\/p>\n<p style=\"text-align: center;\"><strong>Bitte beachten Sie, dass wir nur Wohnmobile vor Ort buchen k\u00f6nnen.<\/strong><\/p>\n<p>[\/et_pb_text][et_pb_text _builder_version=&#8221;4.21.0&#8243; _module_preset=&#8221;default&#8221; global_colors_info=&#8221;{}&#8221;]<\/p>\n<p style=\"text-align: center;\">Bitte beachten Sie, dass Sie, wenn Sie mit Swish bezahlen, <strong>Ihre Swish-App<\/strong> auf Ihrem Telefon oder Tablet <strong>\u00f6ffnen<\/strong> m\u00fcssen!<\/p>\n<p style=\"text-align: center;\">Wenn Sie mit Karte bezahlen, m\u00fcssen Sie bei Ihrer Bank <strong>Online-Zahlungen<\/strong> er\u00f6ffnet haben!<\/p>\n<p>[\/et_pb_text][et_pb_code _builder_version=&#8221;4.27.4&#8243; _module_preset=&#8221;default&#8221; global_colors_info=&#8221;{}&#8221;]<div class=\"wpbs_s-search-widget wpbs_s-search-widget-multiple-date-search\" data-calendars=\"1,18,19,20,21,22,23,24,25,26,27,28,29,30,31,32,33,34,35,36,37,38,39,40,41,42,43,44,45,46,47,48,49,50,51,52,53,54,55,56,57,68,69,70,71,72,73,74,75,76,77,78,79,80,81,82,83,84,85,86,87,88,89,90,91,94\" data-language=\"de\" data-title=\"keine\" data-mark_selection=\"yes\" data-start_day=\"1\" data-selection_type=\"multiple\" data-minimum_stay=\"1\" data-featured_image=\"no\" data-starting_price=\"yes\" data-results_layout=\"grid\" data-results_per_page=\"8\" data-show_results_on_load=\"no\" data-redirect=\"https:\/\/gastplatsgranna.se\/boka\/\" ><div class=\"wpbs_s-search-widget-form-wrap\">\r\n\r\n<form action=\"https:\/\/gastplatsgranna.se\/boka\/\" method=\"GET\" class=\"wpbs_s-search-widget-form wpbs_s-search-widget-form-fields-2\" autocomplete=\"off\">\r\n\r\n    \r\n    <div class=\"wpbs_s-search-widget-field wpbs-search-widget-field-start-date\">\r\n        <label for=\"wpbs_s-search-widget-datepicker-start-date-9128111f\">Startdatum<\/label>\r\n        <input type=\"text\" placeholder=\"\" value=\"\" id=\"wpbs_s-search-widget-datepicker-start-date-9128111f\" class=\"wpbs_s-search-widget-datepicker wpbs_s-search-widget-datepicker-start-date\" name=\"start-date\" readonly \/>\r\n        <input type=\"hidden\" value=\"\" id=\"wpbs_s-search-widget-datepicker-standard-format-start-date-9128111f\" class=\"wpbs_s-search-widget-datepicker-standard-format-start-date\" name=\"wpbs-search-start-date\" \/>\r\n    <\/div>\r\n\r\n    \r\n        <div class=\"wpbs_s-search-widget-field wpbs-search-widget-field-end-date\">\r\n            <label for=\"wpbs_s-search-widget-datepicker-end-date-9128111f\">Endtermin<\/label>\r\n            <input type=\"text\" placeholder=\"\" value=\"\" id=\"wpbs_s-search-widget-datepicker-end-date-9128111f\" class=\"wpbs_s-search-widget-datepicker wpbs_s-search-widget-datepicker-end-date\" name=\"end-date\" readonly \/>\r\n            <input type=\"hidden\" value=\"\" id=\"wpbs_s-search-widget-datepicker-standard-format-end-date-9128111f\" class=\"wpbs_s-search-widget-datepicker-standard-format-end-date\" name=\"wpbs-search-end-date\" \/>\r\n        <\/div>\r\n\r\n    \r\n    \r\n    <div class=\"wpbs_s-search-widget-field wpbs_s-search-widget-field-submit\">\r\n        <button class=\"wpbs_s-search-widget-datepicker-submit\">Suchen<\/button>\r\n    <\/div>\r\n\r\n<\/form>\r\n<\/div><div class=\"wpbs_s-search-widget-results-wrap\" data-label-previous=\"Vorherige\" data-label-next=\"N\u00e4chste\"><\/div><div class=\"wpbs-search-container-loaded\" data-just-loaded=\"1\"><\/div><\/div><!-- [et_pb_line_break_holder] -->[\/et_pb_code][\/et_pb_column][\/et_pb_row][et_pb_row column_structure=&#8221;3_5,2_5&#8243; _builder_version=&#8221;4.27.4&#8243; _module_preset=&#8221;default&#8221; width=&#8221;90%&#8221; max_width=&#8221;1440px&#8221; global_colors_info=&#8221;{}&#8221;][et_pb_column type=&#8221;3_5&#8243; _builder_version=&#8221;4.16&#8243; _module_preset=&#8221;default&#8221; global_colors_info=&#8221;{}&#8221;][et_pb_code _builder_version=&#8221;4.16&#8243; _module_preset=&#8221;default&#8221; global_colors_info=&#8221;{}&#8221;]<div><div id=\"image-map-pro-769\"><\/div><\/div>[\/et_pb_code][\/et_pb_column][et_pb_column type=&#8221;2_5&#8243; _builder_version=&#8221;4.16&#8243; _module_preset=&#8221;default&#8221; global_colors_info=&#8221;{}&#8221;][et_pb_text _builder_version=&#8221;4.25.1&#8243; _module_preset=&#8221;default&#8221; text_font_size=&#8221;16px&#8221; header_2_font=&#8221;|700|||||||&#8221; global_colors_info=&#8221;{}&#8221;]<\/p>\n<h2 style=\"text-align: center;\">Willkommen im G\u00e4stehaus Gr\u00e4nna<\/h2>\n<p>&nbsp;<\/p>\n<p style=\"text-align: center;\">Wir vom G\u00e4stplats Gr\u00e4nna freuen uns, dass Sie neugierig auf unseren g\u00e4stefreundlichen Platz sind, der ein wenig mehr bietet als ein \u201enormaler\u201c Wohnmobilstellplatz, wie z.B. ein Servicehaus mit modernsten Toiletten, Duschen, Sp\u00fclm\u00f6glichkeiten und Waschmaschine.<\/p>\n<p style=\"text-align: center;\">F\u00fcr den Umgang mit Schwarz- und Grauwasser, das Entleeren der Toilettenkassetten und das Nachf\u00fcllen von Frischwasser verf\u00fcgen wir \u00fcber die modernsten Ger\u00e4te von www.camperclean.se, wie z. B. die vollautomatische Toilettenkassettenmaschine, und das alles ist im Tagespreis inbegriffen, also keine zus\u00e4tzlichen Kosten.<\/p>\n<p style=\"text-align: center;\"><strong>Seien Sie r\u00fccksichtsvoll, wenn Sie nach 22:00 Uhr ankommen!<\/strong><\/p>\n<p>[\/et_pb_text][et_pb_text _builder_version=&#8221;4.27.4&#8243; _module_preset=&#8221;default&#8221; custom_margin=&#8221;||0px||false|false&#8221; custom_padding=&#8221;||0px||false|false&#8221; global_colors_info=&#8221;{}&#8221;]<\/p>\n<h3 style=\"text-align: center;\"><strong>Standort &#8211; Preise \/ Tag<\/strong><\/h3>\n<p>[\/et_pb_text][et_pb_text _builder_version=&#8221;4.27.4&#8243; _module_preset=&#8221;default&#8221; text_font_size=&#8221;16px&#8221; global_colors_info=&#8221;{}&#8221;]<\/p>\n<table>\n<thead>\n<tr class=\"\">\n<th>Orte<\/th>\n<th>Preis pro Quadratmeter<\/th>\n<th>KVM<\/th>\n<th>L\/B<\/th>\n<\/tr>\n<\/thead>\n<tbody>\n<tr class=\"diamant\">\n<td>XL100<\/td>\n<td><\/td>\n<td>110<\/td>\n<td>10&#215;11<\/td>\n<\/tr>\n<tr class=\"guld\">\n<td>G01-G04<\/td>\n<td><\/td>\n<td>70<\/td>\n<td>10&#215;7<\/td>\n<\/tr>\n<tr class=\"silver\">\n<td>XL91-XL99<\/td>\n<td><\/td>\n<td>91<\/td>\n<td>13&#215;7<\/td>\n<\/tr>\n<tr class=\"brons\">\n<td>G05-G18<\/td>\n<td><\/td>\n<td>80<\/td>\n<td>10&#215;8<\/td>\n<\/tr>\n<tr class=\"\">\n<td>G19-G40,<br \/>G50-G63<\/td>\n<td><\/td>\n<td>70<\/td>\n<td>10&#215;7<\/td>\n<\/tr>\n<\/tbody>\n<\/table>\n<p>[\/et_pb_text][et_pb_text _builder_version=&#8221;4.27.4&#8243; _module_preset=&#8221;default&#8221; global_colors_info=&#8221;{}&#8221;]<\/p>\n<p style=\"text-align: center;\"><span><strong>Check-out:<\/strong> 12:00<br \/><strong>Check-in:<\/strong> 13:00<br \/>(fr\u00fcher ist m\u00f6glich, wenn Platz vorhanden ist)<\/span><span><\/span><\/p>\n<p>[\/et_pb_text][et_pb_text _builder_version=&#8221;4.16&#8243; _module_preset=&#8221;default&#8221; global_colors_info=&#8221;{}&#8221;]<\/p>\n<p style=\"text-align: center;\"><strong>Informationen zum Standort<\/strong><\/p>\n<p style=\"text-align: center;\">Alle Stellpl\u00e4tze haben Zugang zu einem 16A-Stromanschluss<br \/>und Wi-Fi.<\/p>\n<p>[\/et_pb_text][et_pb_text _builder_version=&#8221;4.16&#8243; _module_preset=&#8221;default&#8221; link_option_url=&#8221;www.gastplatsgranna.se\/kopvillkor&#8221; link_option_url_new_window=&#8221;on&#8221; global_colors_info=&#8221;{}&#8221;]<\/p>\n<p style=\"text-align: center;\"><span style=\"text-decoration: underline;\">Bedingungen f\u00fcr den Kauf<\/span><\/p>\n<p>[\/et_pb_text][\/et_pb_column][\/et_pb_row][et_pb_row custom_padding_last_edited=&#8221;on|phone&#8221; _builder_version=&#8221;4.27.4&#8243; _module_preset=&#8221;default&#8221; custom_margin=&#8221;75px||||false|false&#8221; custom_padding=&#8221;25px|25px|25px|25px|true|true&#8221; custom_padding_tablet=&#8221;25px|25px|25px|25px|true|true&#8221; custom_padding_phone=&#8221;10px|10px|10px|10px|true|true&#8221; hover_enabled=&#8221;0&#8243; global_colors_info=&#8221;{}&#8221; column_structure=&#8221;1_2,1_2&#8243; background_enable_color=&#8221;off&#8221; sticky_enabled=&#8221;0&#8243; use_custom_gutter=&#8221;on&#8221; gutter_width=&#8221;2&#8243; width_last_edited=&#8221;on|phone&#8221; width_phone=&#8221;95%&#8221;][et_pb_column type=&#8221;1_2&#8243; _builder_version=&#8221;4.27.4&#8243; _module_preset=&#8221;default&#8221; hover_enabled=&#8221;0&#8243; global_colors_info=&#8221;{}&#8221; sticky_enabled=&#8221;0&#8243; background_color=&#8221;#d8dfe9&#8243; custom_padding=&#8221;10px|10px|10px|10px|true|true&#8221;][et_pb_text _builder_version=&#8221;4.27.4&#8243; _module_preset=&#8221;default&#8221; global_colors_info=&#8221;{}&#8221;]<\/p>\n<h3 data-start=\"150\" data-end=\"202\">Aufenthalt am V\u00e4tternsee im Hafen von Gr\u00e4nna &#8211; mieten Sie ein Ferienhaus bei uns<\/h3>\n<p data-start=\"204\" data-end=\"577\">Willkommen auf G\u00e4stplats Gr\u00e4nna &#8211; mitten im Hafen von Gr\u00e4nna mit Blick auf den V\u00e4tternsee!<\/p>\n<p data-start=\"204\" data-end=\"577\">Hier k\u00f6nnen Sie eines unserer beiden modernen und komfortablen Ferienh\u00e4user mieten: <strong data-start=\"344\" data-end=\"357\">Sj\u00f6stugan<\/strong> (4 Betten) und <strong data-start=\"373\" data-end=\"387\">Hamnvillan<\/strong> (6 Betten). Beide liegen in der N\u00e4he der F\u00e4hre nach Visings\u00f6, von Restaurants, dem Strand und dem Zentrum von Gr\u00e4nna. Perfekt f\u00fcr diejenigen, die eine <strong data-start=\"509\" data-end=\"576\">Ferienunterkunft in Gr\u00e4nna mit N\u00e4he zum See, zur Natur und zum Stadtleben<\/strong> suchen.  <\/p>\n<p>[\/et_pb_text][et_pb_button button_url=&#8221;https:\/\/gastplatsgranna.se\/de\/die-huette-am-see\/&#8221; button_text=&#8221;Sj\u00f6stugan buchen&#8221; _builder_version=&#8221;4.27.4&#8243; _module_preset=&#8221;default&#8221; custom_button=&#8221;on&#8221; button_text_color=&#8221;#FFFFFF&#8221; button_bg_color=&#8221;#04566E&#8221; global_colors_info=&#8221;{}&#8221;][\/et_pb_button][et_pb_button button_url=&#8221;https:\/\/gastplatsgranna.se\/de\/die-hafenvilla\/&#8221; button_text=&#8221;Hamnvillan buchen&#8221; disabled_on=&#8221;off|off|off&#8221; _builder_version=&#8221;4.27.4&#8243; _module_preset=&#8221;default&#8221; custom_button=&#8221;on&#8221; button_text_color=&#8221;#FFFFFF&#8221; button_bg_color=&#8221;#04566E&#8221; global_colors_info=&#8221;{}&#8221;][\/et_pb_button][\/et_pb_column][et_pb_column type=&#8221;1_2&#8243; _builder_version=&#8221;4.27.4&#8243; _module_preset=&#8221;default&#8221; hover_enabled=&#8221;0&#8243; global_colors_info=&#8221;{}&#8221; background_color=&#8221;#d8dfe9&#8243; sticky_enabled=&#8221;0&#8243; custom_padding=&#8221;10px|10px|10px|10px|false|false&#8221;][et_pb_text _builder_version=&#8221;4.27.4&#8243; _module_preset=&#8221;default&#8221; hover_enabled=&#8221;0&#8243; global_colors_info=&#8221;{}&#8221; sticky_enabled=&#8221;0&#8243;]<\/p>\n<h3 data-start=\"150\" data-end=\"202\">Geschenkgutscheine<\/h3>\n<p><strong data-start=\"49\" data-end=\"84\">Schenken Sie ein Erlebnis in Gr\u00e4nna!<\/strong><br data-start=\"84\" data-end=\"87\">Sie k\u00f6nnen jetzt Geschenkgutscheine f\u00fcr unsere Stellpl\u00e4tze kaufen &#8211; das perfekte Geschenk f\u00fcr Reisemobilisten. \u00dcberraschen Sie Ihre Liebsten mit einem wunderbaren Aufenthalt in der Perle des V\u00e4tternsees. <\/p>\n<p>[\/et_pb_text][et_pb_button button_url=&#8221;@ET-DC@eyJkeW5hbWljIjp0cnVlLCJjb250ZW50IjoicG9zdF9saW5rX3VybF9wcm9kdWN0Iiwic2V0dGluZ3MiOnsicG9zdF9pZCI6IjQ3NzIzIn19@&#8221; button_text=&#8221;Geschenkgutscheine kaufen&#8221; _builder_version=&#8221;4.27.4&#8243; _module_preset=&#8221;default&#8221; custom_button=&#8221;on&#8221; button_text_color=&#8221;#FFFFFF&#8221; button_bg_color=&#8221;#04566E&#8221; hover_enabled=&#8221;0&#8243; global_colors_info=&#8221;{}&#8221; _dynamic_attributes=&#8221;button_url&#8221; sticky_enabled=&#8221;0&#8243;][\/et_pb_button][\/et_pb_column][\/et_pb_row][\/et_pb_section]<\/p>\n","protected":false},"excerpt":{"rendered":"<p>Einen Sitzplatz buchenW\u00e4hlen Sie unten Ihre bevorzugten Daten aus und klicken Sie dann auf die Schaltfl\u00e4che \u201eBuchen\u201c unter dem gew\u00fcnschten Sitzplatz.Bitte verwenden Sie die Karte unten, um zu sehen, wie die Sitzpl\u00e4tze in der Gegend liegen. Bitte beachten Sie, dass wir nur Wohnmobile vor Ort buchen k\u00f6nnen.Bitte beachten Sie, dass Sie, wenn Sie mit Swish [&hellip;]<\/p>\n","protected":false},"author":13,"featured_media":0,"parent":0,"menu_order":0,"comment_status":"closed","ping_status":"closed","template":"","meta":{"_acf_changed":false,"_et_pb_use_builder":"on","_et_pb_old_content":"","_et_gb_content_width":"","footnotes":""},"class_list":["post-31095","page","type-page","status-publish","hentry"],"acf":[],"publishpress_future_action":{"enabled":false,"date":"2026-04-22 08:49:16","action":"change-status","newStatus":"draft","terms":[],"taxonomy":"translation_priority","extraData":[]},"publishpress_future_workflow_manual_trigger":{"enabledWorkflows":[]},"_links":{"self":[{"href":"https:\/\/gastplatsgranna.se\/de\/wp-json\/wp\/v2\/pages\/31095","targetHints":{"allow":["GET"]}}],"collection":[{"href":"https:\/\/gastplatsgranna.se\/de\/wp-json\/wp\/v2\/pages"}],"about":[{"href":"https:\/\/gastplatsgranna.se\/de\/wp-json\/wp\/v2\/types\/page"}],"author":[{"embeddable":true,"href":"https:\/\/gastplatsgranna.se\/de\/wp-json\/wp\/v2\/users\/13"}],"replies":[{"embeddable":true,"href":"https:\/\/gastplatsgranna.se\/de\/wp-json\/wp\/v2\/comments?post=31095"}],"version-history":[{"count":12,"href":"https:\/\/gastplatsgranna.se\/de\/wp-json\/wp\/v2\/pages\/31095\/revisions"}],"predecessor-version":[{"id":47776,"href":"https:\/\/gastplatsgranna.se\/de\/wp-json\/wp\/v2\/pages\/31095\/revisions\/47776"}],"wp:attachment":[{"href":"https:\/\/gastplatsgranna.se\/de\/wp-json\/wp\/v2\/media?parent=31095"}],"curies":[{"name":"wp","href":"https:\/\/api.w.org\/{rel}","templated":true}]}}