{"id":31079,"date":"2022-02-24T08:02:53","date_gmt":"2022-02-24T08:02:53","guid":{"rendered":"https:\/\/gastplatsgranna.se\/aktivitaeten\/"},"modified":"2025-05-28T13:25:51","modified_gmt":"2025-05-28T13:25:51","slug":"aktivitaeten","status":"publish","type":"page","link":"https:\/\/gastplatsgranna.se\/de\/aktivitaeten\/","title":{"rendered":"Aktivit\u00e4ten"},"content":{"rendered":"<p>[et_pb_section fb_built=&#8221;1&#8243; admin_label=&#8221;Blurb section #2&#8243; _builder_version=&#8221;4.16&#8243; _module_preset=&#8221;default&#8221; background_enable_color=&#8221;off&#8221; use_background_color_gradient=&#8221;on&#8221; background_color_gradient_direction=&#8221;90deg&#8221; background_color_gradient_stops=&#8221;#ffffff 50%|rgba(255,255,255,0) 50%&#8221; background_color_gradient_overlays_image=&#8221;on&#8221; background_color_gradient_start=&#8221;#ffffff&#8221; background_color_gradient_start_position=&#8221;50%&#8221; background_color_gradient_end=&#8221;rgba(255,255,255,0)&#8221; background_color_gradient_end_position=&#8221;50%&#8221; background_image=&#8221;https:\/\/gastplatsgranna.se\/wp-content\/uploads\/2022\/02\/pexels-lluis-aragones-4536850-scaled.jpg&#8221; custom_margin=&#8221;0px||0px||true|false&#8221; custom_padding=&#8221;0px||75px||false|false&#8221; background_last_edited=&#8221;on|phone&#8221; use_background_color_gradient_tablet=&#8221;on&#8221; background_color_gradient_stops_tablet=&#8221;#ffffff 50%|#d8dfe9 50%&#8221; background_color_gradient_end_tablet=&#8221;#d8dfe9&#8243; background_enable_image_tablet=&#8221;off&#8221; global_colors_info=&#8221;{}&#8221;][et_pb_row use_custom_gutter=&#8221;on&#8221; gutter_width=&#8221;2&#8243; admin_label=&#8221;Reihe&#8221; _builder_version=&#8221;4.16&#8243; _module_preset=&#8221;default&#8221; background_color=&#8221;#FFFFFF&#8221; global_colors_info=&#8221;{}&#8221;][et_pb_column type=&#8221;4_4&#8243; _builder_version=&#8221;4.16&#8243; _module_preset=&#8221;default&#8221; global_colors_info=&#8221;{}&#8221;][et_pb_text _builder_version=&#8221;4.16&#8243; _module_preset=&#8221;default&#8221; text_text_color=&#8221;#022831&#8243; header_text_color=&#8221;#000000&#8243; header_2_text_color=&#8221;#FFFFFF&#8221; header_2_font_size=&#8221;32px&#8221; background_color=&#8221;#B4D330&#8243; max_width=&#8221;35%&#8221; max_width_tablet=&#8221;85%&#8221; max_width_phone=&#8221;100%&#8221; max_width_last_edited=&#8221;on|phone&#8221; module_alignment=&#8221;center&#8221; custom_padding=&#8221;10px||||false|false&#8221; box_shadow_style=&#8221;preset4&#8243; global_colors_info=&#8221;{}&#8221;]<\/p>\n<h2 style=\"text-align: center;\"><span style=\"color: #000000;\">Aktivit\u00e4ten<\/span><\/h2>\n<p>[\/et_pb_text][et_pb_text _builder_version=&#8221;4.16&#8243; _module_preset=&#8221;default&#8221; text_font_size=&#8221;18px&#8221; custom_padding=&#8221;20px|20px|20px|20px|false|true&#8221; locked=&#8221;off&#8221; global_colors_info=&#8221;{}&#8221;]<\/p>\n<p style=\"text-align: center;\"><span>W\u00e4hrend Ihres Aufenthalts im wundersch\u00f6nen Gr\u00e4nna sollten Sie unbedingt die angebotenen Aktivit\u00e4ten ausprobieren. Es ist f\u00fcr jeden etwas dabei, unabh\u00e4ngig von Alter oder Behinderung. Nachfolgend finden Sie eine Auswahl von Aktivit\u00e4ten, die Sie bei Ihrem Besuch bei uns durchf\u00fchren k\u00f6nnen <span style=\"text-decoration: underline;\"><br \/>\n  <a href=\"www.gastplatsgranna.se\">www.gastplatsgranna.se<\/a><br \/>\n<\/span><\/span><\/p>\n<p style=\"text-align: center;\"><span style=\"font-size: large;\"><em>Klicken Sie auf die Bilder, um zur Website der jeweiligen Aktivit\u00e4t zu gelangen.<\/em><\/span><span style=\"font-size: large;\"><\/span><\/p>\n<p style=\"text-align: center;\"><span style=\"font-size: large;\"><\/span><\/p>\n<p>[\/et_pb_text][\/et_pb_column][\/et_pb_row][et_pb_row column_structure=&#8221;1_3,1_3,1_3&#8243; use_custom_gutter=&#8221;on&#8221; gutter_width=&#8221;2&#8243; admin_label=&#8221;Reihe&#8221; _builder_version=&#8221;4.16&#8243; _module_preset=&#8221;default&#8221; global_colors_info=&#8221;{}&#8221;][et_pb_column type=&#8221;1_3&#8243; _builder_version=&#8221;4.16&#8243; _module_preset=&#8221;default&#8221; global_colors_info=&#8221;{}&#8221;][et_pb_blurb title=&#8221;Gr\u00e4nna Padel&#8221; image=&#8221;https:\/\/gastplatsgranna.se\/wp-content\/uploads\/2022\/02\/Padel-Granna-scaled.jpg&#8221; image_icon_width=&#8221;100%&#8221; admin_label=&#8221;Section #2 Blurb #1&#8243; _builder_version=&#8221;4.16&#8243; _module_preset=&#8221;default&#8221; header_level=&#8221;h5&#8243; header_font=&#8221;|600|||||||&#8221; header_text_color=&#8221;#022831&#8243; header_font_size=&#8221;26px&#8221; body_text_color=&#8221;#04566E&#8221; body_font_size=&#8221;18px&#8221; background_color=&#8221;#FFFFFF&#8221; image_icon_custom_margin=&#8221;||||true|true&#8221; image_icon_custom_padding=&#8221;||||true|true&#8221; text_orientation=&#8221;center&#8221; custom_padding=&#8221;15px|15px|15px|15px|true|true&#8221; link_option_url=&#8221;www.grannapadel.nu&#8221; link_option_url_new_window=&#8221;on&#8221; box_shadow_style=&#8221;preset1&#8243; global_colors_info=&#8221;{}&#8221;]<\/p>\n<p><strong>Padel<\/strong><\/p>\n<p><span>In unserer Anlage neben dem G\u00e4stplats Gr\u00e4nna<br \/><\/span><span>haben wir vier hochmoderne Padelpl\u00e4tze. <\/span> <\/p>\n<p><span>Klicken Sie hier, um die verschiedenen M\u00f6glichkeiten zur einfachen Buchung Ihres Termins zu sehen!<br \/><\/span><span><\/span><\/p>\n<p>&nbsp;<\/p>\n<p>[\/et_pb_blurb][\/et_pb_column][et_pb_column type=&#8221;1_3&#8243; _builder_version=&#8221;4.16&#8243; _module_preset=&#8221;default&#8221; global_colors_info=&#8221;{}&#8221;][et_pb_blurb title=&#8221;Jagen und Fischen&#8221; image=&#8221;https:\/\/gastplatsgranna.se\/wp-content\/uploads\/2022\/03\/pexels-lumn-190294-scaled.jpg&#8221; image_icon_width=&#8221;100%&#8221; admin_label=&#8221;Section #2 Blurb #5&#8243; _builder_version=&#8221;4.24.2&#8243; _dynamic_attributes=&#8221;link_option_url,url&#8221; _module_preset=&#8221;default&#8221; header_level=&#8221;h5&#8243; header_font=&#8221;|600|||||||&#8221; header_text_color=&#8221;#022831&#8243; header_font_size=&#8221;26px&#8221; body_text_color=&#8221;#04566E&#8221; body_font_size=&#8221;18px&#8221; background_color=&#8221;#FFFFFF&#8221; image_icon_custom_margin=&#8221;||||true|true&#8221; image_icon_custom_padding=&#8221;||||true|true&#8221; text_orientation=&#8221;center&#8221; custom_padding=&#8221;15px|15px|15px|15px|true|true&#8221; link_option_url=&#8221;@ET-DC@eyJkeW5hbWljIjp0cnVlLCJjb250ZW50IjoicG9zdF9saW5rX3VybF9wYWdlIiwic2V0dGluZ3MiOnsicG9zdF9pZCI6IjEzNjEiLCJlbmFibGVfaHRtbCI6Im9mZiJ9fQ==@&#8221; hover_enabled=&#8221;0&#8243; box_shadow_style=&#8221;preset1&#8243; global_colors_info=&#8221;{}&#8221; url=&#8221;@ET-DC@eyJkeW5hbWljIjp0cnVlLCJjb250ZW50IjoicG9zdF9saW5rX3VybF9wYWdlIiwic2V0dGluZ3MiOnsicG9zdF9pZCI6IjEzNjEiLCJlbmFibGVfaHRtbCI6Im9mZiJ9fQ==@&#8221; sticky_enabled=&#8221;0&#8243;]<\/p>\n<p><strong>  Wasser und W\u00e4lder<\/strong><\/p>\n<p><span>Wenn Sie sich nach einem Ausflug in die W\u00e4lder sehnen oder vielleicht einen Moment an einem der Seen in der Umgebung von Gr\u00e4nna verbringen m\u00f6chten.<br \/>Wir haben hier einige Tipps zusammengestellt.<\/span><span><\/span><\/p>\n<p><span><\/span><\/p>\n<p>[\/et_pb_blurb][\/et_pb_column][et_pb_column type=&#8221;1_3&#8243; _builder_version=&#8221;4.16&#8243; _module_preset=&#8221;default&#8221; global_colors_info=&#8221;{}&#8221;][et_pb_blurb title=&#8221;G\u00e4stehaus Gr\u00e4nna&#8221; image=&#8221;https:\/\/gastplatsgranna.se\/wp-content\/uploads\/2022\/03\/pexels-photo-10071075.jpeg&#8221; image_icon_width=&#8221;100%&#8221; admin_label=&#8221;Section #2 Blurb #6&#8243; _builder_version=&#8221;4.24.2&#8243; _module_preset=&#8221;default&#8221; header_level=&#8221;h5&#8243; header_font=&#8221;|600|||||||&#8221; header_text_color=&#8221;#022831&#8243; header_font_size=&#8221;26px&#8221; body_text_color=&#8221;#04566E&#8221; body_font_size=&#8221;18px&#8221; background_color=&#8221;#FFFFFF&#8221; image_icon_custom_margin=&#8221;||||true|true&#8221; image_icon_custom_padding=&#8221;||||true|true&#8221; text_orientation=&#8221;center&#8221; custom_padding=&#8221;15px|15px|15px|15px|true|true&#8221; link_option_url_new_window=&#8221;on&#8221; box_shadow_style=&#8221;preset1&#8243; global_colors_info=&#8221;{}&#8221;]<\/p>\n<p><strong>Boul\u00e9<\/strong><\/p>\n<p><span>F\u00fcr unsere G\u00e4ste gibt es auf dem Campingplatz eine Boulebahn, die sich neben den Padelpl\u00e4tzen befindet.<\/span><\/p>\n<p>[\/et_pb_blurb][\/et_pb_column][\/et_pb_row][et_pb_row column_structure=&#8221;1_3,1_3,1_3&#8243; use_custom_gutter=&#8221;on&#8221; gutter_width=&#8221;2&#8243; admin_label=&#8221;Reihe&#8221; _builder_version=&#8221;4.16&#8243; _module_preset=&#8221;default&#8221; global_colors_info=&#8221;{}&#8221;][et_pb_column type=&#8221;1_3&#8243; _builder_version=&#8221;4.16&#8243; _module_preset=&#8221;default&#8221; global_colors_info=&#8221;{}&#8221;][et_pb_blurb title=&#8221;Golf&#8221; image=&#8221;https:\/\/gastplatsgranna.se\/wp-content\/uploads\/2022\/03\/pexels-photo-6572957.jpeg&#8221; image_icon_width=&#8221;100%&#8221; admin_label=&#8221;Section #2 Blurb #4&#8243; _builder_version=&#8221;4.24.2&#8243; _module_preset=&#8221;default&#8221; header_level=&#8221;h5&#8243; header_font=&#8221;|600|||||||&#8221; header_text_color=&#8221;#022831&#8243; header_font_size=&#8221;26px&#8221; body_text_color=&#8221;#04566E&#8221; body_font_size=&#8221;18px&#8221; background_color=&#8221;#FFFFFF&#8221; image_icon_custom_margin=&#8221;||||true|true&#8221; image_icon_custom_padding=&#8221;||||true|true&#8221; text_orientation=&#8221;center&#8221; custom_padding=&#8221;15px|15px|15px|15px|true|true&#8221; link_option_url=&#8221;@ET-DC@eyJkeW5hbWljIjp0cnVlLCJjb250ZW50IjoicG9zdF9saW5rX3VybF9wYWdlIiwic2V0dGluZ3MiOnsicG9zdF9pZCI6IjEzNzMiLCJlbmFibGVfaHRtbCI6Im9mZiJ9fQ==@&#8221; hover_enabled=&#8221;0&#8243; box_shadow_style=&#8221;preset1&#8243; global_colors_info=&#8221;{}&#8221; url=&#8221;@ET-DC@eyJkeW5hbWljIjp0cnVlLCJjb250ZW50IjoicG9zdF9saW5rX3VybF9wYWdlIiwic2V0dGluZ3MiOnsicG9zdF9pZCI6IjEzNzMiLCJlbmFibGVfaHRtbCI6Im9mZiJ9fQ==@&#8221; _dynamic_attributes=&#8221;url,link_option_url&#8221; sticky_enabled=&#8221;0&#8243;]<\/p>\n<p><strong>Golfpl\u00e4tze<\/strong><\/p>\n<p><span>Wenn Sie auf der Suche nach neuen Golferlebnissen sind, haben wir mehrere Golfpl\u00e4tze in der N\u00e4he von Gr\u00e4nna. Hier sind einige unserer Favoriten.  <\/span><\/p>\n<p>[\/et_pb_blurb][\/et_pb_column][et_pb_column type=&#8221;1_3&#8243; _builder_version=&#8221;4.16&#8243; _module_preset=&#8221;default&#8221; global_colors_info=&#8221;{}&#8221;][et_pb_blurb title=&#8221;Skatepark&#8221; image=&#8221;https:\/\/gastplatsgranna.se\/wp-content\/uploads\/2022\/03\/granna-skatepark-camping.jpg&#8221; image_icon_width=&#8221;100%&#8221; admin_label=&#8221;Section #2 Blurb #6&#8243; _builder_version=&#8221;4.16&#8243; _module_preset=&#8221;default&#8221; header_level=&#8221;h5&#8243; header_font=&#8221;|600|||||||&#8221; header_text_color=&#8221;#022831&#8243; header_font_size=&#8221;26px&#8221; body_text_color=&#8221;#04566E&#8221; body_font_size=&#8221;18px&#8221; background_color=&#8221;#FFFFFF&#8221; image_icon_custom_margin=&#8221;||||true|true&#8221; image_icon_custom_padding=&#8221;||||true|true&#8221; text_orientation=&#8221;center&#8221; custom_padding=&#8221;15px|15px|15px|15px|true|true&#8221; link_option_url=&#8221;https:\/\/skatespot.nu\/granna-skatepark&#8221; link_option_url_new_window=&#8221;on&#8221; box_shadow_style=&#8221;preset1&#8243; global_colors_info=&#8221;{}&#8221;]<\/p>\n<p><strong>Schlittschuh\/Multiarena<\/strong><\/p>\n<p><span>In Verbindung mit den Fu\u00dfballpl\u00e4tzen oberhalb des Campingplatzes gibt es eine Multi-Arena f\u00fcr Basketball\/Fu\u00dfball\/Houseband etc. und einen modernen Skatepark.<\/span><\/p>\n<p>[\/et_pb_blurb][\/et_pb_column][et_pb_column type=&#8221;1_3&#8243; _builder_version=&#8221;4.16&#8243; _module_preset=&#8221;default&#8221; global_colors_info=&#8221;{}&#8221;][et_pb_blurb title=&#8221;Gr\u00e4nnaberget&#8221; image=&#8221;https:\/\/gastplatsgranna.se\/wp-content\/uploads\/2022\/03\/pictureg.jpg&#8221; image_icon_width=&#8221;100%&#8221; admin_label=&#8221;Section #2 Blurb #3&#8243; _builder_version=&#8221;4.24.2&#8243; _module_preset=&#8221;default&#8221; header_level=&#8221;h5&#8243; header_font=&#8221;|600|||||||&#8221; header_text_color=&#8221;#022831&#8243; header_font_size=&#8221;26px&#8221; body_text_color=&#8221;#04566E&#8221; body_font_size=&#8221;18px&#8221; background_color=&#8221;#FFFFFF&#8221; image_icon_custom_margin=&#8221;||||true|true&#8221; image_icon_custom_padding=&#8221;||||true|true&#8221; text_orientation=&#8221;center&#8221; custom_padding=&#8221;15px|15px|15px|15px|true|true&#8221; link_option_url=&#8221;https:\/\/www.grannabygdensok.se\/&#8221; link_option_url_new_window=&#8221;on&#8221; box_shadow_style=&#8221;preset1&#8243; global_colors_info=&#8221;{}&#8221;]<\/p>\n<p><strong>Fitnesspfade und Mountainbiking<\/strong><\/p>\n<p><span>Auf dem wundersch\u00f6nen Gr\u00e4nnaberget befindet sich eine der besten Mountainbike-Anlagen Schwedens. Au\u00dferdem gibt es mehrere Wanderwege, die zum Laufen oder Spazierengehen einladen.<\/span><\/p>\n<p>[\/et_pb_blurb][\/et_pb_column][\/et_pb_row][et_pb_row column_structure=&#8221;1_3,1_3,1_3&#8243; use_custom_gutter=&#8221;on&#8221; gutter_width=&#8221;2&#8243; admin_label=&#8221;Reihe&#8221; _builder_version=&#8221;4.16&#8243; _module_preset=&#8221;default&#8221; global_colors_info=&#8221;{}&#8221;][et_pb_column type=&#8221;1_3&#8243; _builder_version=&#8221;4.16&#8243; _module_preset=&#8221;default&#8221; global_colors_info=&#8221;{}&#8221;][et_pb_blurb title=&#8221;Remmalagen visings\u00f6&#8221; image=&#8221;https:\/\/gastplatsgranna.se\/wp-content\/uploads\/2022\/03\/Remmalag-i-skogen.jpg&#8221; image_icon_width=&#8221;100%&#8221; admin_label=&#8221;Section #2 Blurb #4&#8243; _builder_version=&#8221;4.16&#8243; _module_preset=&#8221;default&#8221; header_level=&#8221;h5&#8243; header_font=&#8221;|600|||||||&#8221; header_text_color=&#8221;#022831&#8243; header_font_size=&#8221;26px&#8221; body_text_color=&#8221;#04566E&#8221; body_font_size=&#8221;18px&#8221; background_color=&#8221;#FFFFFF&#8221; image_icon_custom_margin=&#8221;||||true|true&#8221; image_icon_custom_padding=&#8221;||||true|true&#8221; text_orientation=&#8221;center&#8221; custom_padding=&#8221;15px|15px|15px|15px|true|true&#8221; link_option_url=&#8221;https:\/\/www.visingsoremmalag.se\/&#8221; link_option_url_new_window=&#8221;on&#8221; box_shadow_style=&#8221;preset1&#8243; global_colors_info=&#8221;{}&#8221;]<\/p>\n<p><strong>Rema-Schicht<\/strong><\/p>\n<p><span>Machen Sie sich auf den Weg zur V\u00e4ttern-Perle Visings\u00f6 und sp\u00fcren Sie, wie die Zeit f\u00fcr einen Moment stehen bleibt, f\u00fchlen Sie die Fl\u00fcgel der Geschichte bei einer gef\u00fchrten Tour mit der Pferdekutsche.<\/span><\/p>\n<p>[\/et_pb_blurb][\/et_pb_column][et_pb_column type=&#8221;1_3&#8243; _builder_version=&#8221;4.16&#8243; _module_preset=&#8221;default&#8221; global_colors_info=&#8221;{}&#8221;][et_pb_blurb title=&#8221;Visings\u00f6 Fahrradverleih&#8221; image=&#8221;https:\/\/gastplatsgranna.se\/wp-content\/uploads\/2022\/03\/pexels-photo-100582.jpeg&#8221; image_icon_width=&#8221;100%&#8221; admin_label=&#8221;Section #2 Blurb #5&#8243; _builder_version=&#8221;4.16&#8243; _module_preset=&#8221;default&#8221; header_level=&#8221;h5&#8243; header_font=&#8221;|600|||||||&#8221; header_text_color=&#8221;#022831&#8243; header_font_size=&#8221;26px&#8221; body_text_color=&#8221;#04566E&#8221; body_font_size=&#8221;18px&#8221; background_color=&#8221;#FFFFFF&#8221; image_icon_custom_margin=&#8221;||||true|true&#8221; image_icon_custom_padding=&#8221;||||true|true&#8221; text_orientation=&#8221;center&#8221; custom_padding=&#8221;15px|15px|15px|15px|true|true&#8221; link_option_url=&#8221;https:\/\/www.visingsocykeluthyrning.se\/&#8221; link_option_url_new_window=&#8221;on&#8221; box_shadow_style=&#8221;preset1&#8243; global_colors_info=&#8221;{}&#8221;]<\/p>\n<p><strong>Fahrrad<\/strong><\/p>\n<p><span>Eine M\u00f6glichkeit, alle Ecken und Winkel des wundersch\u00f6nen Visings\u00f6 wirklich zu erleben und zu entdecken, ist die Fahrt mit dem Fahrrad. Es k\u00f6nnen Fahrr\u00e4der ausgeliehen werden.<\/span><\/p>\n<p>[\/et_pb_blurb][\/et_pb_column][et_pb_column type=&#8221;1_3&#8243; _builder_version=&#8221;4.16&#8243; _module_preset=&#8221;default&#8221; global_colors_info=&#8221;{}&#8221;][et_pb_blurb title=&#8221;Grenna Ballon &amp; Erlebnis&#8221; image=&#8221;https:\/\/gastplatsgranna.se\/wp-content\/uploads\/2022\/02\/Ballong-01-1-scaled.jpg&#8221; image_icon_width=&#8221;100%&#8221; admin_label=&#8221;Section #2 Blurb #6&#8243; _builder_version=&#8221;4.16&#8243; _module_preset=&#8221;default&#8221; header_level=&#8221;h5&#8243; header_font=&#8221;|600|||||||&#8221; header_text_color=&#8221;#022831&#8243; header_font_size=&#8221;26px&#8221; body_text_color=&#8221;#04566E&#8221; body_font_size=&#8221;18px&#8221; background_color=&#8221;#FFFFFF&#8221; image_icon_custom_margin=&#8221;||||true|true&#8221; image_icon_custom_padding=&#8221;||||true|true&#8221; text_orientation=&#8221;center&#8221; custom_padding=&#8221;15px|15px|15px|15px|true|true&#8221; link_option_url=&#8221;https:\/\/flyg-ballong.nu\/&#8221; link_option_url_new_window=&#8221;on&#8221; box_shadow_style=&#8221;preset1&#8243; global_colors_info=&#8221;{}&#8221;]<\/p>\n<p><strong>Fahrt im Hei\u00dfluftballon<\/strong><\/p>\n<p><span>Als kr\u00f6nender Abschluss ist es vielleicht an der Zeit, Gr\u00e4nna und seine Umgebung so zu erleben, wie es einst Gr\u00e4nnas Sohn, der Hei\u00dfluftballonfahrer S.A. Andr\u00e9en, tat.<\/span><\/p>\n<p>[\/et_pb_blurb][\/et_pb_column][\/et_pb_row][et_pb_row column_structure=&#8221;1_3,1_3,1_3&#8243; use_custom_gutter=&#8221;on&#8221; gutter_width=&#8221;2&#8243; admin_label=&#8221;Reihe&#8221; _builder_version=&#8221;4.16&#8243; _module_preset=&#8221;default&#8221; global_colors_info=&#8221;{}&#8221;][et_pb_column type=&#8221;1_3&#8243; _builder_version=&#8221;4.16&#8243; _module_preset=&#8221;default&#8221; global_colors_info=&#8221;{}&#8221;][et_pb_blurb title=&#8221;Magische Bootsfahrten&#8221; image=&#8221;https:\/\/gastplatsgranna.se\/wp-content\/uploads\/2022\/02\/Trolska-Batturer-3.jpg&#8221; image_icon_width=&#8221;100%&#8221; admin_label=&#8221;Section #2 Blurb #4&#8243; _builder_version=&#8221;4.16&#8243; _module_preset=&#8221;default&#8221; header_level=&#8221;h5&#8243; header_font=&#8221;|600|||||||&#8221; header_text_color=&#8221;#022831&#8243; header_font_size=&#8221;26px&#8221; body_text_color=&#8221;#04566E&#8221; body_font_size=&#8221;18px&#8221; background_color=&#8221;#FFFFFF&#8221; image_icon_custom_margin=&#8221;||||true|true&#8221; image_icon_custom_padding=&#8221;||||true|true&#8221; text_orientation=&#8221;center&#8221; custom_padding=&#8221;15px|15px|15px|15px|true|true&#8221; link_option_url=&#8221;https:\/\/trolska.se\/&#8221; link_option_url_new_window=&#8221;on&#8221; box_shadow_style=&#8221;preset1&#8243; global_colors_info=&#8221;{}&#8221;]<\/p>\n<p><strong>Bootsfahrten, Essen und Aktivit\u00e4ten in magischen W\u00e4ldern.<\/strong><\/p>\n<p>Erleben Sie die inspirierende Umgebung von John Bauer und die mit Seerosen gef\u00fcllten Kan\u00e4le, die die Seen Bunn, \u00d6ren und Kvarnsj\u00f6arna verbinden.<\/p>\n<p>Machen Sie einen Ausflug nach Gr\u00e4nna!<\/p>\n<p>[\/et_pb_blurb][\/et_pb_column][et_pb_column type=&#8221;1_3&#8243; _builder_version=&#8221;4.16&#8243; _module_preset=&#8221;default&#8221; global_colors_info=&#8221;{}&#8221;][et_pb_blurb title=&#8221;Grenna-Museum&#8221; url=&#8221;https:\/\/www.grennamuseum.se\/&#8221; url_new_window=&#8221;on&#8221; image=&#8221;https:\/\/gastplatsgranna.se\/wp-content\/uploads\/2022\/03\/Ballongen-lyfter-e1557471090361-1392&#215;369-1.jpg&#8221; image_icon_width=&#8221;100%&#8221; admin_label=&#8221;Section #2 Blurb #5&#8243; _builder_version=&#8221;4.24.2&#8243; _module_preset=&#8221;default&#8221; header_level=&#8221;h5&#8243; header_font=&#8221;|600|||||||&#8221; header_text_color=&#8221;#022831&#8243; header_font_size=&#8221;26px&#8221; body_text_color=&#8221;#04566E&#8221; body_font_size=&#8221;18px&#8221; background_color=&#8221;#FFFFFF&#8221; image_icon_custom_margin=&#8221;||||true|true&#8221; image_icon_custom_padding=&#8221;||||true|true&#8221; text_orientation=&#8221;center&#8221; custom_padding=&#8221;15px|15px|15px|15px|true|true&#8221; link_option_url=&#8221;https:\/\/www.grennamuseum.se\/&#8221; link_option_url_new_window=&#8221;on&#8221; box_shadow_style=&#8221;preset1&#8243; global_colors_info=&#8221;{}&#8221;]<\/p>\n<p><strong>Die Andr\u00e9e-Expedition<\/strong><\/p>\n<p>Willkommen, um mehr \u00fcber die Andr\u00e9e-Expedition und die Geschichte von Gr\u00e4nna zu erfahren.<\/p>\n<p>[\/et_pb_blurb][\/et_pb_column][et_pb_column type=&#8221;1_3&#8243; _builder_version=&#8221;4.16&#8243; _module_preset=&#8221;default&#8221; global_colors_info=&#8221;{}&#8221;][et_pb_blurb title=&#8221;Polka dots backen&#8221; image=&#8221;https:\/\/gastplatsgranna.se\/wp-content\/uploads\/2022\/02\/polkagrisen.jpg&#8221; image_icon_width=&#8221;100%&#8221; admin_label=&#8221;Section #2 Blurb #2&#8243; _builder_version=&#8221;4.24.2&#8243; _dynamic_attributes=&#8221;link_option_url&#8221; _module_preset=&#8221;default&#8221; header_level=&#8221;h5&#8243; header_font=&#8221;|600|||||||&#8221; header_text_color=&#8221;#022831&#8243; header_font_size=&#8221;26px&#8221; body_text_color=&#8221;#04566E&#8221; body_font_size=&#8221;18px&#8221; background_color=&#8221;#FFFFFF&#8221; image_icon_custom_margin=&#8221;||||true|true&#8221; image_icon_custom_padding=&#8221;||||true|true&#8221; text_orientation=&#8221;center&#8221; custom_padding=&#8221;15px|15px|15px|15px|true|true&#8221; link_option_url=&#8221;@ET-DC@eyJkeW5hbWljIjp0cnVlLCJjb250ZW50IjoicG9zdF9saW5rX3VybF9wYWdlIiwic2V0dGluZ3MiOnsicG9zdF9pZCI6IjEzMzYiLCJlbmFibGVfaHRtbCI6Im9mZiJ9fQ==@&#8221; box_shadow_style=&#8221;preset1&#8243; global_colors_info=&#8221;{}&#8221;]<\/p>\n<p><strong>Mach deine eigene Zuckerstange<\/strong><\/p>\n<p><span>Wenn Sie auf der Suche nach einer unvergesslichen und lustigen Aktivit\u00e4t sind, ist das Backen von Zuckerstangen genau das Richtige.<\/span><\/p>\n<p>[\/et_pb_blurb][\/et_pb_column][\/et_pb_row][\/et_pb_section][et_pb_section fb_built=&#8221;1&#8243; _builder_version=&#8221;4.16&#8243; _module_preset=&#8221;default&#8221; global_colors_info=&#8221;{}&#8221;][\/et_pb_section]<\/p>\n","protected":false},"excerpt":{"rendered":"<p>Aktivit\u00e4tenW\u00e4hrend Ihres Aufenthalts im wundersch\u00f6nen Gr\u00e4nna sollten Sie unbedingt die angebotenen Aktivit\u00e4ten ausprobieren. Es ist f\u00fcr jeden etwas dabei, unabh\u00e4ngig von Alter oder Behinderung. Nachfolgend finden Sie eine Auswahl von Aktivit\u00e4ten, die Sie bei Ihrem Besuch bei uns durchf\u00fchren k\u00f6nnen www.gastplatsgranna.se Klicken Sie auf die Bilder, um zur Website der jeweiligen Aktivit\u00e4t zu gelangen. Padel [&hellip;]<\/p>\n","protected":false},"author":13,"featured_media":0,"parent":0,"menu_order":0,"comment_status":"closed","ping_status":"closed","template":"","meta":{"_acf_changed":false,"_et_pb_use_builder":"on","_et_pb_old_content":"","_et_gb_content_width":"","footnotes":""},"class_list":["post-31079","page","type-page","status-publish","hentry"],"acf":[],"publishpress_future_action":{"enabled":false,"date":"2026-04-12 21:26:49","action":"change-status","newStatus":"draft","terms":[],"taxonomy":"translation_priority","extraData":[]},"publishpress_future_workflow_manual_trigger":{"enabledWorkflows":[]},"_links":{"self":[{"href":"https:\/\/gastplatsgranna.se\/de\/wp-json\/wp\/v2\/pages\/31079","targetHints":{"allow":["GET"]}}],"collection":[{"href":"https:\/\/gastplatsgranna.se\/de\/wp-json\/wp\/v2\/pages"}],"about":[{"href":"https:\/\/gastplatsgranna.se\/de\/wp-json\/wp\/v2\/types\/page"}],"author":[{"embeddable":true,"href":"https:\/\/gastplatsgranna.se\/de\/wp-json\/wp\/v2\/users\/13"}],"replies":[{"embeddable":true,"href":"https:\/\/gastplatsgranna.se\/de\/wp-json\/wp\/v2\/comments?post=31079"}],"version-history":[{"count":3,"href":"https:\/\/gastplatsgranna.se\/de\/wp-json\/wp\/v2\/pages\/31079\/revisions"}],"predecessor-version":[{"id":44487,"href":"https:\/\/gastplatsgranna.se\/de\/wp-json\/wp\/v2\/pages\/31079\/revisions\/44487"}],"wp:attachment":[{"href":"https:\/\/gastplatsgranna.se\/de\/wp-json\/wp\/v2\/media?parent=31079"}],"curies":[{"name":"wp","href":"https:\/\/api.w.org\/{rel}","templated":true}]}}