{"id":30832,"date":"2022-03-16T08:54:55","date_gmt":"2022-03-16T08:54:55","guid":{"rendered":"https:\/\/gastplatsgranna.se\/polka-dots-backen\/"},"modified":"2023-05-22T12:01:46","modified_gmt":"2023-05-22T12:01:46","slug":"polka-dots-backen","status":"publish","type":"page","link":"https:\/\/gastplatsgranna.se\/de\/polka-dots-backen\/","title":{"rendered":"Polka dots backen"},"content":{"rendered":"<p>[et_pb_section fb_built=&#8221;1&#8243; admin_label=&#8221;Blurb section #2&#8243; _builder_version=&#8221;4.14.7&#8243; _module_preset=&#8221;default&#8221; background_enable_color=&#8221;off&#8221; use_background_color_gradient=&#8221;on&#8221; background_color_gradient_start=&#8221;#ffffff&#8221; background_color_gradient_end=&#8221;rgba(255,255,255,0)&#8221; background_color_gradient_direction=&#8221;90deg&#8221; background_color_gradient_start_position=&#8221;50%&#8221; background_color_gradient_end_position=&#8221;50%&#8221; background_color_gradient_overlays_image=&#8221;on&#8221; background_image=&#8221;https:\/\/gastplatsgranna.se\/wp-content\/uploads\/2022\/02\/polkagrisar-avlang-scaled.jpg&#8221; custom_margin=&#8221;0px||0px||true|false&#8221; custom_padding=&#8221;0px||75px||false|false&#8221; background_last_edited=&#8221;on|phone&#8221; use_background_color_gradient_tablet=&#8221;on&#8221; background_color_gradient_end_tablet=&#8221;#d8dfe9&#8243; background_enable_image_tablet=&#8221;off&#8221; global_colors_info=&#8221;{}&#8221;][et_pb_row use_custom_gutter=&#8221;on&#8221; gutter_width=&#8221;2&#8243; admin_label=&#8221;Reihe&#8221; _builder_version=&#8221;4.14.7&#8243; _module_preset=&#8221;default&#8221; background_color=&#8221;#FFFFFF&#8221; global_colors_info=&#8221;{}&#8221;][et_pb_column type=&#8221;4_4&#8243; _builder_version=&#8221;4.14.7&#8243; _module_preset=&#8221;default&#8221; global_colors_info=&#8221;{}&#8221;][et_pb_text _builder_version=&#8221;4.14.7&#8243; _module_preset=&#8221;default&#8221; text_text_color=&#8221;#FFFFFF&#8221; header_text_color=&#8221;#FFFFFF&#8221; header_2_text_color=&#8221;#FFFFFF&#8221; header_2_font_size=&#8221;32px&#8221; header_3_text_color=&#8221;#FFFFFF&#8221; background_color=&#8221;#04566E&#8221; max_width=&#8221;35%&#8221; max_width_tablet=&#8221;85%&#8221; max_width_phone=&#8221;100%&#8221; max_width_last_edited=&#8221;on|phone&#8221; module_alignment=&#8221;center&#8221; custom_padding=&#8221;10px||||false|false&#8221; box_shadow_style=&#8221;preset4&#8243; global_colors_info=&#8221;{}&#8221;]<\/p>\n<h2 style=\"text-align: center;\"><span style=\"color: #ffffff;\">Polka dots backen<\/span><\/h2>\n<p>[\/et_pb_text][et_pb_text _builder_version=&#8221;4.14.7&#8243; _module_preset=&#8221;default&#8221; custom_padding=&#8221;20px|20px|20px|20px|false|true&#8221; locked=&#8221;off&#8221; global_colors_info=&#8221;{}&#8221;]<\/p>\n<p style=\"text-align: center;\"><span style=\"font-size: large;\">Hier sind einige Tipps, wo Sie Ihre eigene Zuckerstange backen k\u00f6nnen! Perfekt mit Freunden oder als Firmenaktivit\u00e4t!<\/span><\/p>\n<p style=\"text-align: center;\"><span style=\"font-size: large;\"><em>Klicken Sie auf die Bilder, um zur Website der jeweiligen Aktivit\u00e4t zu gelangen.<\/em><\/span><span style=\"font-size: large;\"><\/span><\/p>\n<p style=\"text-align: center;\"><span style=\"font-size: large;\"><\/span><\/p>\n<p>[\/et_pb_text][\/et_pb_column][\/et_pb_row][et_pb_row column_structure=&#8221;1_2,1_2&#8243; use_custom_gutter=&#8221;on&#8221; gutter_width=&#8221;2&#8243; admin_label=&#8221;Reihe&#8221; _builder_version=&#8221;4.14.7&#8243; _module_preset=&#8221;default&#8221; global_colors_info=&#8221;{}&#8221;][et_pb_column type=&#8221;1_2&#8243; _builder_version=&#8221;4.14.7&#8243; _module_preset=&#8221;default&#8221; global_colors_info=&#8221;{}&#8221;][et_pb_blurb title=&#8221;Polarprinzen&#8221; image=&#8221;https:\/\/gastplatsgranna.se\/wp-content\/uploads\/2022\/03\/hero_2-1024&#215;478-1.jpg&#8221; image_icon_width=&#8221;100%&#8221; admin_label=&#8221;Section #2 Blurb #1&#8243; _builder_version=&#8221;4.14.7&#8243; _module_preset=&#8221;default&#8221; header_level=&#8221;h5&#8243; header_font=&#8221;|600|||||||&#8221; header_text_color=&#8221;#022831&#8243; header_font_size=&#8221;26px&#8221; body_text_color=&#8221;#04566E&#8221; body_font_size=&#8221;18px&#8221; background_color=&#8221;#FFFFFF&#8221; image_icon_custom_margin=&#8221;||||true|true&#8221; image_icon_custom_padding=&#8221;||||true|true&#8221; text_orientation=&#8221;center&#8221; custom_padding=&#8221;15px|15px|15px|15px|true|true&#8221; link_option_url=&#8221;https:\/\/polkaprinsen.se\/bakning\/&#8221; link_option_url_new_window=&#8221;on&#8221; box_shadow_style=&#8221;preset1&#8243; global_colors_info=&#8221;{}&#8221;]<\/p>\n<p><span><\/span><\/p>\n<p><span>In neu renovierten und ger\u00e4umigen R\u00e4umlichkeiten im Zentrum von Gr\u00e4nna finden Sie Polkaprinsen.  <\/span><\/p>\n<p><span>Zusammen mit Ihren Kollegen oder Freunden ist dies eine abwechslungsreiche und unterhaltsame Aktivit\u00e4t, die Sie so schnell nicht vergessen werden!<\/span><span><\/span><\/p>\n<p>&nbsp;<\/p>\n<p>[\/et_pb_blurb][et_pb_blurb title=&#8221;Gepunktetes Reisbaguette&#8221; image=&#8221;https:\/\/gastplatsgranna.se\/wp-content\/uploads\/2022\/03\/Polkagrisbagarn.jpg&#8221; image_icon_width=&#8221;100%&#8221; admin_label=&#8221;Section #2 Blurb #1&#8243; _builder_version=&#8221;4.14.7&#8243; _module_preset=&#8221;default&#8221; header_level=&#8221;h5&#8243; header_font=&#8221;|600|||||||&#8221; header_text_color=&#8221;#022831&#8243; header_font_size=&#8221;26px&#8221; body_text_color=&#8221;#04566E&#8221; body_font_size=&#8221;18px&#8221; background_color=&#8221;#FFFFFF&#8221; image_icon_custom_margin=&#8221;||||true|true&#8221; image_icon_custom_padding=&#8221;||||true|true&#8221; text_orientation=&#8221;center&#8221; custom_padding=&#8221;15px|15px|15px|15px|true|true&#8221; link_option_url=&#8221;https:\/\/polkaprinsen.se\/bakning\/&#8221; link_option_url_new_window=&#8221;on&#8221; hover_enabled=&#8221;0&#8243; box_shadow_style=&#8221;preset1&#8243; global_colors_info=&#8221;{}&#8221; title_text=&#8221;Polkagrisbagarn&#8221; sticky_enabled=&#8221;0&#8243;]<\/p>\n<p>&nbsp;<\/p>\n<p>Polkagrisbagar&#8217;n AB ist eine Polkagris-K\u00fcche mit einem Laden im Zentrum der Polkagris-Stadt Gr\u00e4nna. Wir befinden uns in Gr\u00e4nnas Hauptstra\u00dfe, der Brahegatan. Hier zeigen wir Ihnen die traditionelle Herstellung von \u00c4kta Gr\u00e4nna Polkagrisar.<\/p>\n<p>Polka Dots werden in verschiedenen Geschmacksrichtungen, Gr\u00f6\u00dfen und Formen hergestellt.<\/p>\n<p>&nbsp;<\/p>\n<p>[\/et_pb_blurb][\/et_pb_column][et_pb_column type=&#8221;1_2&#8243; _builder_version=&#8221;4.14.7&#8243; _module_preset=&#8221;default&#8221; global_colors_info=&#8221;{}&#8221;][et_pb_blurb title=&#8221;Grenna Polka Reis kochen&#8221; image=&#8221;https:\/\/gastplatsgranna.se\/wp-content\/uploads\/2022\/02\/polkagrisen.jpg&#8221; image_icon_width=&#8221;100%&#8221; admin_label=&#8221;Section #2 Blurb #1&#8243; _builder_version=&#8221;4.14.7&#8243; _module_preset=&#8221;default&#8221; header_level=&#8221;h5&#8243; header_font=&#8221;|600|||||||&#8221; header_text_color=&#8221;#022831&#8243; header_font_size=&#8221;26px&#8221; body_text_color=&#8221;#04566E&#8221; body_font_size=&#8221;18px&#8221; background_color=&#8221;#FFFFFF&#8221; image_icon_custom_margin=&#8221;||||true|true&#8221; image_icon_custom_padding=&#8221;||||true|true&#8221; text_orientation=&#8221;center&#8221; custom_padding=&#8221;15px|15px|15px|15px|true|true&#8221; link_option_url=&#8221;https:\/\/www.polkagris.com\/&#8221; link_option_url_new_window=&#8221;on&#8221; box_shadow_style=&#8221;preset1&#8243; global_colors_info=&#8221;{}&#8221;]<\/p>\n<p><span><\/span><\/p>\n<p><span>M\u00f6chten Sie eine lustige und etwas andere Veranstaltung erleben, vielleicht einen Firmenauftakt, einen Junggesellinnenabschied oder eine Kinderparty?  <\/span><\/p>\n<p><span>Buchen Sie unser beliebtes Zuckerstangenbacken und nehmen Sie Ihre eigenen Zuckerstangen mit nach Hause. Es ist nur Ihre Vorstellungskraft, die Sie daran hindert, etwas zu schaffen.  <\/span><\/p>\n<p><span>Oder machen Sie doch einen Wettbewerb daraus &#8211; wer macht die sch\u00f6nsten Streifen?<\/span><\/p>\n<p>&nbsp;<\/p>\n<p>[\/et_pb_blurb][\/et_pb_column][\/et_pb_row][\/et_pb_section][et_pb_section fb_built=&#8221;1&#8243; _builder_version=&#8221;4.14.7&#8243; _module_preset=&#8221;default&#8221; global_colors_info=&#8221;{}&#8221;][\/et_pb_section]<\/p>\n","protected":false},"excerpt":{"rendered":"<p>Polka dots backenHier sind einige Tipps, wo Sie Ihre eigene Zuckerstange backen k\u00f6nnen! Perfekt mit Freunden oder als Firmenaktivit\u00e4t! Klicken Sie auf die Bilder, um zur Website der jeweiligen Aktivit\u00e4t zu gelangen. In neu renovierten und ger\u00e4umigen R\u00e4umlichkeiten im Zentrum von Gr\u00e4nna finden Sie Polkaprinsen. Zusammen mit Ihren Kollegen oder Freunden ist dies eine abwechslungsreiche [&hellip;]<\/p>\n","protected":false},"author":13,"featured_media":0,"parent":0,"menu_order":0,"comment_status":"closed","ping_status":"closed","template":"","meta":{"_acf_changed":false,"_et_pb_use_builder":"on","_et_pb_old_content":"","_et_gb_content_width":"","footnotes":""},"class_list":["post-30832","page","type-page","status-publish","hentry"],"acf":[],"publishpress_future_action":{"enabled":false,"date":"2026-05-06 20:12:32","action":"change-status","newStatus":"draft","terms":[],"taxonomy":"translation_priority","extraData":[]},"publishpress_future_workflow_manual_trigger":{"enabledWorkflows":[]},"_links":{"self":[{"href":"https:\/\/gastplatsgranna.se\/de\/wp-json\/wp\/v2\/pages\/30832","targetHints":{"allow":["GET"]}}],"collection":[{"href":"https:\/\/gastplatsgranna.se\/de\/wp-json\/wp\/v2\/pages"}],"about":[{"href":"https:\/\/gastplatsgranna.se\/de\/wp-json\/wp\/v2\/types\/page"}],"author":[{"embeddable":true,"href":"https:\/\/gastplatsgranna.se\/de\/wp-json\/wp\/v2\/users\/13"}],"replies":[{"embeddable":true,"href":"https:\/\/gastplatsgranna.se\/de\/wp-json\/wp\/v2\/comments?post=30832"}],"version-history":[{"count":0,"href":"https:\/\/gastplatsgranna.se\/de\/wp-json\/wp\/v2\/pages\/30832\/revisions"}],"wp:attachment":[{"href":"https:\/\/gastplatsgranna.se\/de\/wp-json\/wp\/v2\/media?parent=30832"}],"curies":[{"name":"wp","href":"https:\/\/api.w.org\/{rel}","templated":true}]}}