{"id":30711,"date":"2022-03-24T08:39:48","date_gmt":"2022-03-24T08:39:48","guid":{"rendered":"https:\/\/gastplatsgranna.se\/bedingungen-fuer-den-kauf\/"},"modified":"2023-05-22T10:59:17","modified_gmt":"2023-05-22T10:59:17","slug":"bedingungen-fuer-den-kauf","status":"publish","type":"page","link":"https:\/\/gastplatsgranna.se\/de\/bedingungen-fuer-den-kauf\/","title":{"rendered":"Bedingungen f\u00fcr den Kauf"},"content":{"rendered":"<p>[et_pb_section fb_built=&#8221;1&#8243; _builder_version=&#8221;4.16&#8243; _module_preset=&#8221;default&#8221; global_colors_info=&#8221;{}&#8221;][et_pb_row _builder_version=&#8221;4.16&#8243; _module_preset=&#8221;default&#8221; custom_margin=&#8221;50px||50px||true|false&#8221; border_width_top=&#8221;2px&#8221; border_color_top=&#8221;#689368&#8243; border_width_bottom=&#8221;2px&#8221; border_color_bottom=&#8221;#689368&#8243; global_colors_info=&#8221;{}&#8221;][et_pb_column type=&#8221;4_4&#8243; _builder_version=&#8221;4.16&#8243; _module_preset=&#8221;default&#8221; global_colors_info=&#8221;{}&#8221;][et_pb_text _builder_version=&#8221;4.17.3&#8243; _module_preset=&#8221;default&#8221; global_colors_info=&#8221;{}&#8221;]<\/p>\n<h2 style=\"text-align: center;\">Bedingungen f\u00fcr den Kauf<\/h2>\n<p>[\/et_pb_text][et_pb_text _builder_version=&#8221;4.16&#8243; _module_preset=&#8221;default&#8221; text_font_size=&#8221;16px&#8221; global_colors_info=&#8221;{}&#8221;]<\/p>\n<p><b><span data-contrast=\"auto\">Bedingungen f\u00fcr die Buchung und Bezahlung eines Wohnmobilstellplatzes im G\u00e4stehaus Gr\u00e4nna.<\/span><\/b><span data-ccp-props=\"{\"134233117\":true,\"134233118\":true,\"201341983\":0,\"335559739\":160,\"335559740\":240}\"> <\/span><\/p>\n<p><span data-contrast=\"auto\">Diese Bedingungen gelten zwischen Gr\u00e4nna Hamnkrog Park AB und denjenigen, die einen Stellplatz im G\u00e4stehaus Gr\u00e4nna buchen\/bezahlen.<\/span><span data-ccp-props=\"{\"134233117\":true,\"134233118\":true,\"201341983\":0,\"335559739\":160,\"335559740\":240}\"> <\/span><\/p>\n<p><span data-contrast=\"auto\">Der K\u00e4ufer\/Zahler wird in den Allgemeinen Gesch\u00e4ftsbedingungen als &#8220;Kunde&#8221; bezeichnet. Der Lieferant wird als &#8220;Gr\u00e4nna Hamnkrog Park AB&#8221;, &#8220;Wir&#8221; oder &#8220;Gr\u00e4nna G\u00e4stplats&#8221; bezeichnet.  <\/span><span data-ccp-props=\"{\"134233117\":true,\"134233118\":true,\"201341983\":0,\"335559739\":160,\"335559740\":240}\"> <\/span><\/p>\n<p><span data-contrast=\"auto\">Die Buchung\/Zahlung gilt f\u00fcr die Miete eines Stellplatzes auf dem Gr\u00e4nna G\u00e4stplats. Die Kunden\/G\u00e4ste des Gr\u00e4nna G\u00e4stplats sind verpflichtet, die f\u00fcr den Gast\/Standort geltende &#8220;Gesch\u00e4ftsordnung&#8221; zu befolgen; dieses Dokument ist in seiner Gesamtheit unter https:\/\/grannagastplats.se\/information verf\u00fcgbar.<\/span><span data-ccp-props=\"{\"134233117\":true,\"134233118\":true,\"201341983\":0,\"335559739\":160,\"335559740\":240}\"> <\/span><\/p>\n<p><span data-contrast=\"auto\">Kunden\/G\u00e4ste, die sich nicht an diese Vorschriften halten, k\u00f6nnen von den Mitarbeitern des Gr\u00e4nna G\u00e4stplats des Gel\u00e4ndes verwiesen werden.<\/span><span data-ccp-props=\"{\"134233117\":true,\"134233118\":true,\"201341983\":0,\"335559739\":160,\"335559740\":240}\"> <\/span><\/p>\n<p><b><span data-contrast=\"auto\">Buchung und Bezahlung f\u00fcr Privatpersonen<\/span><\/b><span data-ccp-props=\"{\"134233117\":true,\"134233118\":true,\"201341983\":0,\"335559739\":160,\"335559740\":240}\"> <\/span><\/p>\n<p><span data-contrast=\"auto\">Um einen Stellplatz auf der Website &#8221; https:\/\/grannagastplats.se&#8221; zu buchen und zu bezahlen, muss der Kunde mindestens 18 Jahre alt sein. Zur Zahlung der Geb\u00fchr ist eine Bankkarte (VISA oder Mastercard) oder (BankId und Swish) erforderlich.<\/span><span data-ccp-props=\"{\"134233117\":true,\"134233118\":true,\"201341983\":0,\"335559739\":160,\"335559740\":240}\"> <\/span><\/p>\n<p><b><span data-contrast=\"auto\">Einen Sitzplatz buchen<\/span><\/b><span data-ccp-props=\"{\"134233117\":true,\"134233118\":true,\"201341983\":0,\"335559739\":160,\"335559740\":240}\"> <\/span><\/p>\n<p><span data-contrast=\"auto\">Im Preis inbegriffen sind die Stellplatzmiete, die Buchungsgeb\u00fchr und der Anschluss (einschlie\u00dflich Verbrauch) von Strom (16A) und die Nutzung der Serviceeinrichtung.<\/span><span data-ccp-props=\"{\"134233117\":true,\"134233118\":true,\"201341983\":0,\"335559739\":160,\"335559740\":240}\"> <\/span><\/p>\n<p><b><span data-contrast=\"auto\">Alle Pl\u00e4tze sind von 13:00 bis 12:00 Uhr belegt.<\/span><\/b><span data-ccp-props=\"{\"134233117\":true,\"134233118\":true,\"201341983\":0,\"335559739\":160,\"335559740\":240}\"> <\/span><\/p>\n<p><b><span data-contrast=\"auto\">Zahlung\/Buchungsbest\u00e4tigung<\/span><\/b><span data-ccp-props=\"{\"134233117\":true,\"134233118\":true,\"201341983\":0,\"335559739\":160,\"335559740\":240}\"> <\/span><\/p>\n<p><span data-contrast=\"auto\">Die Zahlung erfolgt direkt zum Zeitpunkt der Buchung.<\/span><span data-ccp-props=\"{\"134233117\":true,\"134233118\":true,\"201341983\":0,\"335559739\":160,\"335559740\":240}\"> <\/span><\/p>\n<p><span data-contrast=\"auto\">Nach Erhalt der Buchungsbest\u00e4tigung muss diese auf die Richtigkeit aller Angaben \u00fcberpr\u00fcft werden. Es liegt in der Verantwortung des Kunden\/Bestellers, sicherzustellen, dass die Angaben auf der Buchungsbest\u00e4tigung korrekt sind. Die Buchungsbest\u00e4tigung wird per E-Mail verschickt. Im Falle eines Fehlers sollte Gr\u00e4nna Hamnkrog Park AB innerhalb von 7 Tagen nach Erhalt der Best\u00e4tigung, sp\u00e4testens jedoch 24 Stunden vor der Ankunft, kontaktiert werden.<\/span><span data-ccp-props=\"{\"134233117\":true,\"134233118\":true,\"201341983\":0,\"335559739\":160,\"335559740\":240}\"> <\/span><\/p>\n<p><b><span data-contrast=\"auto\">Stornierung eines gebuchten Platzes<\/span><\/b><span data-ccp-props=\"{\"134233117\":true,\"134233118\":true,\"201341983\":0,\"335559739\":160,\"335559740\":240}\"> <\/span><\/p>\n<p><span data-contrast=\"auto\">Die Stornierung kann nur per E-Mail an info@gastplatsgranna.se erfolgen. Die Stornierung muss mindestens 48 Stunden vor Beginn der Reservierung erfolgen. Im Falle einer sp\u00e4teren Stornierung wird die Geb\u00fchr nicht zur\u00fcckerstattet.<\/span><span data-ccp-props=\"{\"134233117\":true,\"134233118\":true,\"201341983\":0,\"335559739\":160,\"335559740\":240}\"> <\/span><\/p>\n<p><b><span data-contrast=\"auto\">Haftung f\u00fcr Eigentum\/Sch\u00e4den<\/span><\/b><span data-ccp-props=\"{\"134233117\":true,\"134233118\":true,\"201341983\":0,\"335559739\":160,\"335559740\":240}\"> <\/span><\/p>\n<p><span data-contrast=\"auto\">Gr\u00e4nna Hamnkrog Park AB Pub &amp; Restaurang AB ist nicht verantwortlich f\u00fcr vergessene Gegenst\u00e4nde.<\/span><span data-ccp-props=\"{\"134233117\":true,\"134233118\":true,\"201341983\":0,\"335559739\":160,\"335559740\":240}\"> <\/span><\/p>\n<p><span data-contrast=\"auto\">Gr\u00e4nna Hamnkrog Park AB haftet nicht f\u00fcr Sch\u00e4den, die von Dritten verursacht werden.<\/span><span data-ccp-props=\"{\"134233117\":true,\"134233118\":true,\"201341983\":0,\"335559739\":160,\"335559740\":240}\"> <\/span><\/p>\n<p><span data-contrast=\"auto\">Sonstige Verpflichtungen und Verhaltensregeln<\/span><span data-ccp-props=\"{\"134233117\":true,\"134233118\":true,\"201341983\":0,\"335559739\":160,\"335559740\":240}\"> <\/span><\/p>\n<p><span data-contrast=\"auto\">Der Kunde\/Gast ist verpflichtet, das Gel\u00e4nde und die Einrichtungen pfleglich zu behandeln und die geltenden Ordnungsvorschriften, Anweisungen und Regelungen einzuhalten.<\/span><span data-ccp-props=\"{\"134233117\":true,\"134233118\":true,\"201341983\":0,\"335559739\":160,\"335559740\":240}\"> <\/span><\/p>\n<p><span data-contrast=\"auto\">Zwischen 22:00 und 08:00 Uhr m\u00fcssen sich die Kunden\/G\u00e4ste r\u00fccksichtsvoll und leise gegen\u00fcber anderen G\u00e4sten verhalten.<\/span><span data-ccp-props=\"{\"134233117\":true,\"134233118\":true,\"201341983\":0,\"335559739\":160,\"335559740\":240}\"> <\/span><\/p>\n<p><span data-contrast=\"auto\">Es d\u00fcrfen nur Grills verwendet werden. Bedenken Sie die Brandgefahr, \u00fcberpr\u00fcfen Sie Ihre Feuerl\u00f6schausr\u00fcstung.<\/span><span data-ccp-props=\"{\"134233117\":true,\"134233118\":true,\"201341983\":0,\"335559739\":160,\"335559740\":240}\"> <\/span><\/p>\n<p><span data-contrast=\"auto\">Jede Steckdose hat eine Stromst\u00e4rke von 16 Ampere, was bedeutet, dass sie nur zum Aufladen genutzt werden kann. Bei \u00dcberziehungen besteht die Gefahr, dass unser Stromnetz ganz oder teilweise zusammenbricht. Bei offensichtlicher Fehlbedienung behalten wir uns vor, die Reparaturkosten in Rechnung zu stellen. Eine Steckdose pro Auto.<\/span><span data-ccp-props=\"{\"134233117\":true,\"134233118\":true,\"201341983\":0,\"335559739\":160,\"335559740\":240}\"> <\/span><\/p>\n<p><span data-contrast=\"auto\">Haustiere sollten an der Leine oder in einem K\u00e4fig gehalten werden.<\/span><span data-ccp-props=\"{\"134233117\":true,\"134233118\":true,\"201341983\":0,\"335559739\":160,\"335559740\":240}\"> <\/span><\/p>\n<p><span data-contrast=\"auto\">Umweltabf\u00e4lle m\u00fcssen in einem Umweltzentrum deponiert werden. Der M\u00fcll muss in die daf\u00fcr vorgesehenen M\u00fclleimer geworfen werden. Andere Abf\u00e4lle d\u00fcrfen nicht in den Bereich gesp\u00fclt oder geworfen werden.<\/span><span data-ccp-props=\"{\"134233117\":true,\"134233118\":true,\"201341983\":0,\"335559739\":160,\"335559740\":240}\"> <\/span><\/p>\n<p><span data-contrast=\"auto\">Die Zahlung der Geb\u00fchr erfolgt online.<\/span><span data-ccp-props=\"{\"134233117\":true,\"134233118\":true,\"201341983\":0,\"335559739\":160,\"335559740\":240}\"> <\/span><\/p>\n<p><span data-contrast=\"auto\">Das Trinkwasser darf nicht zum Waschen von Fahrzeugen verwendet werden.<\/span><span data-ccp-props=\"{\"134233117\":true,\"134233118\":true,\"201341983\":0,\"335559739\":160,\"335559740\":240}\"> <\/span><\/p>\n<p><b><span data-contrast=\"auto\">Die Verwendung von personenbezogenen Daten  <\/span><\/b><span data-ccp-props=\"{\"134233117\":true,\"134233118\":true,\"201341983\":0,\"335559739\":160,\"335559740\":240}\"> <\/span><\/p>\n<p><span data-contrast=\"auto\">Durch die Nutzung dieser Website erkl\u00e4ren Sie sich auch mit den Datenschutzbestimmungen von Gr\u00e4nna Hamnkrog Park AB einverstanden.<\/span><span data-ccp-props=\"{\"134233117\":true,\"134233118\":true,\"201341983\":0,\"335559739\":160,\"335559740\":240}\"> <\/span><\/p>\n<p><b><span data-contrast=\"auto\">Vertragsbruch<\/span><\/b><span data-ccp-props=\"{\"134233117\":true,\"134233118\":true,\"201341983\":0,\"335559739\":160,\"335559740\":240}\"> <\/span><\/p>\n<p><span data-contrast=\"auto\">Dies ist ein Vertrag zwischen dem Kunden (Auftraggeber) und Gr\u00e4nna Hamnkrog Park AB. Die Vereinbarung wird mit sofortiger Wirkung beendet, wenn:<\/span><span data-ccp-props=\"{\"134233117\":true,\"134233118\":true,\"201341983\":0,\"335559739\":160,\"335559740\":240}\"> <\/span><\/p>\n<ul>\n<li data-leveltext=\"\uf0b7\" data-font=\"Symbol\" data-listid=\"1\" aria-setsize=\"-1\" data-aria-posinset=\"1\" data-aria-level=\"1\"><span data-contrast=\"auto\">Die Bedingungen dieses Dokuments sind nicht erf\u00fcllt.<\/span><span data-ccp-props=\"{\"134233117\":true,\"134233118\":true,\"201341983\":0,\"335559739\":160,\"335559740\":240}\"> <\/span><\/li>\n<li data-leveltext=\"\uf0b7\" data-font=\"Symbol\" data-listid=\"1\" aria-setsize=\"-1\" data-aria-posinset=\"2\" data-aria-level=\"1\"><span data-contrast=\"auto\">Der Kunde\/die G\u00e4ste der Party verhalten sich in der Umgebung st\u00f6rend.<\/span><span data-ccp-props=\"{\"134233117\":true,\"134233118\":true,\"201341983\":0,\"335559739\":160,\"335559740\":240}\"> <\/span><\/li>\n<li data-leveltext=\"\uf0b7\" data-font=\"Symbol\" data-listid=\"1\" aria-setsize=\"-1\" data-aria-posinset=\"3\" data-aria-level=\"1\"><span data-contrast=\"auto\">Die Kunden\/G\u00e4ste der Party begehen Vandalismus in der Umgebung.<\/span><span data-ccp-props=\"{\"134233117\":true,\"134233118\":true,\"201341983\":0,\"335559739\":160,\"335559740\":240}\"> <\/span><\/li>\n<\/ul>\n<p><span data-contrast=\"auto\">Im Falle eines Vertragsbruchs m\u00fcssen die Kunden\/G\u00e4ste der Party das Gel\u00e4nde sofort verlassen. Bei Zerst\u00f6rung oder st\u00f6rendem Verhalten k\u00f6nnen Schadensersatzanspr\u00fcche an den Lieferanten gestellt werden.<\/span><span data-ccp-props=\"{\"134233117\":true,\"134233118\":true,\"201341983\":0,\"335559739\":160,\"335559740\":240}\"> <\/span><\/p>\n<p><b><span data-contrast=\"auto\">H\u00f6here Gewalt<\/span><\/b><span data-ccp-props=\"{\"134233117\":true,\"134233118\":true,\"201341983\":0,\"335559739\":160,\"335559740\":240}\"> <\/span><\/p>\n<p><span data-contrast=\"auto\">Im Falle von Krieg, Naturkatastrophen, Streiks, Pandemien und anderen Ereignissen, die als h\u00f6here Gewalt gelten, kann Gr\u00e4nna Hamnkrog Park AB den Vertrag k\u00fcndigen, wobei der Kunde und die G\u00e4ste so schnell wie m\u00f6glich zu informieren sind. In diesem Fall ist Gr\u00e4nna Hamnkrog Park AB verpflichtet, den gezahlten Betrag zur\u00fcckzuerstatten, mit Ausnahme des Nutzens der Website.<\/span><span data-ccp-props=\"{\"134233117\":true,\"134233118\":true,\"201341983\":0,\"335559739\":160,\"335559740\":240}\"> <\/span><\/p>\n<p><span data-ccp-props=\"{\"201341983\":0,\"335559739\":160,\"335559740\":240}\"> <\/span><\/p>\n<p><span data-contrast=\"auto\">Gr\u00e4nna Hamnkrog Park AB. Org.nr: 556356-8913<\/span><\/p>\n<p>E-Mail: info@gastplatsgranna.se<span data-ccp-props=\"{\"134233117\":true,\"134233118\":true,\"201341983\":0,\"335559739\":160,\"335559740\":240}\"><\/span><\/p>\n<p><span data-ccp-props=\"{\"134233117\":true,\"134233118\":true,\"201341983\":0,\"335559739\":160,\"335559740\":240}\">Brahegatan 35 B<br \/>563 32 Gr\u00e4nna  <\/span><\/p>\n<p>[\/et_pb_text][\/et_pb_column][\/et_pb_row][\/et_pb_section]<\/p>\n","protected":false},"excerpt":{"rendered":"<p>Bedingungen f\u00fcr den KaufBedingungen f\u00fcr die Buchung und Bezahlung eines Wohnmobilstellplatzes im G\u00e4stehaus Gr\u00e4nna. Diese Bedingungen gelten zwischen Gr\u00e4nna Hamnkrog Park AB und denjenigen, die einen Stellplatz im G\u00e4stehaus Gr\u00e4nna buchen\/bezahlen. Der K\u00e4ufer\/Zahler wird in den Allgemeinen Gesch\u00e4ftsbedingungen als &#8220;Kunde&#8221; bezeichnet. Der Lieferant wird als &#8220;Gr\u00e4nna Hamnkrog Park AB&#8221;, &#8220;Wir&#8221; oder &#8220;Gr\u00e4nna G\u00e4stplats&#8221; bezeichnet. Die [&hellip;]<\/p>\n","protected":false},"author":13,"featured_media":0,"parent":0,"menu_order":0,"comment_status":"closed","ping_status":"closed","template":"","meta":{"_acf_changed":false,"_et_pb_use_builder":"on","_et_pb_old_content":"","_et_gb_content_width":"","footnotes":""},"class_list":["post-30711","page","type-page","status-publish","hentry"],"acf":[],"publishpress_future_action":{"enabled":false,"date":"2026-04-15 19:21:11","action":"change-status","newStatus":"draft","terms":[],"taxonomy":"translation_priority","extraData":[]},"publishpress_future_workflow_manual_trigger":{"enabledWorkflows":[]},"_links":{"self":[{"href":"https:\/\/gastplatsgranna.se\/de\/wp-json\/wp\/v2\/pages\/30711","targetHints":{"allow":["GET"]}}],"collection":[{"href":"https:\/\/gastplatsgranna.se\/de\/wp-json\/wp\/v2\/pages"}],"about":[{"href":"https:\/\/gastplatsgranna.se\/de\/wp-json\/wp\/v2\/types\/page"}],"author":[{"embeddable":true,"href":"https:\/\/gastplatsgranna.se\/de\/wp-json\/wp\/v2\/users\/13"}],"replies":[{"embeddable":true,"href":"https:\/\/gastplatsgranna.se\/de\/wp-json\/wp\/v2\/comments?post=30711"}],"version-history":[{"count":0,"href":"https:\/\/gastplatsgranna.se\/de\/wp-json\/wp\/v2\/pages\/30711\/revisions"}],"wp:attachment":[{"href":"https:\/\/gastplatsgranna.se\/de\/wp-json\/wp\/v2\/media?parent=30711"}],"curies":[{"name":"wp","href":"https:\/\/api.w.org\/{rel}","templated":true}]}}