{"id":30696,"date":"2022-05-13T07:46:08","date_gmt":"2022-05-13T07:46:08","guid":{"rendered":"https:\/\/gastplatsgranna.se\/datenschutzbestimmungen\/"},"modified":"2023-05-22T10:59:16","modified_gmt":"2023-05-22T10:59:16","slug":"datenschutzbestimmungen","status":"publish","type":"page","link":"https:\/\/gastplatsgranna.se\/de\/datenschutzbestimmungen\/","title":{"rendered":"Datenschutzbestimmungen"},"content":{"rendered":"<p>[et_pb_section fb_built=&#8221;1&#8243; _builder_version=&#8221;4.16&#8243; _module_preset=&#8221;default&#8221; global_colors_info=&#8221;{}&#8221; theme_builder_area=&#8221;post_content&#8221;][et_pb_row _builder_version=&#8221;4.16&#8243; _module_preset=&#8221;default&#8221; custom_margin=&#8221;50px||50px||true|false&#8221; border_width_top=&#8221;2px&#8221; border_color_top=&#8221;#689368&#8243; border_width_bottom=&#8221;2px&#8221; border_color_bottom=&#8221;#689368&#8243; global_colors_info=&#8221;{}&#8221; theme_builder_area=&#8221;post_content&#8221;][et_pb_column type=&#8221;4_4&#8243; _builder_version=&#8221;4.16&#8243; _module_preset=&#8221;default&#8221; global_colors_info=&#8221;{}&#8221; theme_builder_area=&#8221;post_content&#8221;][et_pb_text _builder_version=&#8221;4.17.3&#8243; _module_preset=&#8221;default&#8221; hover_enabled=&#8221;0&#8243; global_colors_info=&#8221;{}&#8221; theme_builder_area=&#8221;post_content&#8221; sticky_enabled=&#8221;0&#8243;]<\/p>\n<h2 style=\"text-align: center;\">Datenschutzbestimmungen<\/h2>\n<p>[\/et_pb_text][et_pb_text _builder_version=&#8221;4.17.3&#8243; _module_preset=&#8221;default&#8221; text_font_size=&#8221;16px&#8221; hover_enabled=&#8221;0&#8243; global_colors_info=&#8221;{}&#8221; theme_builder_area=&#8221;post_content&#8221; sticky_enabled=&#8221;0&#8243;]<\/p>\n<p><strong>A. Einleitung<\/strong><\/p>\n<ol>\n<li>Die Privatsph\u00e4re unserer Website-Besucher ist uns sehr wichtig und wir verpflichten uns, sie zu sch\u00fctzen. In dieser Richtlinie wird erl\u00e4utert, wie wir mit Ihren personenbezogenen Daten umgehen.<\/li>\n<li>Indem Sie bei Ihrem ersten Besuch unserer Website der Verwendung von Cookies gem\u00e4\u00df den Bedingungen dieser Richtlinie zustimmen, erm\u00e4chtigen Sie uns, bei jedem weiteren Besuch unserer Website Cookies zu verwenden.<\/li>\n<\/ol>\n<p><strong>B. Erhebung von personenbezogenen Daten<\/strong><\/p>\n<p>Die folgenden Arten von personenbezogenen Daten k\u00f6nnen gesammelt, gespeichert und verwendet werden:<\/p>\n<ol>\n<li>Informationen \u00fcber Ihren Computer, einschlie\u00dflich IP-Adresse, geografischer Standort, Browsertyp und -version sowie Betriebssystem;<\/li>\n<li>Informationen \u00fcber Ihre Besuche auf dieser Website und deren Nutzung, einschlie\u00dflich der Verweisquelle, der Dauer des Besuchs, der Seitenaufrufe und der Navigationspfade auf der Website;<\/li>\n<li>Informationen, die Sie bei der Registrierung auf unserer Website angeben, wie z. B. Ihre E-Mail-Adresse;<\/li>\n<li>Informationen, die Sie bei der Erstellung eines Profils auf unserer Website angeben, z. B. Ihren Namen, Ihr Geschlecht, Ihren Beziehungsstatus, Ihren Geburtstag, Profilbilder, Interessen, Hobbys, Ausbildungs- und Besch\u00e4ftigungsdaten;<\/li>\n<li>Informationen, die Sie angeben, um unsere E-Mails und\/oder Newsletter zu abonnieren, wie z. B. Ihren Namen und Ihre E-Mail-Adresse;<\/li>\n<li>Informationen, die Sie bei der Nutzung der Dienste unserer Website angeben;<\/li>\n<li>Informationen, die bei der Nutzung unserer Website generiert werden, einschlie\u00dflich der Frage, wann, wie oft und unter welchen Umst\u00e4nden Sie sie nutzen;<\/li>\n<li>Informationen zu den von Ihnen gekauften Produkten, den von Ihnen in Anspruch genommenen Dienstleistungen oder den von Ihnen \u00fcber unsere Website get\u00e4tigten Transaktionen, einschlie\u00dflich Ihres Namens, Ihrer Telefonnummer, Ihrer Adresse, Ihrer E-Mail-Adresse und Ihrer Kreditkartendaten;<\/li>\n<li>Informationen, die Sie auf unserer Website mit der Absicht der Ver\u00f6ffentlichung im Internet einstellen, einschlie\u00dflich Ihres Benutzernamens, Ihrer Profilbilder und des Inhalts Ihrer Beitr\u00e4ge;<\/li>\n<li>Informationen in jeder Kommunikation, die Sie uns per E-Mail oder \u00fcber unsere Website senden, einschlie\u00dflich deren Inhalt und Metadaten;<\/li>\n<li>alle anderen pers\u00f6nlichen Informationen, die Sie uns \u00fcbermitteln.<\/li>\n<\/ol>\n<p>Bevor Sie die personenbezogenen Daten einer anderen Person an uns weitergeben, ben\u00f6tigen Sie die Zustimmung dieser Person, damit die personenbezogenen Daten in \u00dcbereinstimmung mit dieser Richtlinie weitergegeben und verarbeitet werden k\u00f6nnen.<\/p>\n<p><strong>C. Verwendung Ihrer pers\u00f6nlichen Daten<\/strong><\/p>\n<p>Personenbezogene Daten, die uns \u00fcber unsere Website \u00fcbermittelt werden, werden f\u00fcr die in dieser Richtlinie oder auf den entsprechenden Seiten der Website genannten Zwecke verwendet. Wir k\u00f6nnen Ihre personenbezogenen Daten f\u00fcr folgende Zwecke verwenden:<\/p>\n<ol>\n<li>zur Verwaltung unserer Website und unserer Aktivit\u00e4ten;<\/li>\n<li>um unsere Website f\u00fcr Sie anzupassen;<\/li>\n<li>um Ihnen die Nutzung der auf unserer Website angebotenen Dienste zu erm\u00f6glichen;<\/li>\n<li>um Ihnen Waren zuzusenden, die Sie \u00fcber unsere Website gekauft haben;<\/li>\n<li>um die \u00fcber unsere Website erworbenen Dienstleistungen zu erbringen;<\/li>\n<li>die \u00dcbersendung von Kontoausz\u00fcgen, Rechnungen und Zahlungserinnerungen an Sie und die Einziehung von Zahlungen von Ihnen;<\/li>\n<li>Versendung von kommerziellen Mitteilungen, die nicht zu Marketingzwecken dienen;<\/li>\n<li>um E-Mails zu versenden, die Sie ausdr\u00fccklich angefordert haben;<\/li>\n<li>um Ihnen unseren Newsletter per E-Mail zuzusenden, wenn Sie ihn angefordert haben (Sie k\u00f6nnen uns jederzeit mitteilen, wenn Sie den Newsletter nicht mehr ben\u00f6tigen);<\/li>\n<li>um Ihnen Marketingmitteilungen in Bezug auf unser Gesch\u00e4ft oder das Gesch\u00e4ft sorgf\u00e4ltig ausgew\u00e4hlter Dritter, die unserer Meinung nach f\u00fcr Sie von Interesse sein k\u00f6nnten, per Post oder, sofern Sie dem ausdr\u00fccklich zugestimmt haben, per E-Mail oder mit \u00e4hnlichen Technologien zuzusenden (Sie k\u00f6nnen uns jederzeit mitteilen, wenn Sie keine Marketingmitteilungen mehr w\u00fcnschen);<\/li>\n<li>um Dritten statistische Informationen \u00fcber unsere Nutzer zur Verf\u00fcgung zu stellen (diese Dritten sind jedoch nicht in der Lage, anhand dieser Informationen einen einzelnen Nutzer zu identifizieren);<\/li>\n<li>zur Bearbeitung von Anfragen und Beschwerden von oder \u00fcber Sie bez\u00fcglich unserer Website;<\/li>\n<li>um unsere Website sicher zu halten und Betrug zu verhindern;<\/li>\n<li>um Ihre Zustimmung zu den Nutzungsbedingungen unserer Website zu best\u00e4tigen (einschlie\u00dflich der \u00dcberwachung privater Nachrichten, die \u00fcber den privaten Nachrichtendienst unserer Website gesendet werden); und<\/li>\n<li>andere Verwendungen.<\/li>\n<\/ol>\n<p>Wenn Sie uns personenbezogene Daten zur Ver\u00f6ffentlichung auf unserer Website \u00fcbermitteln, werden wir diese Daten gem\u00e4\u00df der von Ihnen erteilten Genehmigung ver\u00f6ffentlichen und anderweitig verwenden.<\/p>\n<p>Mit Ihren Datenschutzeinstellungen k\u00f6nnen Sie die Ver\u00f6ffentlichung Ihrer Daten auf unserer Website einschr\u00e4nken und diese \u00fcber die Datenschutzkontrollen der Website anpassen.<\/p>\n<p>Ohne Ihre ausdr\u00fcckliche Zustimmung werden wir Ihre pers\u00f6nlichen Daten nicht an Dritte f\u00fcr deren Direktmarketing oder das eines anderen Dritten weitergeben.<\/p>\n<p><strong>D. Offenlegung pers\u00f6nlicher Informationen<\/strong><\/p>\n<p>Wir k\u00f6nnen Ihre pers\u00f6nlichen Daten an unsere Mitarbeiter, Direktoren, Versicherer, professionellen Berater, Agenten, Lieferanten oder Subunternehmer weitergeben, wenn dies f\u00fcr die in dieser Richtlinie dargelegten Zwecke erforderlich ist.<\/p>\n<p>Wir k\u00f6nnen Ihre pers\u00f6nlichen Daten an jedes Mitglied unserer Unternehmensgruppe (d. h. unsere Tochtergesellschaften, unsere Holdinggesellschaft und alle verbundenen Unternehmen) weitergeben, soweit dies f\u00fcr die in dieser Richtlinie genannten Zwecke erforderlich ist.<\/p>\n<p>Wir k\u00f6nnen Ihre pers\u00f6nlichen Daten weitergeben:<\/p>\n<ol>\n<li>soweit wir dazu gesetzlich verpflichtet sind;<\/li>\n<li>im Rahmen eines laufenden oder k\u00fcnftigen Gerichtsverfahrens;<\/li>\n<li>um unsere gesetzlichen Rechte zu begr\u00fcnden, auszu\u00fcben oder zu verteidigen (einschlie\u00dflich der Weitergabe von Informationen an Dritte zum Zwecke der Betrugsbek\u00e4mpfung und der Verringerung des Kreditrisikos);<\/li>\n<li>an den K\u00e4ufer (oder potenziellen K\u00e4ufer) eines Gesch\u00e4fts oder Verm\u00f6genswerts, den wir gerade verkaufen (oder dessen Verkauf wir in Erw\u00e4gung ziehen); und<\/li>\n<li>an jede Person, von der wir vern\u00fcnftigerweise annehmen, dass sie von einem Gericht oder einer anderen zust\u00e4ndigen Beh\u00f6rde verlangen kann, dass wir die personenbezogenen Daten offenlegen, wenn ein solches Gericht oder eine solche Beh\u00f6rde unserer Meinung nach vern\u00fcnftigerweise anordnen k\u00f6nnte, dass wir die personenbezogenen Daten offenlegen.<\/li>\n<\/ol>\n<p>Wir werden Ihre pers\u00f6nlichen Daten nicht an Dritte weitergeben, au\u00dfer in den in dieser Richtlinie genannten F\u00e4llen.<\/p>\n<p><strong>E. Internationale Daten\u00fcbermittlung<\/strong><\/p>\n<ol>\n<li>Die von uns erfassten Daten k\u00f6nnen in allen L\u00e4ndern, in denen wir t\u00e4tig sind, gespeichert, verarbeitet und zwischen diesen L\u00e4ndern \u00fcbertragen werden, damit wir die Daten in \u00dcbereinstimmung mit dieser Richtlinie verwenden k\u00f6nnen.<\/li>\n<li>Die von uns erfassten Daten k\u00f6nnen in die folgenden L\u00e4nder \u00fcbermittelt werden, deren Datenschutzgesetze nicht denen des Europ\u00e4ischen Wirtschaftsraums entsprechen: USA, Russland, Japan, China und Indien.<\/li>\n<li>Pers\u00f6nliche Informationen, die Sie auf unserer Website ver\u00f6ffentlichen oder zur Ver\u00f6ffentlichung auf unserer Website einreichen, k\u00f6nnen weltweit \u00fcber das Internet zug\u00e4nglich sein. Wir k\u00f6nnen nicht verhindern, dass sie von anderen genutzt oder missbraucht werden.<\/li>\n<li>Sie erkl\u00e4ren sich ausdr\u00fccklich mit der in diesem Abschnitt F beschriebenen \u00dcbermittlung personenbezogener Daten einverstanden.<\/li>\n<\/ol>\n<p><strong>F. Aufbewahrung von personenbezogenen Informationen<\/strong><\/p>\n<ol>\n<li>In diesem Abschnitt G werden unsere Richtlinien und Verfahren zur Datenaufbewahrung beschrieben, die sicherstellen sollen, dass wir unseren gesetzlichen Verpflichtungen zur Aufbewahrung und L\u00f6schung personenbezogener Daten nachkommen.<\/li>\n<li>Personenbezogene Daten, die wir f\u00fcr einen oder mehrere Zwecke verarbeiten, werden nicht l\u00e4nger aufbewahrt, als es f\u00fcr diesen Zweck oder diese Zwecke erforderlich ist.<\/li>\n<li>Unbeschadet des Artikels G-2 werden wir personenbezogene Daten, die unter die nachstehenden Kategorien fallen, in der Regel zu dem unten angegebenen Zeitpunkt l\u00f6schen:\n<ol type=\"a\">\n<li>die Art der personenbezogenen Daten wird gel\u00f6scht {DATUM\/ZEIT eingeben}; und<\/li>\n<li>{ZUS\u00c4TZLICHE DATEN\/ZEITEN FESTLEGEN}.<\/li>\n<\/ol>\n<\/li>\n<li>Ungeachtet der anderen Bestimmungen dieses Abschnitts G werden wir Dokumente (einschlie\u00dflich elektronischer Dokumente), die personenbezogene Daten enthalten, aufbewahren:\n<ol type=\"a\">\n<li>soweit wir dazu gesetzlich verpflichtet sind;<\/li>\n<li>wenn wir glauben, dass die Dokumente f\u00fcr laufende oder k\u00fcnftige Gerichtsverfahren relevant sein k\u00f6nnten; und<\/li>\n<li>um unsere gesetzlichen Rechte zu begr\u00fcnden, auszu\u00fcben oder zu verteidigen (einschlie\u00dflich der Weitergabe von Informationen an Dritte zum Zwecke der Betrugsbek\u00e4mpfung und der Verringerung des Kreditrisikos).<\/li>\n<\/ol>\n<\/li>\n<\/ol>\n<p><strong>G. Sicherheit Ihrer pers\u00f6nlichen Daten<\/strong><\/p>\n<ol>\n<li>Wir treffen angemessene technische und organisatorische Vorkehrungen, um den Verlust, den Missbrauch oder die Ver\u00e4nderung Ihrer pers\u00f6nlichen Daten zu verhindern.<\/li>\n<li>Wir speichern alle pers\u00f6nlichen Daten, die Sie uns zur Verf\u00fcgung stellen, auf unseren sicheren (durch Passwort und Firewall gesch\u00fctzten) Servern.<\/li>\n<li>Alle elektronischen Finanztransaktionen, die \u00fcber unsere Website get\u00e4tigt werden, sind durch Verschl\u00fcsselungstechnologie gesch\u00fctzt.<\/li>\n<li>Sie erkennen an, dass die \u00dcbertragung von Informationen \u00fcber das Internet von Natur aus unsicher ist, und wir k\u00f6nnen die Sicherheit der \u00fcber das Internet \u00fcbermittelten Daten nicht garantieren.<\/li>\n<li>Sie sind daf\u00fcr verantwortlich, das Passwort, das Sie f\u00fcr den Zugang zu unserer Website verwenden, geheim zu halten; wir werden Sie nicht nach Ihrem Passwort fragen (au\u00dfer wenn Sie sich auf unserer Website anmelden).<\/li>\n<\/ol>\n<p><strong>H. \u00c4nderungsantr\u00e4ge<\/strong><\/p>\n<p>Wir k\u00f6nnen diese Richtlinie von Zeit zu Zeit durch Ver\u00f6ffentlichung einer neuen Version auf unserer Website aktualisieren. Sie sollten diese Seite gelegentlich \u00fcberpr\u00fcfen, um sicherzustellen, dass Sie alle \u00c4nderungen an dieser Politik verstehen. Wir k\u00f6nnen Sie per E-Mail oder \u00fcber das private Nachrichtensystem unserer Website \u00fcber \u00c4nderungen an dieser Richtlinie informieren.<\/p>\n<p><strong>I. Ihre Rechte<\/strong><\/p>\n<p>Sie k\u00f6nnen uns auffordern, Ihnen alle personenbezogenen Daten, die wir \u00fcber Sie gespeichert haben, zur Verf\u00fcgung zu stellen; die Bereitstellung solcher Informationen unterliegt den folgenden Bedingungen:<\/p>\n<ol>\n<li>die Zahlung einer Geb\u00fchr {GEBEN SIE DIE GEB\u00dcHR EIN, WENN SIE RELEVANT IST}; und<\/li>\n<li>Vorlage eines geeigneten Identit\u00e4tsnachweises ({TEXT \u00c4NDERN, UM IHRE POLIZEI ANZUGEBEN, zu diesem Zweck akzeptieren wir in der Regel ein notariell beglaubigtes Foto Ihres Reisepasses sowie eine Kopie einer Rechnung eines Versorgungsunternehmens, aus der Ihre aktuelle Adresse hervorgeht}).<\/li>\n<\/ol>\n<p>Wir k\u00f6nnen die von Ihnen angeforderten personenbezogenen Daten zur\u00fcckhalten, soweit dies gesetzlich zul\u00e4ssig ist.<\/p>\n<p>Sie k\u00f6nnen uns jederzeit auffordern, Ihre personenbezogenen Daten nicht f\u00fcr Marketingzwecke zu verarbeiten.<\/p>\n<p>In der Praxis werden Sie in der Regel entweder ausdr\u00fccklich akzeptieren, dass wir Ihre personenbezogenen Daten f\u00fcr Marketingzwecke verwenden, oder wir werden Ihnen die M\u00f6glichkeit geben, der Verwendung Ihrer personenbezogenen Daten f\u00fcr Marketingzwecke zu widersprechen.<\/p>\n<p><strong>J. Websites von Dritten<\/strong><\/p>\n<p>Unsere Website enth\u00e4lt Hyperlinks zu und Angaben \u00fcber Websites von Dritten. Wir haben keine Kontrolle \u00fcber die Datenschutzrichtlinien und -praktiken Dritter und sind f\u00fcr diese nicht verantwortlich.<\/p>\n<p><strong>K. Aktualisierung von Informationen<\/strong><\/p>\n<p>Teilen Sie uns mit, wenn die pers\u00f6nlichen Daten, die wir \u00fcber Sie gespeichert haben, korrigiert oder aktualisiert werden m\u00fcssen.<\/p>\n<p><strong>L. Kakor<\/strong><\/p>\n<p>Unsere Website verwendet Cookies. Ein Cookie ist eine Datei, die eine Kennung (eine Folge von Buchstaben und Zahlen) enth\u00e4lt, die von einem Webserver an einen Browser gesendet und von diesem gespeichert wird. Die Kennung wird dann jedes Mal an den Server zur\u00fcckgeschickt, wenn der Browser eine Seite vom Server anfordert. Bei Cookies kann es sich entweder um &#8220;dauerhafte Cookies&#8221; oder um &#8220;Sitzungscookies&#8221; handeln: Ein dauerhafter Cookie wird von einem Browser gespeichert und bleibt bis zu dem angegebenen Ablaufdatum g\u00fcltig, sofern er nicht vom Nutzer vor dem Ablaufdatum gel\u00f6scht wird; ein Sitzungscookie hingegen l\u00e4uft am Ende der Nutzersitzung ab, wenn der Browser geschlossen wird. Cookies enthalten in der Regel keine Informationen, die einen Benutzer pers\u00f6nlich identifizieren, aber pers\u00f6nliche Informationen, die wir \u00fcber Sie speichern, k\u00f6nnen mit den in Cookies gespeicherten und von ihnen erhaltenen Informationen verkn\u00fcpft werden. {Wir verwenden auf unserer Website nur Sitzungscookies \/ nur dauerhafte Cookies \/ sowohl dauerhafte als auch Sitzungscookies}.<\/p>\n<ol>\n<li>Nachstehend finden Sie die Namen der Cookies, die wir auf unserer Website verwenden, und die Zwecke, f\u00fcr die sie eingesetzt werden:\n<ol type=\"a\">\n<li>Wir verwenden Google Analytics und Adwords auf unserer Website, um einen Computer zu erkennen, wenn ein Nutzer {ABSCHLUSS ALLER GEBRAUCHSBEREICHE F\u00dcR COOKIES AUF IHRER WEBSITE} die Website besucht \/ um Nutzer beim Surfen auf der Website zu verfolgen \/ um die Verwendung eines Warenkorbs auf der Website zu erm\u00f6glichen \/ um die Benutzerfreundlichkeit der Website zu verbessern \/ um die Nutzung der Website zu analysieren \/ um die Website zu verwalten \/ um Betrug vorzubeugen und die Sicherheit der Website zu verbessern \/ um die Website f\u00fcr jeden Nutzer individuell zu gestalten \/ um Werbung zu schalten, die f\u00fcr bestimmte Nutzer von besonderem Interesse sein k\u00f6nnte \/ um den\/die Zweck(e) zu beschreiben;<\/li>\n<\/ol>\n<\/li>\n<li>Bei den meisten Browsern k\u00f6nnen Sie die Annahme von Cookies verweigern &#8211; zum Beispiel:\n<ol type=\"a\">\n<li>Im Internet Explorer (Version 10) k\u00f6nnen Sie Cookies blockieren, indem Sie auf &#8220;Extras&#8221;, &#8220;Internetoptionen&#8221;, &#8220;Datenschutz&#8221; und dann auf &#8220;Erweitert&#8221; klicken, um die Cookie-Verwaltung au\u00dfer Kraft zu setzen;<\/li>\n<li>in Firefox (Version 24) k\u00f6nnen Sie alle Cookies blockieren, indem Sie auf &#8220;Extras&#8221;, &#8220;Einstellungen&#8221;, &#8220;Datenschutz und Sicherheit&#8221;, &#8220;Benutzerdefinierte Inhaltssperre&#8221; und dann auf &#8220;Alle Cookies&#8221; klicken; und<\/li>\n<li>In Chrome (Version 29) k\u00f6nnen Sie alle Cookies blockieren, indem Sie das Men\u00fc &#8220;Einstellungen&#8221; \u00f6ffnen und unter &#8220;Datenschutz und Sicherheit&#8221; auf &#8220;Website-Einstellungen&#8221; klicken und dann das H\u00e4kchen bei &#8220;Websites das Speichern und Lesen von Cookie-Daten erlauben&#8221; entfernen.<\/li>\n<\/ol>\n<\/li>\n<\/ol>\n<p>Das Blockieren aller Cookies hat negative Auswirkungen auf die Benutzerfreundlichkeit vieler Websites. Wenn Sie Cookies blockieren, k\u00f6nnen Sie nicht alle Funktionen unserer Website nutzen.<\/p>\n<ol start=\"3\">\n<li>Sie k\u00f6nnen Cookies l\u00f6schen, die bereits auf Ihrem Computer gespeichert wurden &#8211; zum Beispiel:\n<ol type=\"a\">\n<li><span> <\/span><span> <\/span>im Internet Explorer (Version 10) m\u00fcssen Sie Cookies manuell l\u00f6schen (eine Anleitung dazu finden Sie unter<a href=\"http:\/\/support.microsoft.com\/kb\/278835\">http:\/\/support.microsoft.com\/kb\/278835<\/a> );<\/li>\n<li>in Firefox (Version 24) k\u00f6nnen Sie Cookies l\u00f6schen, indem Sie auf &#8220;Extras&#8221;, &#8220;Einstellungen&#8221;, &#8220;Datenschutz und Sicherheit&#8221; klicken und dann unter &#8220;Cookies und Websitedaten&#8221; &#8220;Daten l\u00f6schen&#8221; ausw\u00e4hlen; und<\/li>\n<li>In Chrome (Version 29) k\u00f6nnen Sie alle Cookies l\u00f6schen, indem Sie das Men\u00fc &#8220;Einstellungen&#8221; \u00f6ffnen und unter &#8220;Datenschutz und Sicherheit&#8221; auf &#8220;Webinformationen l\u00f6schen&#8221; klicken.<\/li>\n<\/ol>\n<\/li>\n<li>Das Entfernen von Cookies wird sich negativ auf die Benutzerfreundlichkeit vieler Websites auswirken.<\/li>\n<\/ol>\n<p>[\/et_pb_text][\/et_pb_column][\/et_pb_row][\/et_pb_section]<\/p>\n","protected":false},"excerpt":{"rendered":"<p>DatenschutzbestimmungenA. Einleitung Die Privatsph\u00e4re unserer Website-Besucher ist uns sehr wichtig und wir verpflichten uns, sie zu sch\u00fctzen. In dieser Richtlinie wird erl\u00e4utert, wie wir mit Ihren personenbezogenen Daten umgehen. Indem Sie bei Ihrem ersten Besuch unserer Website der Verwendung von Cookies gem\u00e4\u00df den Bedingungen dieser Richtlinie zustimmen, erm\u00e4chtigen Sie uns, bei jedem weiteren Besuch unserer [&hellip;]<\/p>\n","protected":false},"author":13,"featured_media":0,"parent":0,"menu_order":0,"comment_status":"closed","ping_status":"closed","template":"","meta":{"_acf_changed":false,"_et_pb_use_builder":"on","_et_pb_old_content":"","_et_gb_content_width":"","footnotes":""},"class_list":["post-30696","page","type-page","status-publish","hentry"],"acf":[],"publishpress_future_action":{"enabled":false,"date":"2026-05-13 11:12:27","action":"change-status","newStatus":"draft","terms":[],"taxonomy":"translation_priority","extraData":[]},"publishpress_future_workflow_manual_trigger":{"enabledWorkflows":[]},"_links":{"self":[{"href":"https:\/\/gastplatsgranna.se\/de\/wp-json\/wp\/v2\/pages\/30696","targetHints":{"allow":["GET"]}}],"collection":[{"href":"https:\/\/gastplatsgranna.se\/de\/wp-json\/wp\/v2\/pages"}],"about":[{"href":"https:\/\/gastplatsgranna.se\/de\/wp-json\/wp\/v2\/types\/page"}],"author":[{"embeddable":true,"href":"https:\/\/gastplatsgranna.se\/de\/wp-json\/wp\/v2\/users\/13"}],"replies":[{"embeddable":true,"href":"https:\/\/gastplatsgranna.se\/de\/wp-json\/wp\/v2\/comments?post=30696"}],"version-history":[{"count":0,"href":"https:\/\/gastplatsgranna.se\/de\/wp-json\/wp\/v2\/pages\/30696\/revisions"}],"wp:attachment":[{"href":"https:\/\/gastplatsgranna.se\/de\/wp-json\/wp\/v2\/media?parent=30696"}],"curies":[{"name":"wp","href":"https:\/\/api.w.org\/{rel}","templated":true}]}}