{"id":30678,"date":"2022-03-16T10:31:55","date_gmt":"2022-03-16T10:31:55","guid":{"rendered":"https:\/\/gastplatsgranna.se\/handel-und-dienstleistungen\/"},"modified":"2025-05-28T13:26:37","modified_gmt":"2025-05-28T13:26:37","slug":"handel-und-dienstleistungen","status":"publish","type":"page","link":"https:\/\/gastplatsgranna.se\/de\/handel-und-dienstleistungen\/","title":{"rendered":"Handel und Dienstleistungen"},"content":{"rendered":"<p>[et_pb_section fb_built=&#8221;1&#8243; admin_label=&#8221;Blurb section #2&#8243; _builder_version=&#8221;4.16&#8243; _module_preset=&#8221;default&#8221; background_enable_color=&#8221;off&#8221; use_background_color_gradient=&#8221;on&#8221; background_color_gradient_direction=&#8221;90deg&#8221; background_color_gradient_stops=&#8221;#ffffff 50%|rgba(255,255,255,0) 50%&#8221; background_color_gradient_overlays_image=&#8221;on&#8221; background_color_gradient_start=&#8221;#ffffff&#8221; background_color_gradient_start_position=&#8221;50%&#8221; background_color_gradient_end=&#8221;rgba(255,255,255,0)&#8221; background_color_gradient_end_position=&#8221;50%&#8221; background_image=&#8221;https:\/\/gastplatsgranna.se\/wp-content\/uploads\/2022\/03\/PSX_20210526_070751-scaled.jpg&#8221; background_position=&#8221;bottom_right&#8221; custom_margin=&#8221;0px||0px||true|false&#8221; custom_padding=&#8221;0px||75px||false|false&#8221; background_last_edited=&#8221;on|phone&#8221; use_background_color_gradient_tablet=&#8221;on&#8221; background_color_gradient_stops_tablet=&#8221;#ffffff 50%|#d8dfe9 50%&#8221; background_color_gradient_end_tablet=&#8221;#d8dfe9&#8243; background_enable_image_tablet=&#8221;off&#8221; global_colors_info=&#8221;{}&#8221;][et_pb_row use_custom_gutter=&#8221;on&#8221; gutter_width=&#8221;2&#8243; admin_label=&#8221;Reihe&#8221; _builder_version=&#8221;4.16&#8243; _module_preset=&#8221;default&#8221; background_color=&#8221;#FFFFFF&#8221; global_colors_info=&#8221;{}&#8221;][et_pb_column type=&#8221;4_4&#8243; _builder_version=&#8221;4.16&#8243; _module_preset=&#8221;default&#8221; global_colors_info=&#8221;{}&#8221;][et_pb_text _builder_version=&#8221;4.16&#8243; _module_preset=&#8221;default&#8221; text_text_color=&#8221;#022831&#8243; header_text_color=&#8221;#000000&#8243; header_2_text_color=&#8221;#FFFFFF&#8221; header_2_font_size=&#8221;32px&#8221; background_color=&#8221;#B4D330&#8243; max_width=&#8221;35%&#8221; max_width_tablet=&#8221;85%&#8221; max_width_phone=&#8221;100%&#8221; max_width_last_edited=&#8221;on|phone&#8221; module_alignment=&#8221;center&#8221; custom_padding=&#8221;10px||||false|false&#8221; box_shadow_style=&#8221;preset4&#8243; global_colors_info=&#8221;{}&#8221;]<\/p>\n<h2 style=\"text-align: center;\"><span style=\"color: #000000;\">Handel und Dienstleistungen<\/span><\/h2>\n<p>[\/et_pb_text][et_pb_text _builder_version=&#8221;4.16&#8243; _module_preset=&#8221;default&#8221; text_font_size=&#8221;16px&#8221; custom_padding=&#8221;20px|20px|20px|20px|false|true&#8221; locked=&#8221;off&#8221; global_colors_info=&#8221;{}&#8221;]<\/p>\n<p style=\"padding-left: 80px;\"><span style=\"font-size: large;\">Gr\u00e4nna mit seinen kleinen Stra\u00dfen und malerischen Geb\u00e4uden bietet ein breites Spektrum an Einkaufsm\u00f6glichkeiten und Dienstleistungen.  <br \/><\/span><span style=\"font-size: large;\">Ica und Coop befinden sich im Zentrum von Gr\u00e4nna und verf\u00fcgen \u00fcber gute Parkm\u00f6glichkeiten und gro\u00dfz\u00fcgige \u00d6ffnungszeiten.  <br \/>Im Zentrum von Gr\u00e4nna befindet sich ein Spirituosengesch\u00e4ft mit einer guten Auswahl und fachkundigem Personal.  <br \/>Wenn Ihre F\u00fc\u00dfe und Beine m\u00fcde werden, k\u00f6nnen Sie in einem unserer fantastischen Caf\u00e9s oder Eisdielen einkehren.  <br \/>Ein Besuch bei einem der vielen Polkagris-Kocher ist ein Muss bei einem Besuch in Gr\u00e4nna.  <br \/>In Gr\u00e4nna gibt es auch mehrere Geschenk- und Souvenirl\u00e4den.  <br \/>Auf dem Weg hinunter zum Hafen gibt es eine Apotheke und ein medizinisches Zentrum.  <br \/>In Gr\u00e4nna gibt es mehrere Bekleidungsgesch\u00e4fte, sowohl Marken- als auch Outletgesch\u00e4fte.  <br \/>Wenn Ihr K\u00f6rper m\u00fcde ist und schmerzt, empfehlen wir Ihnen einen Besuch in einem der Massagesalons von Gr\u00e4nna.<\/span><\/p>\n<p style=\"text-align: center;\"><span style=\"font-size: large;\"><em>Klicken Sie auf die Bilder, um zur Website der jeweiligen Aktivit\u00e4t zu gelangen.<\/em><\/span><span style=\"font-size: large;\"><\/span><\/p>\n<p style=\"text-align: center;\"><span style=\"font-size: large;\"><\/span><\/p>\n<p>[\/et_pb_text][\/et_pb_column][\/et_pb_row][et_pb_row column_structure=&#8221;1_3,1_3,1_3&#8243; use_custom_gutter=&#8221;on&#8221; gutter_width=&#8221;2&#8243; admin_label=&#8221;Reihe&#8221; _builder_version=&#8221;4.16&#8243; _module_preset=&#8221;default&#8221; global_colors_info=&#8221;{}&#8221;][et_pb_column type=&#8221;1_3&#8243; _builder_version=&#8221;4.16&#8243; _module_preset=&#8221;default&#8221; global_colors_info=&#8221;{}&#8221;][et_pb_blurb title=&#8221;Gesundheitszentrum&#8221; image=&#8221;https:\/\/gastplatsgranna.se\/wp-content\/uploads\/2022\/03\/pexels-karolina-grabowska-4386467-scaled.jpg&#8221; image_icon_width=&#8221;100%&#8221; admin_label=&#8221;Section #2 Blurb #1&#8243; _builder_version=&#8221;4.16&#8243; _module_preset=&#8221;default&#8221; header_level=&#8221;h5&#8243; header_font=&#8221;|600|||||||&#8221; header_text_color=&#8221;#022831&#8243; header_font_size=&#8221;26px&#8221; body_text_color=&#8221;#04566E&#8221; body_font_size=&#8221;18px&#8221; background_color=&#8221;#FFFFFF&#8221; image_icon_custom_margin=&#8221;||||true|true&#8221; image_icon_custom_padding=&#8221;||||true|true&#8221; text_orientation=&#8221;center&#8221; custom_padding=&#8221;15px|15px|15px|15px|true|true&#8221; link_option_url=&#8221;https:\/\/www.rjl.se\/vardcentralernabraliv\/Vardcentraler\/Bra-liv-Granna-vardcentral\/&#8221; link_option_url_new_window=&#8221;on&#8221; box_shadow_style=&#8221;preset1&#8243; global_colors_info=&#8221;{}&#8221;]<\/p>\n<p><strong>Gutes Leben Gr\u00e4nna<\/strong><\/p>\n<p><span style=\"font-size: 18px;\"><span>Im medizinischen Zentrum Bra Liv Gr\u00e4nna behandeln wir Kinder ab 1 Jahr, Jugendliche und Erwachsene.  <\/span><\/span><\/p>\n<p><span style=\"font-size: 18px;\"><span>Wir konzentrieren uns auf die Bereitstellung einer zug\u00e4nglichen Versorgung mit Kontinuit\u00e4t und Qualit\u00e4t, die sich durch Sorgfalt und Umfassendheit auszeichnet.<\/span> <\/span><\/p>\n<p>[\/et_pb_blurb][\/et_pb_column][et_pb_column type=&#8221;1_3&#8243; _builder_version=&#8221;4.16&#8243; _module_preset=&#8221;default&#8221; global_colors_info=&#8221;{}&#8221;][et_pb_blurb title=&#8221;Apotheken&#8221; image=&#8221;https:\/\/gastplatsgranna.se\/wp-content\/uploads\/2022\/03\/pexels-monstera-5841745-scaled.jpg&#8221; image_icon_width=&#8221;100%&#8221; admin_label=&#8221;Section #2 Blurb #1&#8243; _builder_version=&#8221;4.16&#8243; _module_preset=&#8221;default&#8221; header_level=&#8221;h5&#8243; header_font=&#8221;|600|||||||&#8221; header_text_color=&#8221;#022831&#8243; header_font_size=&#8221;26px&#8221; body_text_color=&#8221;#04566E&#8221; body_font_size=&#8221;18px&#8221; background_color=&#8221;#FFFFFF&#8221; image_icon_custom_margin=&#8221;||||true|true&#8221; image_icon_custom_padding=&#8221;||||true|true&#8221; text_orientation=&#8221;center&#8221; custom_padding=&#8221;15px|15px|15px|15px|true|true&#8221; link_option_url=&#8221;https:\/\/www.kronansapotek.se\/hitta-apotek\/kronans-apotek-granna-vardcentral-0144\/&#8221; link_option_url_new_window=&#8221;on&#8221; box_shadow_style=&#8221;preset1&#8243; global_colors_info=&#8221;{}&#8221;]<\/p>\n<p><strong>Kronans Apotek Gr\u00e4nna<\/strong><\/p>\n<p><span>Willkommen bei uns in Kronans Apotek in Gr\u00e4nna! Wir beraten und unterst\u00fctzen Sie bei Fragen zu Ihrer Gesundheit, der Gesundheit Ihrer Familie oder Ihrer Haustiere.<\/span><\/p>\n<p><span>Hier k\u00f6nnen Sie Ihre verschreibungspflichtigen Medikamente abholen und erhalten professionelle Hilfe bei der Auswahl der richtigen Haut- und K\u00f6rperpflege.<\/span><\/p>\n<p>[\/et_pb_blurb][\/et_pb_column][et_pb_column type=&#8221;1_3&#8243; _builder_version=&#8221;4.16&#8243; _module_preset=&#8221;default&#8221; global_colors_info=&#8221;{}&#8221;][et_pb_blurb title=&#8221;\u00d6ffentliche zahn\u00e4rztliche Versorgung&#8221; image=&#8221;https:\/\/gastplatsgranna.se\/wp-content\/uploads\/2022\/03\/pexels-ann-zzz-8191884-scaled.jpg&#8221; image_icon_width=&#8221;100%&#8221; admin_label=&#8221;Section #2 Blurb #1&#8243; _builder_version=&#8221;4.16&#8243; _module_preset=&#8221;default&#8221; header_level=&#8221;h5&#8243; header_font=&#8221;|600|||||||&#8221; header_text_color=&#8221;#022831&#8243; header_font_size=&#8221;26px&#8221; body_text_color=&#8221;#04566E&#8221; body_font_size=&#8221;18px&#8221; background_color=&#8221;#FFFFFF&#8221; image_icon_custom_margin=&#8221;||||true|true&#8221; image_icon_custom_padding=&#8221;||||true|true&#8221; text_orientation=&#8221;center&#8221; custom_padding=&#8221;15px|15px|15px|15px|true|true&#8221; link_option_url=&#8221;https:\/\/www.rjl.se\/Folktandvarden\/Allmantandvard\/Granna-Folktandvard\/&#8221; link_option_url_new_window=&#8221;on&#8221; box_shadow_style=&#8221;preset1&#8243; global_colors_info=&#8221;{}&#8221;]<\/p>\n<p><strong>Gr\u00e4nna Folktandv\u00e5rd<\/strong><\/p>\n<p><span>Bei Gr\u00e4nna Folktandv\u00e5rd betreuen wir Kinder, Jugendliche und Erwachsene.  <\/span><\/p>\n<p><span>Wir helfen Ihnen bei allem, was mit Ihren Z\u00e4hnen und Ihrer Mundgesundheit zu tun hat, von einer einfachen Untersuchung bis hin zu fortgeschrittener Zahnpflege.<\/span><\/p>\n<p>[\/et_pb_blurb][\/et_pb_column][\/et_pb_row][et_pb_row column_structure=&#8221;1_3,1_3,1_3&#8243; use_custom_gutter=&#8221;on&#8221; gutter_width=&#8221;2&#8243; admin_label=&#8221;Reihe&#8221; _builder_version=&#8221;4.16&#8243; _module_preset=&#8221;default&#8221; global_colors_info=&#8221;{}&#8221;][et_pb_column type=&#8221;1_3&#8243; _builder_version=&#8221;4.16&#8243; _module_preset=&#8221;default&#8221; global_colors_info=&#8221;{}&#8221;][et_pb_blurb title=&#8221;Gr\u00e4nna Privater Zahnarzt&#8221; image=&#8221;https:\/\/gastplatsgranna.se\/wp-content\/uploads\/2022\/03\/pexels-pietro-jeng-65055-scaled.jpg&#8221; image_icon_width=&#8221;100%&#8221; admin_label=&#8221;Section #2 Blurb #1&#8243; _builder_version=&#8221;4.16&#8243; _module_preset=&#8221;default&#8221; header_level=&#8221;h5&#8243; header_font=&#8221;|600|||||||&#8221; header_text_color=&#8221;#022831&#8243; header_font_size=&#8221;26px&#8221; body_text_color=&#8221;#04566E&#8221; body_font_size=&#8221;18px&#8221; background_color=&#8221;#FFFFFF&#8221; image_icon_custom_margin=&#8221;||||true|true&#8221; image_icon_custom_padding=&#8221;||||true|true&#8221; text_orientation=&#8221;center&#8221; custom_padding=&#8221;15px|15px|15px|15px|true|true&#8221; link_option_url=&#8221;https:\/\/gapab.se\/&#8221; link_option_url_new_window=&#8221;on&#8221; box_shadow_style=&#8221;preset1&#8243; global_colors_info=&#8221;{}&#8221;]<\/p>\n<p><strong>GAPAB<\/strong><\/p>\n<p><span>In unserer Klinik k\u00fcmmern wir uns um alle Probleme im Zusammenhang mit Ihrem Mund und Ihren Z\u00e4hnen. Unser Ziel ist es, die h\u00f6chste Qualit\u00e4t der zahn\u00e4rztlichen Versorgung zu bieten.  <\/span><\/p>\n<p><span>Auch die Herzen all jener, die Angst vor dem Zahnarzt haben, schlagen besonders hoch. Wir sind es gewohnt, sowohl Kindern als auch Erwachsenen mit Zahnarztangst zu helfen.  <\/span><\/p>\n<p>[\/et_pb_blurb][\/et_pb_column][et_pb_column type=&#8221;1_3&#8243; _builder_version=&#8221;4.16&#8243; _module_preset=&#8221;default&#8221; global_colors_info=&#8221;{}&#8221;][et_pb_blurb title=&#8221;Coop Gr\u00e4nna&#8221; image=&#8221;https:\/\/gastplatsgranna.se\/wp-content\/uploads\/2022\/03\/pexels-adonyi-gabor-1400172-scaled.jpg&#8221; image_icon_width=&#8221;100%&#8221; admin_label=&#8221;Section #2 Blurb #1&#8243; _builder_version=&#8221;4.16&#8243; _module_preset=&#8221;default&#8221; header_level=&#8221;h5&#8243; header_font=&#8221;|600|||||||&#8221; header_text_color=&#8221;#022831&#8243; header_font_size=&#8221;26px&#8221; body_text_color=&#8221;#04566E&#8221; body_font_size=&#8221;18px&#8221; background_color=&#8221;#FFFFFF&#8221; image_icon_custom_margin=&#8221;||||true|true&#8221; image_icon_custom_padding=&#8221;||||true|true&#8221; text_orientation=&#8221;center&#8221; custom_padding=&#8221;15px|15px|15px|15px|true|true&#8221; link_option_url=&#8221;https:\/\/www.coop.se\/butiker-erbjudanden\/coop\/coop-granna\/&#8221; link_option_url_new_window=&#8221;on&#8221; box_shadow_style=&#8221;preset1&#8243; global_colors_info=&#8221;{}&#8221;]<\/p>\n<p class=\"StoreSelector--headerDesktop--headlineSize u-textFamilySecondary u-marginBz u-marginRsm\"><strong>Die \u00d6ffnungszeiten<\/strong><\/p>\n<p>Montag bis Freitag: 06:00 &#8211; 23:00<\/p>\n<p>Samstag: 06:00 &#8211; 23:00<\/p>\n<p>Sonntag: 06:00 &#8211; 23:00<\/p>\n<p>[\/et_pb_blurb][\/et_pb_column][et_pb_column type=&#8221;1_3&#8243; _builder_version=&#8221;4.16&#8243; _module_preset=&#8221;default&#8221; global_colors_info=&#8221;{}&#8221;][et_pb_blurb title=&#8221;Ica N\u00e4ra Gr\u00e4nna&#8221; image=&#8221;https:\/\/gastplatsgranna.se\/wp-content\/uploads\/2022\/03\/pexels-angele-j-128402-scaled.jpg&#8221; image_icon_width=&#8221;100%&#8221; admin_label=&#8221;Section #2 Blurb #1&#8243; _builder_version=&#8221;4.16&#8243; _module_preset=&#8221;default&#8221; header_level=&#8221;h5&#8243; header_font=&#8221;|600|||||||&#8221; header_text_color=&#8221;#022831&#8243; header_font_size=&#8221;26px&#8221; body_text_color=&#8221;#04566E&#8221; body_font_size=&#8221;18px&#8221; background_color=&#8221;#FFFFFF&#8221; image_icon_custom_margin=&#8221;||||true|true&#8221; image_icon_custom_padding=&#8221;||||true|true&#8221; text_orientation=&#8221;center&#8221; custom_padding=&#8221;15px|15px|15px|15px|true|true&#8221; link_option_url=&#8221;https:\/\/www.ica.se\/butiker\/nara\/jonkoping\/ica-nara-granna-2368\/start\/&#8221; link_option_url_new_window=&#8221;on&#8221; box_shadow_style=&#8221;preset1&#8243; global_colors_info=&#8221;{}&#8221;]<\/p>\n<p><strong>Die \u00d6ffnungszeiten<\/strong><\/p>\n<p>Alle Tage<\/p>\n<p>08:00 &#8211; 22:00<\/p>\n<p>[\/et_pb_blurb][\/et_pb_column][\/et_pb_row][et_pb_row column_structure=&#8221;1_3,1_3,1_3&#8243; use_custom_gutter=&#8221;on&#8221; gutter_width=&#8221;2&#8243; admin_label=&#8221;Reihe&#8221; _builder_version=&#8221;4.16&#8243; _module_preset=&#8221;default&#8221; global_colors_info=&#8221;{}&#8221;][et_pb_column type=&#8221;1_3&#8243; _builder_version=&#8221;4.16&#8243; _module_preset=&#8221;default&#8221; global_colors_info=&#8221;{}&#8221;][et_pb_blurb title=&#8221;Damella AB&#8221; image=&#8221;https:\/\/gastplatsgranna.se\/wp-content\/uploads\/2022\/05\/Image-6_192_low.jpg&#8221; image_icon_width=&#8221;100%&#8221; admin_label=&#8221;Section #2 Blurb #1&#8243; _builder_version=&#8221;4.16&#8243; _module_preset=&#8221;default&#8221; header_level=&#8221;h5&#8243; header_font=&#8221;|600|||||||&#8221; header_text_color=&#8221;#022831&#8243; header_font_size=&#8221;26px&#8221; body_text_color=&#8221;#04566E&#8221; body_font_size=&#8221;18px&#8221; background_color=&#8221;#FFFFFF&#8221; image_icon_custom_margin=&#8221;||||true|true&#8221; image_icon_custom_padding=&#8221;||||true|true&#8221; text_orientation=&#8221;center&#8221; custom_padding=&#8221;15px|15px|15px|15px|true|true&#8221; link_option_url=&#8221;https:\/\/damella.se\/&#8221; link_option_url_new_window=&#8221;on&#8221; box_shadow_style=&#8221;preset1&#8243; global_colors_info=&#8221;{}&#8221;]<\/p>\n<p><em>Damella<\/em><span> ist einer der gr\u00f6\u00dften nordeurop\u00e4ischen Hersteller von Damenunterw\u00e4sche, Nachtw\u00e4sche, Bade- und Badem\u00e4nteln f\u00fcr Damen und Herren sowie Strand- und Freizeitkleidung.<\/span><\/p>\n<p><span>Sie finden uns in der Brahegatan gegen\u00fcber dem Marktplatz.<\/span><\/p>\n<p>[\/et_pb_blurb][\/et_pb_column][et_pb_column type=&#8221;1_3&#8243; _builder_version=&#8221;4.16&#8243; _module_preset=&#8221;default&#8221; global_colors_info=&#8221;{}&#8221;][et_pb_blurb title=&#8221;Countryline Schweden&#8221; image=&#8221;https:\/\/gastplatsgranna.se\/wp-content\/uploads\/2022\/05\/fruity-candy.jpeg&#8221; image_icon_width=&#8221;100%&#8221; admin_label=&#8221;Section #2 Blurb #1&#8243; _builder_version=&#8221;4.16&#8243; _module_preset=&#8221;default&#8221; header_level=&#8221;h5&#8243; header_font=&#8221;|600|||||||&#8221; header_text_color=&#8221;#022831&#8243; header_font_size=&#8221;26px&#8221; body_text_color=&#8221;#04566E&#8221; body_font_size=&#8221;18px&#8221; background_color=&#8221;#FFFFFF&#8221; image_icon_custom_margin=&#8221;||||true|true&#8221; image_icon_custom_padding=&#8221;||||true|true&#8221; text_orientation=&#8221;center&#8221; custom_padding=&#8221;15px|15px|15px|15px|true|true&#8221; link_option_url=&#8221;http:\/\/www.countryline.se\/&#8221; link_option_url_new_window=&#8221;on&#8221; box_shadow_style=&#8221;preset1&#8243; global_colors_info=&#8221;{}&#8221;]<\/p>\n<p class=\"StoreSelector--headerDesktop--headlineSize u-textFamilySecondary u-marginBz u-marginRsm\"><em><\/em><\/p>\n<p class=\"StoreSelector--headerDesktop--headlineSize u-textFamilySecondary u-marginBz u-marginRsm\"><em>Countryline<\/em><span> ist das Unternehmen, das Kleidungsst\u00fccke aus echten, luxuri\u00f6sen Naturmaterialien, haupts\u00e4chlich Leinen und Wolle, entwirft.<\/span><\/p>\n<p>[\/et_pb_blurb][\/et_pb_column][et_pb_column type=&#8221;1_3&#8243; _builder_version=&#8221;4.16&#8243; _module_preset=&#8221;default&#8221; global_colors_info=&#8221;{}&#8221;][et_pb_blurb title=&#8221;Pelle P&#8221; url=&#8221;https:\/\/www.pellepetterson.com\/sv-se\/&#8221; image=&#8221;https:\/\/gastplatsgranna.se\/wp-content\/uploads\/2022\/05\/pellep.jpg&#8221; image_icon_width=&#8221;100%&#8221; admin_label=&#8221;Section #2 Blurb #1&#8243; _builder_version=&#8221;4.24.2&#8243; _module_preset=&#8221;default&#8221; header_level=&#8221;h5&#8243; header_font=&#8221;|600|||||||&#8221; header_text_color=&#8221;#022831&#8243; header_font_size=&#8221;26px&#8221; body_text_color=&#8221;#04566E&#8221; body_font_size=&#8221;18px&#8221; background_color=&#8221;#FFFFFF&#8221; image_icon_custom_margin=&#8221;||||true|true&#8221; image_icon_custom_padding=&#8221;||||true|true&#8221; text_orientation=&#8221;center&#8221; custom_padding=&#8221;15px|15px|15px|15px|true|true&#8221; link_option_url=&#8221;https:\/\/www.pellepetterson.com\/sv-se\/&#8221; link_option_url_new_window=&#8221;on&#8221; hover_enabled=&#8221;0&#8243; box_shadow_style=&#8221;preset1&#8243; global_colors_info=&#8221;{}&#8221; url_new_window=&#8221;on&#8221; sticky_enabled=&#8221;0&#8243;]<\/p>\n<p><span><\/span><\/p>\n<p><span>Die Bekleidungskollektionen von Pelle P bestehen aus funktioneller Kleidung, die f\u00fcr harte Herausforderungen im Meer, in den Bergen und in der Stadt konzipiert ist.  <\/span><\/p>\n<p><span>Die Kollektionen sind von Pelle Pettersons Lebensstil und seinen Leistungen als Sportler inspiriert.<\/span><\/p>\n<p><span>Wir befinden uns gegen\u00fcber von Torger, in der Brahegatan.<\/span><\/p>\n<p>[\/et_pb_blurb][\/et_pb_column][\/et_pb_row][\/et_pb_section][et_pb_section fb_built=&#8221;1&#8243; _builder_version=&#8221;4.16&#8243; _module_preset=&#8221;default&#8221; global_colors_info=&#8221;{}&#8221;][\/et_pb_section]<\/p>\n","protected":false},"excerpt":{"rendered":"<p>Handel und DienstleistungenGr\u00e4nna mit seinen kleinen Stra\u00dfen und malerischen Geb\u00e4uden bietet ein breites Spektrum an Einkaufsm\u00f6glichkeiten und Dienstleistungen. Ica und Coop befinden sich im Zentrum von Gr\u00e4nna und verf\u00fcgen \u00fcber gute Parkm\u00f6glichkeiten und gro\u00dfz\u00fcgige \u00d6ffnungszeiten. Im Zentrum von Gr\u00e4nna befindet sich ein Spirituosengesch\u00e4ft mit einer guten Auswahl und fachkundigem Personal. Wenn Ihre F\u00fc\u00dfe und Beine [&hellip;]<\/p>\n","protected":false},"author":13,"featured_media":0,"parent":0,"menu_order":0,"comment_status":"closed","ping_status":"closed","template":"","meta":{"_acf_changed":false,"_et_pb_use_builder":"on","_et_pb_old_content":"","_et_gb_content_width":"","footnotes":""},"class_list":["post-30678","page","type-page","status-publish","hentry"],"acf":[],"publishpress_future_action":{"enabled":false,"date":"2026-04-24 19:41:46","action":"change-status","newStatus":"draft","terms":[],"taxonomy":"translation_priority","extraData":[]},"publishpress_future_workflow_manual_trigger":{"enabledWorkflows":[]},"_links":{"self":[{"href":"https:\/\/gastplatsgranna.se\/de\/wp-json\/wp\/v2\/pages\/30678","targetHints":{"allow":["GET"]}}],"collection":[{"href":"https:\/\/gastplatsgranna.se\/de\/wp-json\/wp\/v2\/pages"}],"about":[{"href":"https:\/\/gastplatsgranna.se\/de\/wp-json\/wp\/v2\/types\/page"}],"author":[{"embeddable":true,"href":"https:\/\/gastplatsgranna.se\/de\/wp-json\/wp\/v2\/users\/13"}],"replies":[{"embeddable":true,"href":"https:\/\/gastplatsgranna.se\/de\/wp-json\/wp\/v2\/comments?post=30678"}],"version-history":[{"count":3,"href":"https:\/\/gastplatsgranna.se\/de\/wp-json\/wp\/v2\/pages\/30678\/revisions"}],"predecessor-version":[{"id":44554,"href":"https:\/\/gastplatsgranna.se\/de\/wp-json\/wp\/v2\/pages\/30678\/revisions\/44554"}],"wp:attachment":[{"href":"https:\/\/gastplatsgranna.se\/de\/wp-json\/wp\/v2\/media?parent=30678"}],"curies":[{"name":"wp","href":"https:\/\/api.w.org\/{rel}","templated":true}]}}